{"id":266,"date":"2019-09-24T13:46:59","date_gmt":"2019-09-24T11:46:59","guid":{"rendered":"http:\/\/php71.nfinity-beta.pl\/us\/absolwent\/?page_id=266"},"modified":"2021-07-26T14:47:30","modified_gmt":"2021-07-26T12:47:30","slug":"gabriela-bazan-absolwentka-z-pasja-marca-2016-roku","status":"publish","type":"page","link":"https:\/\/us.edu.pl\/absolwent\/en\/gabriela-bazan-absolwentka-z-pasja-marca-2016-roku\/","title":{"rendered":"Gabriela Bazan: &#8220;A Graduate with a Passion&#8221; of the month (March 2014)"},"content":{"rendered":"<p>[vc_row][vc_column]\r\n                <div class=\"text-modules\">\r\n                    <div class=\"container\">\r\n                        <h3 class=\"page-title text__title\">Gabriela Bazan: ``A Graduate with a Passion`` of the month (March 2014)<\/h3>\r\n                        <div class=\"text-modules__content\"><\/p>\n<div class=\"content\">\n<p>Within the fourth edition of the &#8220;A Graduate with Passion&#8221; poll, a graduate of March 2016 was chosen: Gabriela Bazan, a graduate of cultural studies at the Faculty of Philology.<\/p>\n<p class=\"rteindent3\"><a href=\"http:\/\/absolwent.us.edu.pl\/sites\/absolwent.us.edu.pl\/files\/imce\/portret_gabriela_bazan.jpg\" target=\"_blank\" rel=\"noopener noreferrer\"><img class=\"alignnone\" src=\"http:\/\/absolwent.us.edu.pl\/sites\/absolwent.us.edu.pl\/files\/imce\/portret_gabriela_bazan.jpg\" alt=\"Gabriela Bazan\" width=\"688\" height=\"500\" \/><\/a><\/p>\n<p>Gabriel Bazan\u2019s greatest passions are photography and film. For this reason, she decided to pursue 1st and 2nd cycle cultural studies with a specialization in film at the Faculty of Philology of the University of Silesia. She received her master\u2019s degree for her work titled <em>Photography as a cultural space. The history of the medium in the field of technological changes.<\/em> She also graduated from the &#8220;Fotoedukacja&#8221; post-secondary photography school. Her diploma work, <em>Cinema, my beautiful worry<\/em>, in which she paid tribute to the work of the French director Jean-Luc Godard, was prepared under the supervision of Mateusz Orszulski and was defended with an excellent grade. In January 2015, she passed the exam granting her the title of a photographer, and in June 2015 she obtained the title of phototechnician.<\/p>\n<p>Gabriel Bazan\u2019s works can be seen at: <a href=\"http:\/\/www.gabrielabazan.wix.com\/portfolio\" target=\"_blank\" rel=\"noopener noreferrer\">www.gabrielabazan.wix.com\/portfolio.<\/a><\/p>\n<p>Photographs of Gabriela Bazan were shown at various exhibitions, including:<\/p>\n<ul>\n<li>&#8220;Nostalgia&#8221; \u2013 a collective exhibition of the Photographic Scientific Society of the University of Silesia in the Scientific Information Centre and the Academic Library in Katowice (February 2016),<\/li>\n<li>&#8220;Photophony&#8221; \u2013 a collective exhibition at the Zag\u0142\u0119bie Palace of Culture in D\u0105browa G\u00f3rnicza (October 2015),<\/li>\n<li>Exhibition &#8220;Diplomas 2015&#8221; in the Tradition Park in Siemianowice \u015al\u0105skie (June 2015),<\/li>\n<li>&#8220;What&#8217;s up&#8221; \u2013 a collective exhibition of fashion photography at the Cracow Fashion Week (March 2015),<\/li>\n<li>&#8220;Natechwile Group Exhibition&#8221; as part of the 12th International Photography Festival in Rybnik (March 2015),<\/li>\n<li>&#8220;Many faces, one passion&#8221; \u2012 a collective exhibition of the Photographic Scientific Society of the University of Silesia (February 2015).<\/li>\n<\/ul>\n<p>Her work has been published on the covers and in an article in the Silesian magazine &#8220;Style&#8221; (February and October 2012), as well as on the website of the Italian magazine &#8220;Vogue&#8221;, in the &#8220;Photo Vogue&#8221; section for young artists.<\/p>\n<p><a href=\"http:\/\/absolwent.us.edu.pl\/sites\/absolwent.us.edu.pl\/files\/imce\/style_2012.jpg\" target=\"_blank\" rel=\"noopener noreferrer\"><img class=\"alignnone\" src=\"http:\/\/absolwent.us.edu.pl\/sites\/absolwent.us.edu.pl\/files\/imce\/style_2012.jpg\" alt=\"Prace Gabrieli Bazan \/ Works by Gabriela Bazan\" width=\"1200\" height=\"571\" \/><\/a><\/p>\n<p>Gabriela Bazan participates in photographic competitions. In 2010, she took second place in the \u201cPoland Photo Fashion\u201d nationwide competition, organized by \u201cK MAG\u201d magazine\u00a0 and sophisti.pl portal as part of Warsaw Fashion Street. In 2011, she took second place in the \u201cMagical Corners of Poland\u201d photo competition. In 2013, she was the finalist of the competition for the ambassador of the new Fujifilm camera.<\/p>\n<p>In the years 2010\u20132015, as a student of cultural studies, she had internships several times at the School of Polish Language and Culture of the University of Silesia, helping in the organization of a preparatory course for students of the Erasmus programme and of the Summer School of Polish Language and Culture in Cieszyn, among others. Together with the School and fellow students she organized the \u201cMade in Poland\u201d film festival for foreign language students of the University, during which Polish cinematography was shown (and in later years also Kazakh and Brazilian). In 2014, she participated in the School project entitled \u201cStereotypes \u2012 no, no!\u201d, during which she studied stereotypes functioning in societies in Germany, Poland and Kazakhstan. In addition, as part of the project, she was a co-organizer of the Kazakh festival Nauryz, which took place at the Faculty of Philology. The culmination of the project was a seminar held at the University of Abylaj Khan in Almaty, Kazakhstan. In 2015, she helped the School organize another project related to Brazil and the poet Paulo Leminski.<\/p>\n<p>In addition to the activities related to the School of Polish Language and Culture of the University of Silesia, she was an active member of the \u201cKinotok\u201d film science club and the University of Silesia Photographic Science Club. She is the author of articles on film and photography in the \u201cSpotlight: we light up culture\u201d national cultural magazine. She gives lectures at the Kosmos Cinema as part of the \u201cEmbassy\u201d discussion club, meetings of the Photographic Science Club or the \u201cMade in Poland\u201d film festival.<\/p>\n<\/div>\n<p>\n<\/div>\r\n                    <\/div>\r\n                <\/div>[\/vc_column][\/vc_row]<\/p>","protected":false},"excerpt":{"rendered":"<p>[vc_row][vc_column][\/vc_column][\/vc_row] [&#8230;]<\/p>\n<p><a class=\"btn btn-secondary understrap-read-more-link\" href=\"https:\/\/us.edu.pl\/absolwent\/en\/gabriela-bazan-absolwentka-z-pasja-marca-2016-roku\/\">Read More&#8230;<\/a><\/p>\n","protected":false},"author":1,"featured_media":0,"parent":0,"menu_order":0,"comment_status":"closed","ping_status":"closed","template":"","meta":{"_expiration-date-status":"saved","_expiration-date":0,"_expiration-date-type":"","_expiration-date-categories":[],"_expiration-date-options":[]},"acf":[],"_links":{"self":[{"href":"https:\/\/us.edu.pl\/absolwent\/en\/wp-json\/wp\/v2\/pages\/266"}],"collection":[{"href":"https:\/\/us.edu.pl\/absolwent\/en\/wp-json\/wp\/v2\/pages"}],"about":[{"href":"https:\/\/us.edu.pl\/absolwent\/en\/wp-json\/wp\/v2\/types\/page"}],"author":[{"embeddable":true,"href":"https:\/\/us.edu.pl\/absolwent\/en\/wp-json\/wp\/v2\/users\/1"}],"replies":[{"embeddable":true,"href":"https:\/\/us.edu.pl\/absolwent\/en\/wp-json\/wp\/v2\/comments?post=266"}],"version-history":[{"count":2,"href":"https:\/\/us.edu.pl\/absolwent\/en\/wp-json\/wp\/v2\/pages\/266\/revisions"}],"predecessor-version":[{"id":2139,"href":"https:\/\/us.edu.pl\/absolwent\/en\/wp-json\/wp\/v2\/pages\/266\/revisions\/2139"}],"wp:attachment":[{"href":"https:\/\/us.edu.pl\/absolwent\/en\/wp-json\/wp\/v2\/media?parent=266"}],"curies":[{"name":"wp","href":"https:\/\/api.w.org\/{rel}","templated":true}]}}