{"id":942,"date":"2019-11-28T13:41:02","date_gmt":"2019-11-28T12:41:02","guid":{"rendered":"https:\/\/us.edu.pl\/absolwent\/?page_id=942"},"modified":"2021-03-01T10:50:40","modified_gmt":"2021-03-01T09:50:40","slug":"daria-chlebek","status":"publish","type":"page","link":"https:\/\/us.edu.pl\/absolwent\/en\/absolwencius\/najlepsi-absolwenci-poprzednie-edycje\/najlepsi-absolwenci-roku-akademickiego-2017-2018\/daria-chlebek\/","title":{"rendered":"(Polski) Daria Chlebek"},"content":{"rendered":"<p>[vc_row][vc_column]\r\n                <div class=\"text-modules\">\r\n                    <div class=\"container\">\r\n                        <h3 class=\"page-title text__title\">Daria Chlebek<\/h3>\r\n                        <div class=\"text-modules__content\"><p>She is a graduate of Environmental Protection in Biotechnology programme at the Faculty of Biology. She received an A. She implemented the Grants of the Rector of the University of Silesia in Katowice for the best students entitled: \u201cOcena potencja\u0142u wybranych bakterii endofitycznych do ochrony ro\u015blin przed fito patogenami\u201d. Participant of numerous science conferences incl.: 52<sup>nd<\/sup> Polish Nationwide Microbiology Conference under the name: \u201eMikrobiologia \u015brodowiskowa szans\u0105 dla biotechnologii i zr\u00f3wnowa\u017conego rozwoju\u201d and 4<sup>th<\/sup> Polish Nationwide Life Studies Doctoral Conference \u201eBioOpen 2018\u201d \u2013 \u0141\u00f3d\u017a (05\/2018). Co-author of the publication \u201c Bakterie endofityczne w fitodegradacji toksycznych zanieczyszcze\u0144 organicznych. Post\u0119py mikrobiologii\u201d. The Rector of the University of Silesia\u2019s scholarship holder in academic year of 2017\/2018. She is interested in music, popular science books, and the mountains.<\/p>\n<\/div>\r\n                    <\/div>\r\n                <\/div>[\/vc_column][\/vc_row]<\/p>","protected":false},"excerpt":{"rendered":"<p>[vc_row][vc_column][\/vc_column][\/vc_row] [&#8230;]<\/p>\n<p><a class=\"btn btn-secondary understrap-read-more-link\" href=\"https:\/\/us.edu.pl\/absolwent\/en\/absolwencius\/najlepsi-absolwenci-poprzednie-edycje\/najlepsi-absolwenci-roku-akademickiego-2017-2018\/daria-chlebek\/\">Read More&#8230;<\/a><\/p>\n","protected":false},"author":33,"featured_media":0,"parent":821,"menu_order":0,"comment_status":"closed","ping_status":"closed","template":"","meta":{"_expiration-date-status":"saved","_expiration-date":0,"_expiration-date-type":"","_expiration-date-categories":[],"_expiration-date-options":[]},"acf":[],"_links":{"self":[{"href":"https:\/\/us.edu.pl\/absolwent\/en\/wp-json\/wp\/v2\/pages\/942"}],"collection":[{"href":"https:\/\/us.edu.pl\/absolwent\/en\/wp-json\/wp\/v2\/pages"}],"about":[{"href":"https:\/\/us.edu.pl\/absolwent\/en\/wp-json\/wp\/v2\/types\/page"}],"author":[{"embeddable":true,"href":"https:\/\/us.edu.pl\/absolwent\/en\/wp-json\/wp\/v2\/users\/33"}],"replies":[{"embeddable":true,"href":"https:\/\/us.edu.pl\/absolwent\/en\/wp-json\/wp\/v2\/comments?post=942"}],"version-history":[{"count":0,"href":"https:\/\/us.edu.pl\/absolwent\/en\/wp-json\/wp\/v2\/pages\/942\/revisions"}],"up":[{"embeddable":true,"href":"https:\/\/us.edu.pl\/absolwent\/en\/wp-json\/wp\/v2\/pages\/821"}],"wp:attachment":[{"href":"https:\/\/us.edu.pl\/absolwent\/en\/wp-json\/wp\/v2\/media?parent=942"}],"curies":[{"name":"wp","href":"https:\/\/api.w.org\/{rel}","templated":true}]}}