{"id":994,"date":"2019-11-28T14:12:36","date_gmt":"2019-11-28T13:12:36","guid":{"rendered":"https:\/\/us.edu.pl\/absolwent\/?page_id=994"},"modified":"2021-03-01T14:11:15","modified_gmt":"2021-03-01T13:11:15","slug":"marcin-sebastian-szewczyk","status":"publish","type":"page","link":"https:\/\/us.edu.pl\/absolwent\/en\/absolwencius\/najlepsi-absolwenci-poprzednie-edycje\/najlepsi-absolwenci-roku-akademickiego-2017-2018\/marcin-sebastian-szewczyk\/","title":{"rendered":"(Polski) Marcin Sebastian Szewczyk"},"content":{"rendered":"<p>[vc_row][vc_column]\r\n                <div class=\"text-modules\">\r\n                    <div class=\"container\">\r\n                        <h3 class=\"page-title text__title\">Marcin Sebastian Szewczyk<\/h3>\r\n                        <div class=\"text-modules__content\"><p>He is a graduate of the Faculty of Theology. He participated in: Scientific seminar of the Christian Pedagogy Group operating under the patronage of the Committee for Pedagogical Research of the Polish Academy of Sciences on the subject of &#8220;My\u015bl pedagogiczna Romano Guardiniego oraz koncepcja wychowawcza ks. Franciszka Blachnickiego\u201d, International scientific conference &#8220;Fides et ratio w s\u0142u\u017cbie cz\u0142owiekowi choremu, czyli o spotkaniu teologii i medycyny\u201d, conference &#8220;Ewolucja systemu wspierania rodziny \u2013 priorytety i wyzwania\u201d. He is interested in archery and learning about new methods of physiotherapy and massage.<\/p>\n<\/div>\r\n                    <\/div>\r\n                <\/div>[\/vc_column][\/vc_row]<\/p>","protected":false},"excerpt":{"rendered":"<p>[vc_row][vc_column][\/vc_column][\/vc_row] [&#8230;]<\/p>\n<p><a class=\"btn btn-secondary understrap-read-more-link\" href=\"https:\/\/us.edu.pl\/absolwent\/en\/absolwencius\/najlepsi-absolwenci-poprzednie-edycje\/najlepsi-absolwenci-roku-akademickiego-2017-2018\/marcin-sebastian-szewczyk\/\">Read More&#8230;<\/a><\/p>\n","protected":false},"author":33,"featured_media":0,"parent":821,"menu_order":0,"comment_status":"closed","ping_status":"closed","template":"","meta":{"_expiration-date-status":"saved","_expiration-date":0,"_expiration-date-type":"","_expiration-date-categories":[],"_expiration-date-options":[]},"acf":[],"_links":{"self":[{"href":"https:\/\/us.edu.pl\/absolwent\/en\/wp-json\/wp\/v2\/pages\/994"}],"collection":[{"href":"https:\/\/us.edu.pl\/absolwent\/en\/wp-json\/wp\/v2\/pages"}],"about":[{"href":"https:\/\/us.edu.pl\/absolwent\/en\/wp-json\/wp\/v2\/types\/page"}],"author":[{"embeddable":true,"href":"https:\/\/us.edu.pl\/absolwent\/en\/wp-json\/wp\/v2\/users\/33"}],"replies":[{"embeddable":true,"href":"https:\/\/us.edu.pl\/absolwent\/en\/wp-json\/wp\/v2\/comments?post=994"}],"version-history":[{"count":0,"href":"https:\/\/us.edu.pl\/absolwent\/en\/wp-json\/wp\/v2\/pages\/994\/revisions"}],"up":[{"embeddable":true,"href":"https:\/\/us.edu.pl\/absolwent\/en\/wp-json\/wp\/v2\/pages\/821"}],"wp:attachment":[{"href":"https:\/\/us.edu.pl\/absolwent\/en\/wp-json\/wp\/v2\/media?parent=994"}],"curies":[{"name":"wp","href":"https:\/\/api.w.org\/{rel}","templated":true}]}}