{"id":996,"date":"2019-11-28T14:13:32","date_gmt":"2019-11-28T13:13:32","guid":{"rendered":"https:\/\/us.edu.pl\/absolwent\/?page_id=996"},"modified":"2021-03-01T14:13:47","modified_gmt":"2021-03-01T13:13:47","slug":"anna-depta","status":"publish","type":"page","link":"https:\/\/us.edu.pl\/absolwent\/en\/absolwencius\/najlepsi-absolwenci-poprzednie-edycje\/najlepsi-absolwenci-roku-akademickiego-2017-2018\/anna-depta\/","title":{"rendered":"(Polski) Anna Depta"},"content":{"rendered":"<p>[vc_row][vc_column]\r\n                <div class=\"text-modules\">\r\n                    <div class=\"container\">\r\n                        <h3 class=\"page-title text__title\">Anna Depta<\/h3>\r\n                        <div class=\"text-modules__content\"><p>She is a graduate of Individual Interdisciplinary Studies major in Polish Studies: Teacher Training Programme and Sociology: Social Communication programme. She received an A. She actively participates in doctoral studies in literary studies programme. The participant of research projects incl.: \u201cNapraw Sobie Uniwersytet\u201d; a project of students of the University of Silesia which purpose was to identify areas for improvement and propose solutions to constantly improve the functioning of the university. She participated in numerous scientific conferences incl.: \u201cPowie\u015b\u0107 kryminalna na szklanym ekranie. Wsp\u00f3\u0142czesne adaptacje przyg\u00f3d Sherlocka Holmesa a przemiany wewn\u0105trzgatunkowe\u201d, where she presented a paper, previously presented at the conference: \u201cLiteratura popularna 3: Krymina\u0142\u201d, University of Silesia (Faculty of Philology), 12\u201314.10.2016, Department of Contemporary Literature Institute of Polish Literature Studies of Faculty of Philology of the University of Silesia. The author of several publications incl.: &#8220;W\u0142adza w komiksach na przyk\u0142adzie narracji o Batmanie&#8221;, [in:] Wybory popkultury. Relacje kultury popularnej z polityk\u0105, ideologi\u0105 i spo\u0142ecze\u0144stwem, ed. by K. Kowalczyk, J. P\u0142oszaj, Wroc\u0142aw 2014, s. 53-68;. A three-time Minister of Science and Higher Education scholarship holder. She has received the Rector\u2019s scholarship several times.<\/p>\n<\/div>\r\n                    <\/div>\r\n                <\/div>[\/vc_column][\/vc_row]<\/p>","protected":false},"excerpt":{"rendered":"<p>[vc_row][vc_column][\/vc_column][\/vc_row] [&#8230;]<\/p>\n<p><a class=\"btn btn-secondary understrap-read-more-link\" href=\"https:\/\/us.edu.pl\/absolwent\/en\/absolwencius\/najlepsi-absolwenci-poprzednie-edycje\/najlepsi-absolwenci-roku-akademickiego-2017-2018\/anna-depta\/\">Read More&#8230;<\/a><\/p>\n","protected":false},"author":33,"featured_media":0,"parent":821,"menu_order":0,"comment_status":"closed","ping_status":"closed","template":"","meta":{"_expiration-date-status":"saved","_expiration-date":0,"_expiration-date-type":"","_expiration-date-categories":[],"_expiration-date-options":[]},"acf":[],"_links":{"self":[{"href":"https:\/\/us.edu.pl\/absolwent\/en\/wp-json\/wp\/v2\/pages\/996"}],"collection":[{"href":"https:\/\/us.edu.pl\/absolwent\/en\/wp-json\/wp\/v2\/pages"}],"about":[{"href":"https:\/\/us.edu.pl\/absolwent\/en\/wp-json\/wp\/v2\/types\/page"}],"author":[{"embeddable":true,"href":"https:\/\/us.edu.pl\/absolwent\/en\/wp-json\/wp\/v2\/users\/33"}],"replies":[{"embeddable":true,"href":"https:\/\/us.edu.pl\/absolwent\/en\/wp-json\/wp\/v2\/comments?post=996"}],"version-history":[{"count":0,"href":"https:\/\/us.edu.pl\/absolwent\/en\/wp-json\/wp\/v2\/pages\/996\/revisions"}],"up":[{"embeddable":true,"href":"https:\/\/us.edu.pl\/absolwent\/en\/wp-json\/wp\/v2\/pages\/821"}],"wp:attachment":[{"href":"https:\/\/us.edu.pl\/absolwent\/en\/wp-json\/wp\/v2\/media?parent=996"}],"curies":[{"name":"wp","href":"https:\/\/api.w.org\/{rel}","templated":true}]}}