{"id":1005,"date":"2019-11-28T14:22:32","date_gmt":"2019-11-28T13:22:32","guid":{"rendered":"https:\/\/us.edu.pl\/absolwent\/?page_id=1005"},"modified":"2021-03-01T14:27:35","modified_gmt":"2021-03-01T13:27:35","slug":"zaneta-gieron","status":"publish","type":"page","link":"https:\/\/us.edu.pl\/absolwent\/absolwencius\/najlepsi-absolwenci-poprzednie-edycje\/najlepsi-absolwenci-roku-akademickiego-2016-2017\/zaneta-gieron\/","title":{"rendered":"\u017baneta Giero\u0144"},"content":{"rendered":"<p>[vc_row][vc_column]\r\n                <div class=\"text-modules\">\r\n                    <div class=\"container\">\r\n                        <h3 class=\"page-title text__title\">\u017baneta Giero\u0144<\/h3>\r\n                        <div class=\"text-modules__content\"><p>absolwentka kierunku biotechnologia\u00a0na Wydziale Biologii i Ochrony \u015arodowiska U\u015a<\/p>\n<p>najlepsza absolwentka roku akademickiego 2016\/2017<\/p>\n<p>Od 2016 roku uczestniczka grantu InfoRevita prowadzonym w ramach programu TANGO realizowanego przez NCBiR oraz NCN. Wsp\u00f3\u0142autorka licznych publikacji naukowych m. in. Szopi\u0144ski M., Sitko K., Ziele\u017anik-Rusinowska P., Rusinowski S., Giero\u0144 \u017b., Ma\u0142kowski E. (2017). The toxic effect of Cd on pigments composition in\u00a0Arabidopsis arenosa\u00a0and\u00a0Arabidopsis halleri.\u00a05th International Conference and Workshop \u201cPlant \u2013 The Source of Research Material\u201d. 21-24 June, Lublin, Polska, Book of abstracts, str. 101., Ziele\u017anik-Rusinowska P., Giero\u0144 \u017b., Kornacka P., Szopi\u0144ski M., Sitko K., Pasierbi\u0144ski A., B\u0142o\u0144ska A., Rajtor M., Magurno F., Pawlikowska S., \u015amietana M., Wo\u017aniak G., Ma\u0142kowski E. (2017) Kolonizacja mikoryzowa u\u00a0Daucus carota\u00a0i\u00a0Calamagrostis epigejos\u00a0rosn\u0105cych na zwa\u0142ach pog\u00f3rniczych i jej rola w stresie oksydacyjnym. I Interdyscyplinarna Konferencja Naukowa \u201eAktualne Problemy Ochrony \u015arodowiska\u201d. 19 Maja, Katowice, Polska, Ksi\u0105\u017cka streszcze\u0144 (w przygotowaniu). W polu jej zainteresowa\u0144 le\u017c\u0105 nowo\u015bci technologiczne oraz wp\u0142yw sposobu od\u017cywiania na zdrowie.<\/p>\n<\/div>\r\n                    <\/div>\r\n                <\/div>[\/vc_column][\/vc_row]<\/p>","protected":false},"excerpt":{"rendered":"<p>[vc_row][vc_column][\/vc_column][\/vc_row] [&#8230;]<\/p>\n<p><a class=\"btn btn-secondary understrap-read-more-link\" href=\"https:\/\/us.edu.pl\/absolwent\/absolwencius\/najlepsi-absolwenci-poprzednie-edycje\/najlepsi-absolwenci-roku-akademickiego-2016-2017\/zaneta-gieron\/\">Read More&#8230;<\/a><\/p>\n","protected":false},"author":33,"featured_media":0,"parent":290,"menu_order":0,"comment_status":"closed","ping_status":"closed","template":"","meta":{"_expiration-date-status":"saved","_expiration-date":0,"_expiration-date-type":"","_expiration-date-categories":[],"_expiration-date-options":[]},"acf":[],"_links":{"self":[{"href":"https:\/\/us.edu.pl\/absolwent\/wp-json\/wp\/v2\/pages\/1005"}],"collection":[{"href":"https:\/\/us.edu.pl\/absolwent\/wp-json\/wp\/v2\/pages"}],"about":[{"href":"https:\/\/us.edu.pl\/absolwent\/wp-json\/wp\/v2\/types\/page"}],"author":[{"embeddable":true,"href":"https:\/\/us.edu.pl\/absolwent\/wp-json\/wp\/v2\/users\/33"}],"replies":[{"embeddable":true,"href":"https:\/\/us.edu.pl\/absolwent\/wp-json\/wp\/v2\/comments?post=1005"}],"version-history":[{"count":2,"href":"https:\/\/us.edu.pl\/absolwent\/wp-json\/wp\/v2\/pages\/1005\/revisions"}],"predecessor-version":[{"id":1769,"href":"https:\/\/us.edu.pl\/absolwent\/wp-json\/wp\/v2\/pages\/1005\/revisions\/1769"}],"up":[{"embeddable":true,"href":"https:\/\/us.edu.pl\/absolwent\/wp-json\/wp\/v2\/pages\/290"}],"wp:attachment":[{"href":"https:\/\/us.edu.pl\/absolwent\/wp-json\/wp\/v2\/media?parent=1005"}],"curies":[{"name":"wp","href":"https:\/\/api.w.org\/{rel}","templated":true}]}}