{"id":1009,"date":"2019-11-28T14:25:24","date_gmt":"2019-11-28T13:25:24","guid":{"rendered":"https:\/\/us.edu.pl\/absolwent\/?page_id=1009"},"modified":"2021-03-01T14:33:08","modified_gmt":"2021-03-01T13:33:08","slug":"mariusz-wierzgon","status":"publish","type":"page","link":"https:\/\/us.edu.pl\/absolwent\/absolwencius\/najlepsi-absolwenci-poprzednie-edycje\/najlepsi-absolwenci-roku-akademickiego-2016-2017\/mariusz-wierzgon\/","title":{"rendered":"Mariusz Wierzgo\u0144"},"content":{"rendered":"<p>[vc_row][vc_column]\r\n                <div class=\"text-modules\">\r\n                    <div class=\"container\">\r\n                        <h3 class=\"page-title text__title\">Mariusz Wierzgo\u0144<\/h3>\r\n                        <div class=\"text-modules__content\"><p>absolwent kierunku biologia\u00a0na Wydziale Biologii i Ochrony \u015arodowiska U\u015a<\/p>\n<p>najlepszy absolwent roku akademickiego 2016\/2017<\/p>\n<p>Wykonawca w trzech projektach, z kt\u00f3rych warto wymieni\u0107 projekt InfoRevita \u201eSystem wspomagania rewitalizacji zwa\u0142owisk odpad\u00f3w pog\u00f3rniczych przy u\u017cyciu narz\u0119dzi geoinformatycznych\u201d [TANGO1\/268600\/NCBR\/2015] realizowanego w ramach programu TANGO, wsp\u00f3\u0142finansowanego przez NCBiR i NCN. Uczestnik licznych konferencji naukowych, podczas kt\u00f3rych prezentowa\u0142 referaty lub postery m.in. Konferencja M\u0142odych Badaczy Ekosystem\u00f3w G\u00f3rskich i Polarnych z referatem: Wierzgo\u0144 M., Rosta\u0144ski A. Udzia\u0142 mszak\u00f3w w strukturze tundry mszysto \u2013 porostowej (P\u00f3\u0142nocno \u2013 Wschodnia Islandia) (Karpacz, Polska); IceBio2015 &#8211; L\u00edffr\u00e6\u00f0ir\u00e1\u00f0stefnan 2015, poster: Wierzgo\u0144 M., W\u0105sowicz P. Species from genus Heracleum (Apiaceae) in Akureyri (N Iceland): distribution, main sources of spread and identification of priority areas for eradication (Reykjavik, Islandia). Wsp\u00f3\u0142autor publikacji naukowych oraz prelegent podczas m. in. licznych wydarze\u0144 popularyzuj\u0105cych nauk\u0119 takich jak Noc Biolog\u00f3w, Festiwal Nauki czy Fascination of Plants Day, a tak\u017ce podczas Otwartych Seminari\u00f3w Naukowych Interdyscyplinarnego Ko\u0142a Naukowego Przyrodnik\u00f3w Planeta. Cz\u0142onek Wydzia\u0142owej Rady Samorz\u0105du Studenckiego (2014-2016), w 2015-2016 przewodnicz\u0105cy WRSS, a w latach 2015-2016 delegat do Uczelnianej Rady Samorz\u0105du Studenckiego. Od 2013 roku cz\u0142onek Interdyscyplinarnego Ko\u0142a Naukowego Przyrodnik\u00f3w Planeta, w 2015-2017 przewodnicz\u0105cy tego ko\u0142a. Mariusz Wierzgo\u0144 nale\u017cy r\u00f3wnie\u017c od 2015 roku do Polskiego Towarzystwa Botanicznego, Oddzia\u0142 \u015al\u0105ski w Katowicach. Od 2005 roku cz\u0142onek Ochotniczej Sta\u017cy Po\u017carnej w Miko\u0142owie Kamionce, od 2016 cz\u0142onek Komisji Rewizyjnej OSP Kamionka. W 2009 do\u0142\u0105czy\u0142 do Polskiego Towarzystwa Turystyczno-Krajoznawczego, Oddzia\u0142 w Miko\u0142owie (w latach 2014-2017 sekretarz O\/PTTK w Miko\u0142owie, od 2017 roku cz\u0142onek Zarz\u0105du Oddzia\u0142u O\/PTTK w Miko\u0142owie). Za swoj\u0105 dzia\u0142alno\u015b\u0107 zosta\u0142 nagrodzony Wyr\u00f3\u017cnieniem JM Rektora Uniwersytetu \u015al\u0105skiego edycja 2016 za inicjowanie i wspieranie \u017cycia studenckiego, dzia\u0142alno\u015b\u0107 naukow\u0105 i popularnonaukow\u0105 oraz dzia\u0142alno\u015b\u0107 spo\u0142eczn\u0105 na rzecz spo\u0142eczno\u015bci lokalnej, Odznak\u0105 \u201eZa wys\u0142ug\u0119 X lat\u201d w OSP (2016) oraz Odznak\u0105 \u201eStra\u017cak wzorowy\u201d (2017), a tak\u017ce Dyplomem Oddzia\u0142u PTTK w Miko\u0142owie (2017).<\/p>\n<\/div>\r\n                    <\/div>\r\n                <\/div>[\/vc_column][\/vc_row]<\/p>","protected":false},"excerpt":{"rendered":"<p>[vc_row][vc_column][\/vc_column][\/vc_row] [&#8230;]<\/p>\n<p><a class=\"btn btn-secondary understrap-read-more-link\" href=\"https:\/\/us.edu.pl\/absolwent\/absolwencius\/najlepsi-absolwenci-poprzednie-edycje\/najlepsi-absolwenci-roku-akademickiego-2016-2017\/mariusz-wierzgon\/\">Read More&#8230;<\/a><\/p>\n","protected":false},"author":33,"featured_media":0,"parent":290,"menu_order":0,"comment_status":"closed","ping_status":"closed","template":"","meta":{"_expiration-date-status":"saved","_expiration-date":0,"_expiration-date-type":"","_expiration-date-categories":[],"_expiration-date-options":[]},"acf":[],"_links":{"self":[{"href":"https:\/\/us.edu.pl\/absolwent\/wp-json\/wp\/v2\/pages\/1009"}],"collection":[{"href":"https:\/\/us.edu.pl\/absolwent\/wp-json\/wp\/v2\/pages"}],"about":[{"href":"https:\/\/us.edu.pl\/absolwent\/wp-json\/wp\/v2\/types\/page"}],"author":[{"embeddable":true,"href":"https:\/\/us.edu.pl\/absolwent\/wp-json\/wp\/v2\/users\/33"}],"replies":[{"embeddable":true,"href":"https:\/\/us.edu.pl\/absolwent\/wp-json\/wp\/v2\/comments?post=1009"}],"version-history":[{"count":2,"href":"https:\/\/us.edu.pl\/absolwent\/wp-json\/wp\/v2\/pages\/1009\/revisions"}],"predecessor-version":[{"id":1771,"href":"https:\/\/us.edu.pl\/absolwent\/wp-json\/wp\/v2\/pages\/1009\/revisions\/1771"}],"up":[{"embeddable":true,"href":"https:\/\/us.edu.pl\/absolwent\/wp-json\/wp\/v2\/pages\/290"}],"wp:attachment":[{"href":"https:\/\/us.edu.pl\/absolwent\/wp-json\/wp\/v2\/media?parent=1009"}],"curies":[{"name":"wp","href":"https:\/\/api.w.org\/{rel}","templated":true}]}}