{"id":1011,"date":"2019-11-28T14:26:43","date_gmt":"2019-11-28T13:26:43","guid":{"rendered":"https:\/\/us.edu.pl\/absolwent\/?page_id=1011"},"modified":"2021-03-01T14:34:43","modified_gmt":"2021-03-01T13:34:43","slug":"joanna-kapias","status":"publish","type":"page","link":"https:\/\/us.edu.pl\/absolwent\/absolwencius\/najlepsi-absolwenci-poprzednie-edycje\/najlepsi-absolwenci-roku-akademickiego-2016-2017\/joanna-kapias\/","title":{"rendered":"Joanna Kapias"},"content":{"rendered":"<p>[vc_row][vc_column]\r\n                <div class=\"text-modules\">\r\n                    <div class=\"container\">\r\n                        <h3 class=\"page-title text__title\">Joanna Kapias<\/h3>\r\n                        <div class=\"text-modules__content\"><p>absolwentka kierunku pedagogika\u00a0na Wydziale Etnologii i Nauk o Edukacji U\u015a<\/p>\n<p>najlepsza absolwentka roku akademickiego 2016\/2017<\/p>\n<p>Uko\u0144czy\u0142a studia ze \u015bredni\u0105 ocen 4,92 oraz ocen\u0105 celuj\u0105c\u0105 na dyplomie. Bra\u0142a udzia\u0142 w wielu konferencjach naukowych, m.in. II Mi\u0119dzynarodowa Konferencja Naukowa \u201eInny w moich oczach, Ja w oczach innego\u201d (Cieszyn 2015). Pomys\u0142odawczyni i g\u0142\u00f3wny organizator prelekcji i warsztat\u00f3w \u201eZobaczy\u0107 Niewidzialne \u2013 Rzeczywisto\u015b\u0107 Edukacyjna Wobec Dysfunkcji Wzroku (Cieszyn 2016) oraz I Og\u00f3lnopolskiej Tyflokonferencji \u201eZobaczy\u0107 Niewidzialne \u2013 Niewidomi we wsp\u00f3\u0142czesnym \u015bwiecie\u201d (Cieszyn, 2016). Ma na swoim koncie publikacje naukowe, m.in. \u201eNiepe\u0142nosprawno\u015b\u0107 wzrokowa a obecno\u015b\u0107 cech autystycznych u dzieci\u201d, Psychiatria Polska, nr. 51. Joanna Kapias prowadzi r\u00f3wnie\u017c dzia\u0142alno\u015b\u0107 popularnonaukow\u0105. W czasie studi\u00f3w otrzymywa\u0142a stypendium JM Rektora Uniwersytetu \u015al\u0105skiego. Cz\u0142onkini Ko\u0142a Naukowego Pedagog\u00f3w oraz Stowarzyszenia Wsparcia Spo\u0142ecznego \u201eFeniks\u201d w Cieszynie. Udziela si\u0119 r\u00f3wnie\u017c spo\u0142ecznie, m.in. sprawuje ca\u0142odobow\u0105 opiek\u0119 podczas turnus\u00f3w rehabilitacyjnych dla os\u00f3b z niepe\u0142nosprawno\u015bci\u0105 oraz udziela korepetycji z matematyki dla podopiecznych z rodzin zast\u0119pczych. Jej hobby to muzyka, gra na gitarze, g\u00f3rskie w\u0119dr\u00f3wki, krajoznawstwo i turystyka oraz czytanie ksi\u0105\u017cek.<\/p>\n<\/div>\r\n                    <\/div>\r\n                <\/div>[\/vc_column][\/vc_row]<\/p>","protected":false},"excerpt":{"rendered":"<p>[vc_row][vc_column][\/vc_column][\/vc_row] [&#8230;]<\/p>\n<p><a class=\"btn btn-secondary understrap-read-more-link\" href=\"https:\/\/us.edu.pl\/absolwent\/absolwencius\/najlepsi-absolwenci-poprzednie-edycje\/najlepsi-absolwenci-roku-akademickiego-2016-2017\/joanna-kapias\/\">Read More&#8230;<\/a><\/p>\n","protected":false},"author":33,"featured_media":0,"parent":290,"menu_order":0,"comment_status":"closed","ping_status":"closed","template":"","meta":{"_expiration-date-status":"saved","_expiration-date":0,"_expiration-date-type":"","_expiration-date-categories":[],"_expiration-date-options":[]},"acf":[],"_links":{"self":[{"href":"https:\/\/us.edu.pl\/absolwent\/wp-json\/wp\/v2\/pages\/1011"}],"collection":[{"href":"https:\/\/us.edu.pl\/absolwent\/wp-json\/wp\/v2\/pages"}],"about":[{"href":"https:\/\/us.edu.pl\/absolwent\/wp-json\/wp\/v2\/types\/page"}],"author":[{"embeddable":true,"href":"https:\/\/us.edu.pl\/absolwent\/wp-json\/wp\/v2\/users\/33"}],"replies":[{"embeddable":true,"href":"https:\/\/us.edu.pl\/absolwent\/wp-json\/wp\/v2\/comments?post=1011"}],"version-history":[{"count":2,"href":"https:\/\/us.edu.pl\/absolwent\/wp-json\/wp\/v2\/pages\/1011\/revisions"}],"predecessor-version":[{"id":1772,"href":"https:\/\/us.edu.pl\/absolwent\/wp-json\/wp\/v2\/pages\/1011\/revisions\/1772"}],"up":[{"embeddable":true,"href":"https:\/\/us.edu.pl\/absolwent\/wp-json\/wp\/v2\/pages\/290"}],"wp:attachment":[{"href":"https:\/\/us.edu.pl\/absolwent\/wp-json\/wp\/v2\/media?parent=1011"}],"curies":[{"name":"wp","href":"https:\/\/api.w.org\/{rel}","templated":true}]}}