{"id":1015,"date":"2019-11-28T14:28:53","date_gmt":"2019-11-28T13:28:53","guid":{"rendered":"https:\/\/us.edu.pl\/absolwent\/?page_id=1015"},"modified":"2021-03-01T14:42:00","modified_gmt":"2021-03-01T13:42:00","slug":"anne-sophie-basta-szczygiel","status":"publish","type":"page","link":"https:\/\/us.edu.pl\/absolwent\/absolwencius\/najlepsi-absolwenci-poprzednie-edycje\/najlepsi-absolwenci-roku-akademickiego-2016-2017\/anne-sophie-basta-szczygiel\/","title":{"rendered":"Anne-Sophie Basta-Szczygie\u0142"},"content":{"rendered":"<p>[vc_row][vc_column]\r\n                <div class=\"text-modules\">\r\n                    <div class=\"container\">\r\n                        <h3 class=\"page-title text__title\">Anne-Sophie Basta-Szczygie\u0142<\/h3>\r\n                        <div class=\"text-modules__content\"><p>absolwentka studi\u00f3w magisterskich\u00a0na Wydziale Filologicznym U\u015a<\/p>\n<p>najlepsza absolwentka roku akademickiego 2016\/2017<\/p>\n<p>absolwentka studi\u00f3w magisterskich na Wydziale Filologicznym Uniwersytetu \u015al\u0105skiego o specjalno\u015bci j\u0119zyk francuski z programem t\u0142umaczenia specjalistycznego i wspomaganego komputerowo, kt\u00f3re uko\u0144czy\u0142a ze \u015bredni\u0105 ocen 4,75 oraz bardzo dobrym wynikiem na dyplomie. Ponadto studiowa\u0142a na U\u015a tak\u017ce j\u0119zyk w\u0142oski z programem t\u0142umaczeniowym. Uzyska\u0142a stypendium w Projekcie Leonardo da Vinci w 2010 roku, stypendium JM Rektora za rok 2016\/2017, zosta\u0142a laureatk\u0105 dziewi\u0105tej edycji Konkursu Wyr\u00f3\u017cnie\u0144 JM Rektora oraz otrzyma\u0142a medal za zas\u0142ugi dla integracji europejskiej od Jerzego Dro\u017cd\u017ca Ambasadora Tytularnego, Dyrektora Biura Wsp\u00f3\u0142pracy z Zagranic\u0105 w Krajowej Izbie Gospodarczej. Bra\u0142a udzia\u0142 w projektach naukowych z dziedziny turystyki, organizowa\u0142a, prowadzi\u0142a i t\u0142umaczy\u0142a kilka wydarze\u0144 z obszaru biznesu, kultury w\u0142oskiej i francuskiej, np. I Mi\u0119dzynarodowe Forum Inwestycyjne w Skar\u017cysku-Kamiennej, Si Silesia \u2013 Mi\u0119dzynarodowe Forum Biznesu oraz III Mi\u0119dzynarodowe Spotkania Biznesu w Tychach. Od 10 lat cz\u0142onkini Alliance Francaise w Katowicach, od 7 lat Chef d&#8217;Ilot mianowana przez ambasadora Republiki Francji w Polsce, a od 5 lat wiceprezes fundacji Europa House. Ojczystym j\u0119zykiem absolwentki jest j\u0119zyk francuski, ale biegle pos\u0142uguje si\u0119 te\u017c polskim, w\u0142oskim i angielskim, wykorzystuj\u0105c je w bie\u017c\u0105cej dzia\u0142alno\u015bci, tj. w zarz\u0105dzaniu zespo\u0142em t\u0142umaczy, integracji \u015brodowisk mi\u0119dzynarodowych oraz kreowaniu wydarze\u0144 kulturalnych. Wolne chwile po\u015bwi\u0119ca pozosta\u0142ym swoim zainteresowaniom: p\u0142ywaniu, designowi i architekturze wn\u0119trz, podr\u00f3\u017com, pieczeniu ciast oraz fotografii. Gawe\u0142 Janik \u2013 absolwent filologii polskiej na Wydziale Filologicznym Uniwersytetu \u015al\u0105skiego, na specjalno\u015bciach nauczycielska oraz nauczanie polonistyczne. Studia uko\u0144czy\u0142 broni\u0105c si\u0119 na ocen\u0119 celuj\u0105c\u0105 ze \u015bredni\u0105 ocen 4,96. Autor licznych publikacji naukowych i popularnonaukowych, m.in. \u201eKarze\u0142, \u017caba i obcy, czyli surrealistyczna opowie\u015b\u0107 o Holokau\u015bcie.\u201d w &#8222;Narracje o Zag\u0142adzie&#8221;. Uczestnik wielu konferencji naukowych zar\u00f3wno w kraju, jak i zagranic\u0105. Wsp\u00f3\u0142organizator Konferencji Naukowej \u201ePowroty historii\u201d, kt\u00f3ra odby\u0142a si\u0119 na Uniwersytecie \u015al\u0105skim. Wyr\u00f3\u017cniony stypendium JM Rektora Uniwersytetu \u015al\u0105skiego za wysok\u0105 \u015bredni\u0105 ocen we wszystkich latach studi\u00f3w. W roku akademickim 2016\/2017 otrzyma\u0142 stypendium Ministra Nauki i Szkolnictwa Wy\u017cszego za wybitne osi\u0105gni\u0119cia. Aktywny cz\u0142onek Ko\u0142a Naukowego Polonist\u00f3w odpowiedzialny za funkcjonowanie jego strony internetowej. Bra\u0142 udzia\u0142 w Dziennikarskim Obozie Naukowym w Cieszynie zorganizowanym przez Mi\u0119dzywydzia\u0142owe Stowarzyszenie Dziennikarzy \u201dMosty\u201d. Interesuje si\u0119 m. in. kwesti\u0105 \u017cydowsk\u0105 w literaturze i sztuce oraz kulinariami.<\/p>\n<\/div>\r\n                    <\/div>\r\n                <\/div>[\/vc_column][\/vc_row]<\/p>","protected":false},"excerpt":{"rendered":"<p>[vc_row][vc_column][\/vc_column][\/vc_row] [&#8230;]<\/p>\n<p><a class=\"btn btn-secondary understrap-read-more-link\" href=\"https:\/\/us.edu.pl\/absolwent\/absolwencius\/najlepsi-absolwenci-poprzednie-edycje\/najlepsi-absolwenci-roku-akademickiego-2016-2017\/anne-sophie-basta-szczygiel\/\">Read More&#8230;<\/a><\/p>\n","protected":false},"author":33,"featured_media":0,"parent":290,"menu_order":0,"comment_status":"closed","ping_status":"closed","template":"","meta":{"_expiration-date-status":"saved","_expiration-date":0,"_expiration-date-type":"","_expiration-date-categories":[],"_expiration-date-options":[]},"acf":[],"_links":{"self":[{"href":"https:\/\/us.edu.pl\/absolwent\/wp-json\/wp\/v2\/pages\/1015"}],"collection":[{"href":"https:\/\/us.edu.pl\/absolwent\/wp-json\/wp\/v2\/pages"}],"about":[{"href":"https:\/\/us.edu.pl\/absolwent\/wp-json\/wp\/v2\/types\/page"}],"author":[{"embeddable":true,"href":"https:\/\/us.edu.pl\/absolwent\/wp-json\/wp\/v2\/users\/33"}],"replies":[{"embeddable":true,"href":"https:\/\/us.edu.pl\/absolwent\/wp-json\/wp\/v2\/comments?post=1015"}],"version-history":[{"count":2,"href":"https:\/\/us.edu.pl\/absolwent\/wp-json\/wp\/v2\/pages\/1015\/revisions"}],"predecessor-version":[{"id":1774,"href":"https:\/\/us.edu.pl\/absolwent\/wp-json\/wp\/v2\/pages\/1015\/revisions\/1774"}],"up":[{"embeddable":true,"href":"https:\/\/us.edu.pl\/absolwent\/wp-json\/wp\/v2\/pages\/290"}],"wp:attachment":[{"href":"https:\/\/us.edu.pl\/absolwent\/wp-json\/wp\/v2\/media?parent=1015"}],"curies":[{"name":"wp","href":"https:\/\/api.w.org\/{rel}","templated":true}]}}