{"id":1019,"date":"2019-11-28T14:31:53","date_gmt":"2019-11-28T13:31:53","guid":{"rendered":"https:\/\/us.edu.pl\/absolwent\/?page_id=1019"},"modified":"2021-03-01T15:06:30","modified_gmt":"2021-03-01T14:06:30","slug":"pawel-laniewski","status":"publish","type":"page","link":"https:\/\/us.edu.pl\/absolwent\/absolwencius\/najlepsi-absolwenci-poprzednie-edycje\/najlepsi-absolwenci-roku-akademickiego-2016-2017\/pawel-laniewski\/","title":{"rendered":"Pawe\u0142 \u0141aniewski"},"content":{"rendered":"<p>[vc_row][vc_column]\r\n                <div class=\"text-modules\">\r\n                    <div class=\"container\">\r\n                        <h3 class=\"page-title text__title\">Pawe\u0142 \u0141aniewski<\/h3>\r\n                        <div class=\"text-modules__content\"><p>absolwent studi\u00f3w magisterskich z j\u0119zyka rosyjskiego o specjalno\u015bci: program t\u0142umaczeniowy\u00a0na Wydziale Filologicznym U\u015a<\/p>\n<p>najlepszy absolwent roku akademickiego 2016\/2017<\/p>\n<p>absolwent studi\u00f3w magisterskich z j\u0119zyka rosyjskiego o specjalno\u015bci: program t\u0142umaczeniowy, kt\u00f3re uko\u0144czy\u0142 na Wydziale Filologicznym Uniwersytetu \u015al\u0105skiego z celuj\u0105c\u0105 ocen\u0105 na dyplomie oraz \u015bredni\u0105 ocen na poziomie 4,98. Ponadto studiowa\u0142 na U\u015a na kierunkach filologia s\u0142owia\u0144ska oraz sztuka pisania, a obecnie jest doktorantem literaturoznawstwa. Podczas studi\u00f3w wielokrotnie uzyska\u0142 stypendium JM Rektora dla najlepszych student\u00f3w. Bra\u0142 udzia\u0142 w konferencjach oraz publikowa\u0142 swoje artyku\u0142y dotycz\u0105ce kultury i literatury rosyjskiej, cz\u0142onek Ko\u0142a Naukowego Rosyjska Ruletka, uczestnik wymiany m\u0142odzie\u017cowej \u201ePoznaj s\u0105siada \u2013 poznaj siebie\u201d w 2014 roku w Krasnojarsku oraz w 2015 roku wymiany \u201eRock to bunt? Legendy polskiej i rosyjskiej sceny muzycznej. Czy ich przekaz jest nadal aktualny?\u201d. Aktywnie wsp\u00f3\u0142dzia\u0142a ze Stowarzyszeniem Wsp\u00f3\u0142pracy Polska\u2013Wsch\u00f3d poprzez wykonywanie t\u0142umacze\u0144 i udzia\u0142 w konferencjach. Pawe\u0142 \u0141aniewski w 2015 roku zosta\u0142 finalist\u0105 Mi\u0119dzynarodowej Olimpiady J\u0119zyka Rosyjskiego organizowanej przez Ba\u0142tycki Uniwersytet Federalny im. Immanuela Kanta w Kaliningradzie, w kt\u00f3rym dwa lata p\u00f3\u017aniej zwyci\u0119\u017cy\u0142. Autor portalu wschodblizej.pl, redaktor dzia\u0142u teatr w serwisie Reflektor, autor artyku\u0142\u00f3w w serwisie\u00a0rosyjskaruletka.edu.pl, redaktor w agencjach Whites i TAKA OTO, autor publikacji w Nowinach Zabrza\u0144skich, serwisie Whitepress oraz wsp\u00f3\u0142organizator wydarze\u0144 w Instytucie Filologii Wschodnios\u0142owia\u0144skiej Uniwersytetu \u015al\u0105skiego. Opr\u00f3cz kultury Rosji i kraj\u00f3w by\u0142ego ZSRR, jego zainteresowania to: literatura, filozofia, postmodernizm, pi\u0142ka no\u017cna i boks.<\/p>\n<\/div>\r\n                    <\/div>\r\n                <\/div>[\/vc_column][\/vc_row]<\/p>","protected":false},"excerpt":{"rendered":"<p>[vc_row][vc_column][\/vc_column][\/vc_row] [&#8230;]<\/p>\n<p><a class=\"btn btn-secondary understrap-read-more-link\" href=\"https:\/\/us.edu.pl\/absolwent\/absolwencius\/najlepsi-absolwenci-poprzednie-edycje\/najlepsi-absolwenci-roku-akademickiego-2016-2017\/pawel-laniewski\/\">Read More&#8230;<\/a><\/p>\n","protected":false},"author":33,"featured_media":0,"parent":290,"menu_order":0,"comment_status":"closed","ping_status":"closed","template":"","meta":{"_expiration-date-status":"saved","_expiration-date":0,"_expiration-date-type":"","_expiration-date-categories":[],"_expiration-date-options":[]},"acf":[],"_links":{"self":[{"href":"https:\/\/us.edu.pl\/absolwent\/wp-json\/wp\/v2\/pages\/1019"}],"collection":[{"href":"https:\/\/us.edu.pl\/absolwent\/wp-json\/wp\/v2\/pages"}],"about":[{"href":"https:\/\/us.edu.pl\/absolwent\/wp-json\/wp\/v2\/types\/page"}],"author":[{"embeddable":true,"href":"https:\/\/us.edu.pl\/absolwent\/wp-json\/wp\/v2\/users\/33"}],"replies":[{"embeddable":true,"href":"https:\/\/us.edu.pl\/absolwent\/wp-json\/wp\/v2\/comments?post=1019"}],"version-history":[{"count":2,"href":"https:\/\/us.edu.pl\/absolwent\/wp-json\/wp\/v2\/pages\/1019\/revisions"}],"predecessor-version":[{"id":1776,"href":"https:\/\/us.edu.pl\/absolwent\/wp-json\/wp\/v2\/pages\/1019\/revisions\/1776"}],"up":[{"embeddable":true,"href":"https:\/\/us.edu.pl\/absolwent\/wp-json\/wp\/v2\/pages\/290"}],"wp:attachment":[{"href":"https:\/\/us.edu.pl\/absolwent\/wp-json\/wp\/v2\/media?parent=1019"}],"curies":[{"name":"wp","href":"https:\/\/api.w.org\/{rel}","templated":true}]}}