{"id":1021,"date":"2019-11-28T14:33:28","date_gmt":"2019-11-28T13:33:28","guid":{"rendered":"https:\/\/us.edu.pl\/absolwent\/?page_id=1021"},"modified":"2021-03-01T15:08:14","modified_gmt":"2021-03-01T14:08:14","slug":"laurencja-nowacka","status":"publish","type":"page","link":"https:\/\/us.edu.pl\/absolwent\/absolwencius\/najlepsi-absolwenci-poprzednie-edycje\/najlepsi-absolwenci-roku-akademickiego-2016-2017\/laurencja-nowacka\/","title":{"rendered":"Laurencja Nowacka"},"content":{"rendered":"<p>[vc_row][vc_column]\r\n                <div class=\"text-modules\">\r\n                    <div class=\"container\">\r\n                        <h3 class=\"page-title text__title\">Laurencja Nowacka<\/h3>\r\n                        <div class=\"text-modules__content\"><p>absolwentka kierunku j\u0119zyk w\u0142oski z programem t\u0142umaczeniowym\u00a0na Wydziale Filologicznym U\u015a<\/p>\n<p>najlepsza absolwentka roku akademickiego 2016\/2017<\/p>\n<p>Absolwentka studi\u00f3w licencjackich na Wydziale Filologicznym Uniwersytetu \u015al\u0105skiego, gdzie uko\u0144czy\u0142a kierunek j\u0119zyk w\u0142oski z programem t\u0142umaczeniowym, uzyskuj\u0105c \u015bredni\u0105 ocen 4,94 oraz ocen\u0119 celuj\u0105c\u0105 na dyplomie. Zosta\u0142a wyr\u00f3\u017cniona stypendium JM Rektora dla najlepszych student\u00f3w. Gra na skrzypcach i fortepianie oraz \u015bpiewa. Ju\u017c w wieku 10 lat wyst\u0119powa\u0142a z Kwintetem Filharmonii \u015awi\u0119tokrzyskiej, czego efektem by\u0142o wsp\u00f3lne nagranie p\u0142yty. Zdobywczyni Grand Prix, laureatka pierwszych miejsc w konkursach og\u00f3lnopolskich i wojew\u00f3dzkich. Aktywnie uczestniczy w r\u00f3\u017cnych przedsi\u0119wzi\u0119ciach muzycznych. Przez 3 lata zwi\u0105zana z grup\u0105 teatraln\u0105 NOSTRESS. Wyst\u0105pi\u0142a w kilku spektaklach teatralnych i muzycznych. Bierze aktywny udzia\u0142 w wielu akcjach charytatywnych na rzecz chorych i niepe\u0142nosprawnych dzieci oraz doros\u0142ych poprzez liczne koncerty. Go\u015bcinnie wyst\u0105pi\u0142a na p\u0142ycie \u201eR\u00f3\u017cni ludzie\u201d Wojtka Stefa\u0144czyka- niepe\u0142nosprawnego autora tekst\u00f3w oraz kompozytora. Wyr\u00f3\u017cniona za pomoc wolontaryjn\u0105 przez Prezydenta Kielc podczas festiwalu muzycznego Europeade. Jej pozosta\u0142e zainteresowania to cywilizacja staro\u017cytnego Egiptu, kultura Bliskiego Wschodu, j\u0119zyki obce (w\u0142oski, hiszpa\u0144ski, francuski, arabski, angielski) oraz j\u0119zykoznawstwo kognitywne.<\/p>\n<\/div>\r\n                    <\/div>\r\n                <\/div>[\/vc_column][\/vc_row]<\/p>","protected":false},"excerpt":{"rendered":"<p>[vc_row][vc_column][\/vc_column][\/vc_row] [&#8230;]<\/p>\n<p><a class=\"btn btn-secondary understrap-read-more-link\" href=\"https:\/\/us.edu.pl\/absolwent\/absolwencius\/najlepsi-absolwenci-poprzednie-edycje\/najlepsi-absolwenci-roku-akademickiego-2016-2017\/laurencja-nowacka\/\">Read More&#8230;<\/a><\/p>\n","protected":false},"author":33,"featured_media":0,"parent":290,"menu_order":0,"comment_status":"closed","ping_status":"closed","template":"","meta":{"_expiration-date-status":"saved","_expiration-date":0,"_expiration-date-type":"","_expiration-date-categories":[],"_expiration-date-options":[]},"acf":[],"_links":{"self":[{"href":"https:\/\/us.edu.pl\/absolwent\/wp-json\/wp\/v2\/pages\/1021"}],"collection":[{"href":"https:\/\/us.edu.pl\/absolwent\/wp-json\/wp\/v2\/pages"}],"about":[{"href":"https:\/\/us.edu.pl\/absolwent\/wp-json\/wp\/v2\/types\/page"}],"author":[{"embeddable":true,"href":"https:\/\/us.edu.pl\/absolwent\/wp-json\/wp\/v2\/users\/33"}],"replies":[{"embeddable":true,"href":"https:\/\/us.edu.pl\/absolwent\/wp-json\/wp\/v2\/comments?post=1021"}],"version-history":[{"count":2,"href":"https:\/\/us.edu.pl\/absolwent\/wp-json\/wp\/v2\/pages\/1021\/revisions"}],"predecessor-version":[{"id":1777,"href":"https:\/\/us.edu.pl\/absolwent\/wp-json\/wp\/v2\/pages\/1021\/revisions\/1777"}],"up":[{"embeddable":true,"href":"https:\/\/us.edu.pl\/absolwent\/wp-json\/wp\/v2\/pages\/290"}],"wp:attachment":[{"href":"https:\/\/us.edu.pl\/absolwent\/wp-json\/wp\/v2\/media?parent=1021"}],"curies":[{"name":"wp","href":"https:\/\/api.w.org\/{rel}","templated":true}]}}