{"id":1028,"date":"2019-11-28T14:40:12","date_gmt":"2019-11-28T13:40:12","guid":{"rendered":"https:\/\/us.edu.pl\/absolwent\/?page_id=1028"},"modified":"2021-03-01T15:14:22","modified_gmt":"2021-03-01T14:14:22","slug":"karolina-kupczak","status":"publish","type":"page","link":"https:\/\/us.edu.pl\/absolwent\/absolwencius\/najlepsi-absolwenci-poprzednie-edycje\/najlepsi-absolwenci-roku-akademickiego-2016-2017\/karolina-kupczak\/","title":{"rendered":"Karolina Kupczak"},"content":{"rendered":"<p>[vc_row][vc_column]\r\n                <div class=\"text-modules\">\r\n                    <div class=\"container\">\r\n                        <h3 class=\"page-title text__title\">Karolina Kupczak<\/h3>\r\n                        <div class=\"text-modules__content\"><p>absolwentka studi\u00f3w licencjackich z ekonofizyki\u00a0na Wydziale Matematyki, Fizyki i Chemii U\u015a<\/p>\n<p>najlepsza absolwentka roku akademickiego 2016\/2017<\/p>\n<p>absolwentka studi\u00f3w licencjackich z ekonofizyki na Wydziale Matematyki, Fizyki i Chemii Uniwersytetu \u015al\u0105skiego, kt\u00f3re uko\u0144czy\u0142a ze \u015bredni\u0105 ocen 4,52 oraz bardzo dobr\u0105 ocen\u0105 na dyplomie. Uzyska\u0142 stypendium JM Rektora dla najlepszych student\u00f3w w roku akademickim 2016\/2017. Absolwenta bra\u0142a udzia\u0142 w konferencji DAY TRADER EVENT (9-11.09.2016) oraz pomaga\u0142a w organizacji konkursu \u201e\u015aFISTEK\u201d dla szk\u00f3\u0142 \u015brednich. Jej zainteresowania to inwestycje i zarz\u0105dzanie ryzykiem, a na swoim koncie mo\u017ce zapisa\u0107 uko\u0144czony kurs traderski na ameryka\u0144skim rynku akcji oraz analityczny kurs maklerski.<\/p>\n<\/div>\r\n                    <\/div>\r\n                <\/div>[\/vc_column][\/vc_row]<\/p>","protected":false},"excerpt":{"rendered":"<p>[vc_row][vc_column][\/vc_column][\/vc_row] [&#8230;]<\/p>\n<p><a class=\"btn btn-secondary understrap-read-more-link\" href=\"https:\/\/us.edu.pl\/absolwent\/absolwencius\/najlepsi-absolwenci-poprzednie-edycje\/najlepsi-absolwenci-roku-akademickiego-2016-2017\/karolina-kupczak\/\">Read More&#8230;<\/a><\/p>\n","protected":false},"author":33,"featured_media":0,"parent":290,"menu_order":0,"comment_status":"closed","ping_status":"closed","template":"","meta":{"_expiration-date-status":"saved","_expiration-date":0,"_expiration-date-type":"","_expiration-date-categories":[],"_expiration-date-options":[]},"acf":[],"_links":{"self":[{"href":"https:\/\/us.edu.pl\/absolwent\/wp-json\/wp\/v2\/pages\/1028"}],"collection":[{"href":"https:\/\/us.edu.pl\/absolwent\/wp-json\/wp\/v2\/pages"}],"about":[{"href":"https:\/\/us.edu.pl\/absolwent\/wp-json\/wp\/v2\/types\/page"}],"author":[{"embeddable":true,"href":"https:\/\/us.edu.pl\/absolwent\/wp-json\/wp\/v2\/users\/33"}],"replies":[{"embeddable":true,"href":"https:\/\/us.edu.pl\/absolwent\/wp-json\/wp\/v2\/comments?post=1028"}],"version-history":[{"count":2,"href":"https:\/\/us.edu.pl\/absolwent\/wp-json\/wp\/v2\/pages\/1028\/revisions"}],"predecessor-version":[{"id":1780,"href":"https:\/\/us.edu.pl\/absolwent\/wp-json\/wp\/v2\/pages\/1028\/revisions\/1780"}],"up":[{"embeddable":true,"href":"https:\/\/us.edu.pl\/absolwent\/wp-json\/wp\/v2\/pages\/290"}],"wp:attachment":[{"href":"https:\/\/us.edu.pl\/absolwent\/wp-json\/wp\/v2\/media?parent=1028"}],"curies":[{"name":"wp","href":"https:\/\/api.w.org\/{rel}","templated":true}]}}