{"id":1030,"date":"2019-11-28T14:41:28","date_gmt":"2019-11-28T13:41:28","guid":{"rendered":"https:\/\/us.edu.pl\/absolwent\/?page_id=1030"},"modified":"2021-03-01T15:15:43","modified_gmt":"2021-03-01T14:15:43","slug":"pawel-promny","status":"publish","type":"page","link":"https:\/\/us.edu.pl\/absolwent\/absolwencius\/najlepsi-absolwenci-poprzednie-edycje\/najlepsi-absolwenci-roku-akademickiego-2016-2017\/pawel-promny\/","title":{"rendered":"Pawe\u0142 Promny"},"content":{"rendered":"<p>[vc_row][vc_column]\r\n                <div class=\"text-modules\">\r\n                    <div class=\"container\">\r\n                        <h3 class=\"page-title text__title\">Pawe\u0142 Promny<\/h3>\r\n                        <div class=\"text-modules__content\"><p>absolwent fizyki og\u00f3lnej\u00a0na Wydziale Matematyki, Fizyki i Chemii U\u015a<\/p>\n<p>najlepszy absolwent roku akademickiego 2016\/2017<\/p>\n<p>Studia uko\u0144czy\u0142 ze \u015bredni\u0105 ocen 4,68, a prac\u0119 obroni\u0142 na ocen\u0119 celuj\u0105c\u0105. Obecnie prowadzi badania na temat samoorganizacji adatom\u00f3w na grafenie pod opiek\u0105 prof. dr. hab. Macieja Ma\u015bki. Uczestnik konferencji naukowych. Swoj\u0105 wiedz\u0105 dzieli si\u0119 prowadz\u0105c zaj\u0119cia dodatkowe z programowania w j\u0119zyku Python dla uczni\u00f3w gimnazjum. Cz\u0142onek w Kole Naukowym Fizyk\u00f3w Uniwersytetu \u015al\u0105skiego, a tak\u017ce w Mensa Polska oraz PTTK. Jego zami\u0142owanie to turystyka i fotografia.<\/p>\n<\/div>\r\n                    <\/div>\r\n                <\/div>[\/vc_column][\/vc_row]<\/p>","protected":false},"excerpt":{"rendered":"<p>[vc_row][vc_column][\/vc_column][\/vc_row] [&#8230;]<\/p>\n<p><a class=\"btn btn-secondary understrap-read-more-link\" href=\"https:\/\/us.edu.pl\/absolwent\/absolwencius\/najlepsi-absolwenci-poprzednie-edycje\/najlepsi-absolwenci-roku-akademickiego-2016-2017\/pawel-promny\/\">Read More&#8230;<\/a><\/p>\n","protected":false},"author":33,"featured_media":0,"parent":290,"menu_order":0,"comment_status":"closed","ping_status":"closed","template":"","meta":{"_expiration-date-status":"saved","_expiration-date":0,"_expiration-date-type":"","_expiration-date-categories":[],"_expiration-date-options":[]},"acf":[],"_links":{"self":[{"href":"https:\/\/us.edu.pl\/absolwent\/wp-json\/wp\/v2\/pages\/1030"}],"collection":[{"href":"https:\/\/us.edu.pl\/absolwent\/wp-json\/wp\/v2\/pages"}],"about":[{"href":"https:\/\/us.edu.pl\/absolwent\/wp-json\/wp\/v2\/types\/page"}],"author":[{"embeddable":true,"href":"https:\/\/us.edu.pl\/absolwent\/wp-json\/wp\/v2\/users\/33"}],"replies":[{"embeddable":true,"href":"https:\/\/us.edu.pl\/absolwent\/wp-json\/wp\/v2\/comments?post=1030"}],"version-history":[{"count":2,"href":"https:\/\/us.edu.pl\/absolwent\/wp-json\/wp\/v2\/pages\/1030\/revisions"}],"predecessor-version":[{"id":1781,"href":"https:\/\/us.edu.pl\/absolwent\/wp-json\/wp\/v2\/pages\/1030\/revisions\/1781"}],"up":[{"embeddable":true,"href":"https:\/\/us.edu.pl\/absolwent\/wp-json\/wp\/v2\/pages\/290"}],"wp:attachment":[{"href":"https:\/\/us.edu.pl\/absolwent\/wp-json\/wp\/v2\/media?parent=1030"}],"curies":[{"name":"wp","href":"https:\/\/api.w.org\/{rel}","templated":true}]}}