{"id":1036,"date":"2019-11-28T14:44:19","date_gmt":"2019-11-28T13:44:19","guid":{"rendered":"https:\/\/us.edu.pl\/absolwent\/?page_id=1036"},"modified":"2021-03-01T15:21:37","modified_gmt":"2021-03-01T14:21:37","slug":"kinga-slosarczyk","status":"publish","type":"page","link":"https:\/\/us.edu.pl\/absolwent\/absolwencius\/najlepsi-absolwenci-poprzednie-edycje\/najlepsi-absolwenci-roku-akademickiego-2016-2017\/kinga-slosarczyk\/","title":{"rendered":"Kinga \u015al\u00f3sarczyk"},"content":{"rendered":"<p>[vc_row][vc_column]\r\n                <div class=\"text-modules\">\r\n                    <div class=\"container\">\r\n                        <h3 class=\"page-title text__title\">Kinga \u015al\u00f3sarczyk<\/h3>\r\n                        <div class=\"text-modules__content\"><p>absolwentka na kierunku geologia\u00a0na Wydziale Nauk o Ziemi U\u015a<\/p>\n<p>najlepsza absolwentka roku akademickiego 2016\/2017<\/p>\n<p>Uzyska\u0142a \u015bredni\u0105 ocen ze studi\u00f3w 4,38. Prac\u0119 magistersk\u0105 obroni\u0142a na ocen\u0119 celuj\u0105c\u0105. Bra\u0142a udzia\u0142 w konferencjach, m.in. konferencja k\u00f3\u0142 naukowych Wydzia\u0142u Nauk o Ziemi Uniwersytetu \u015al\u0105skiego Barb\u00f3rka (2015 i 2016) oraz International Field Workshop for Young Hydrogeologists (2015 i 2016). W czasie studi\u00f3w otrzymywa\u0142a stypendium JM Rektora Uniwersytetu \u015al\u0105skiego. Przewodnicz\u0105ca Studenckiego Ko\u0142a Naukowego Hydrolog\u00f3w AQUA, cz\u0142onek Studenckiego Ko\u0142a Naukowego Geolog\u00f3w. Interesuje si\u0119 kultur\u0105 i j\u0119zykiem japo\u0144skim oraz geologi\u0105.<\/p>\n<\/div>\r\n                    <\/div>\r\n                <\/div>[\/vc_column][\/vc_row]<\/p>","protected":false},"excerpt":{"rendered":"<p>[vc_row][vc_column][\/vc_column][\/vc_row] [&#8230;]<\/p>\n<p><a class=\"btn btn-secondary understrap-read-more-link\" href=\"https:\/\/us.edu.pl\/absolwent\/absolwencius\/najlepsi-absolwenci-poprzednie-edycje\/najlepsi-absolwenci-roku-akademickiego-2016-2017\/kinga-slosarczyk\/\">Read More&#8230;<\/a><\/p>\n","protected":false},"author":33,"featured_media":0,"parent":290,"menu_order":0,"comment_status":"closed","ping_status":"closed","template":"","meta":{"_expiration-date-status":"saved","_expiration-date":0,"_expiration-date-type":"","_expiration-date-categories":[],"_expiration-date-options":[]},"acf":[],"_links":{"self":[{"href":"https:\/\/us.edu.pl\/absolwent\/wp-json\/wp\/v2\/pages\/1036"}],"collection":[{"href":"https:\/\/us.edu.pl\/absolwent\/wp-json\/wp\/v2\/pages"}],"about":[{"href":"https:\/\/us.edu.pl\/absolwent\/wp-json\/wp\/v2\/types\/page"}],"author":[{"embeddable":true,"href":"https:\/\/us.edu.pl\/absolwent\/wp-json\/wp\/v2\/users\/33"}],"replies":[{"embeddable":true,"href":"https:\/\/us.edu.pl\/absolwent\/wp-json\/wp\/v2\/comments?post=1036"}],"version-history":[{"count":2,"href":"https:\/\/us.edu.pl\/absolwent\/wp-json\/wp\/v2\/pages\/1036\/revisions"}],"predecessor-version":[{"id":1784,"href":"https:\/\/us.edu.pl\/absolwent\/wp-json\/wp\/v2\/pages\/1036\/revisions\/1784"}],"up":[{"embeddable":true,"href":"https:\/\/us.edu.pl\/absolwent\/wp-json\/wp\/v2\/pages\/290"}],"wp:attachment":[{"href":"https:\/\/us.edu.pl\/absolwent\/wp-json\/wp\/v2\/media?parent=1036"}],"curies":[{"name":"wp","href":"https:\/\/api.w.org\/{rel}","templated":true}]}}