{"id":1040,"date":"2019-11-28T14:46:20","date_gmt":"2019-11-28T13:46:20","guid":{"rendered":"https:\/\/us.edu.pl\/absolwent\/?page_id=1040"},"modified":"2021-03-01T15:26:37","modified_gmt":"2021-03-01T14:26:37","slug":"iwona-zakrzewska","status":"publish","type":"page","link":"https:\/\/us.edu.pl\/absolwent\/absolwencius\/najlepsi-absolwenci-poprzednie-edycje\/najlepsi-absolwenci-roku-akademickiego-2016-2017\/iwona-zakrzewska\/","title":{"rendered":"Iwona Zakrzewska"},"content":{"rendered":"<p>[vc_row][vc_column]\r\n                <div class=\"text-modules\">\r\n                    <div class=\"container\">\r\n                        <h3 class=\"page-title text__title\">Iwona Zakrzewska<\/h3>\r\n                        <div class=\"text-modules__content\"><p>absolwentka kierunku historia\u00a0na Wydziale Nauk Spo\u0142ecznych U\u015a<\/p>\n<p>najlepsza absolwentka roku akademickiego 2016\/2017<\/p>\n<p>Studia uko\u0144czy\u0142 ze \u015bredni\u0105 ocen 4,77 oraz celuj\u0105c\u0105 ocen\u0105 na dyplomie. Podczas studi\u00f3w uczestniczy\u0142a w licznych konferencjach naukowych, m.in. IV Konferencja Pan\u015bl\u0105ska na Uniwersytecie \u015al\u0105skim (2014) \u201eDaj mi dusz\u0119, reszt\u0119 zabierz\u201d \u2013 August Kardyna\u0142 Hlond opowie\u015b\u0107 zwyczajna; czy Og\u00f3lnopolska Konferencja naukowa studencko-doktorancka \u201e\u015awi\u0105teczne spotkanie mediewistyczne\u201d na Uniwersytecie \u0141\u00f3dzkim (2015). Otrzymywa\u0142a Stypendium JM Rektora Uniwersytetu \u015al\u0105skiego oraz stypendium Ministra Nauki i Szkolnictwa Wy\u017cszego. Bra\u0142a udzia\u0142 w pracach Archiwum Towarzystwa Jezusowego w Krakowie nad opracowaniem spu\u015bcizny po Marcinie Czermi\u0144skim. Jej pasj\u0105 s\u0105: szeroko poj\u0119ta historia Ko\u015bcio\u0142a, wierzenia i przekazy o charakterze apokaliptycznym oraz literatura faktu i literatura pi\u0119kna.<\/p>\n<\/div>\r\n                    <\/div>\r\n                <\/div>[\/vc_column][\/vc_row]<\/p>","protected":false},"excerpt":{"rendered":"<p>[vc_row][vc_column][\/vc_column][\/vc_row] [&#8230;]<\/p>\n<p><a class=\"btn btn-secondary understrap-read-more-link\" href=\"https:\/\/us.edu.pl\/absolwent\/absolwencius\/najlepsi-absolwenci-poprzednie-edycje\/najlepsi-absolwenci-roku-akademickiego-2016-2017\/iwona-zakrzewska\/\">Read More&#8230;<\/a><\/p>\n","protected":false},"author":33,"featured_media":0,"parent":290,"menu_order":0,"comment_status":"closed","ping_status":"closed","template":"","meta":{"_expiration-date-status":"saved","_expiration-date":0,"_expiration-date-type":"","_expiration-date-categories":[],"_expiration-date-options":[]},"acf":[],"_links":{"self":[{"href":"https:\/\/us.edu.pl\/absolwent\/wp-json\/wp\/v2\/pages\/1040"}],"collection":[{"href":"https:\/\/us.edu.pl\/absolwent\/wp-json\/wp\/v2\/pages"}],"about":[{"href":"https:\/\/us.edu.pl\/absolwent\/wp-json\/wp\/v2\/types\/page"}],"author":[{"embeddable":true,"href":"https:\/\/us.edu.pl\/absolwent\/wp-json\/wp\/v2\/users\/33"}],"replies":[{"embeddable":true,"href":"https:\/\/us.edu.pl\/absolwent\/wp-json\/wp\/v2\/comments?post=1040"}],"version-history":[{"count":2,"href":"https:\/\/us.edu.pl\/absolwent\/wp-json\/wp\/v2\/pages\/1040\/revisions"}],"predecessor-version":[{"id":1786,"href":"https:\/\/us.edu.pl\/absolwent\/wp-json\/wp\/v2\/pages\/1040\/revisions\/1786"}],"up":[{"embeddable":true,"href":"https:\/\/us.edu.pl\/absolwent\/wp-json\/wp\/v2\/pages\/290"}],"wp:attachment":[{"href":"https:\/\/us.edu.pl\/absolwent\/wp-json\/wp\/v2\/media?parent=1040"}],"curies":[{"name":"wp","href":"https:\/\/api.w.org\/{rel}","templated":true}]}}