{"id":1042,"date":"2019-11-28T14:47:11","date_gmt":"2019-11-28T13:47:11","guid":{"rendered":"https:\/\/us.edu.pl\/absolwent\/?page_id=1042"},"modified":"2021-03-01T15:28:28","modified_gmt":"2021-03-01T14:28:28","slug":"kamil-wieczorek","status":"publish","type":"page","link":"https:\/\/us.edu.pl\/absolwent\/absolwencius\/najlepsi-absolwenci-poprzednie-edycje\/najlepsi-absolwenci-roku-akademickiego-2016-2017\/kamil-wieczorek\/","title":{"rendered":"Kamil Wieczorek"},"content":{"rendered":"<p>[vc_row][vc_column]\r\n                <div class=\"text-modules\">\r\n                    <div class=\"container\">\r\n                        <h3 class=\"page-title text__title\">Kamil Wieczorek<\/h3>\r\n                        <div class=\"text-modules__content\"><p>absolwent filozofii\u00a0na Wydziale Nauk Spo\u0142ecznych U\u015a<\/p>\n<p>najlepszy absolwent roku akademickiego 2016\/2017<\/p>\n<p>Studia magisterskie uko\u0144czy\u0142 ze \u015bredni\u0105 ocen 4,98 oraz celuj\u0105c\u0105 ocen\u0105 na dyplomie. Otrzyma\u0142 stypendium Ministra Nauki i Szkolnictwa Wy\u017cszego za wybitne osi\u0105gni\u0119cia w nauce w latach 2015\/2016 i 2016\/2017, stypendium JM Rektora dla najlepszych student\u00f3w nieprzerwanie w latach 2013-2017, wyr\u00f3\u017cnienie JM Rektora dla najlepszych student\u00f3w w roku akademickim 2016\/2017, stypendium Rady Miasta \u015awi\u0119toch\u0142owice dla najzdolniejszych student\u00f3w za lata 2014\/2015, 2015\/2016 oraz zosta\u0142 finalist\u0105 w konkursie Studencki Nobel w 2017 roku w kategorii nauki spo\u0142eczno-ekonomiczne. Absolwent ma na swoim koncie dwie monografie: Podstawa dostateczna \u017cycia szcz\u0119\u015bliwego. Szcz\u0119\u015bcie u Arystypa i Epikura oraz Mi\u0119dzy Felicitas a Tanatosem. Filozoficzno-psychologiczne rozwa\u017cania o \u017cyciu i szcz\u0119\u015bciu [wsp\u00f3lnie z A. M. Jasi\u0144skim], poza tym liczne artyku\u0142y w czasopismach oraz w biuletynach, a tak\u017ce rozdzia\u0142y w monografiach. Jest za\u0142o\u017cycielem oraz prezesem zarz\u0105du fundacji \u201edzie\u0144 dobry! kolektyw kultury\u201d, za\u0142o\u017cycielem oraz redaktorem naczelnym czasopisma interdyscyplinarnego \u201eAmor Fati\u201d, ponadto redaktorem oraz korektorem Chropaczowskich \u201eWiadomo\u015bci Parafialnych\u201d. Poza tym, z czym zwi\u0105zana jest jego dzia\u0142alno\u015b\u0107, lubi czyta\u0107 beletrystyk\u0119, g\u0142\u00f3wnie powie\u015bci kryminalne i egzystencjalne.<\/p>\n<\/div>\r\n                    <\/div>\r\n                <\/div>[\/vc_column][\/vc_row]<\/p>","protected":false},"excerpt":{"rendered":"<p>[vc_row][vc_column][\/vc_column][\/vc_row] [&#8230;]<\/p>\n<p><a class=\"btn btn-secondary understrap-read-more-link\" href=\"https:\/\/us.edu.pl\/absolwent\/absolwencius\/najlepsi-absolwenci-poprzednie-edycje\/najlepsi-absolwenci-roku-akademickiego-2016-2017\/kamil-wieczorek\/\">Read More&#8230;<\/a><\/p>\n","protected":false},"author":33,"featured_media":0,"parent":290,"menu_order":0,"comment_status":"closed","ping_status":"closed","template":"","meta":{"_expiration-date-status":"saved","_expiration-date":0,"_expiration-date-type":"","_expiration-date-categories":[],"_expiration-date-options":[]},"acf":[],"_links":{"self":[{"href":"https:\/\/us.edu.pl\/absolwent\/wp-json\/wp\/v2\/pages\/1042"}],"collection":[{"href":"https:\/\/us.edu.pl\/absolwent\/wp-json\/wp\/v2\/pages"}],"about":[{"href":"https:\/\/us.edu.pl\/absolwent\/wp-json\/wp\/v2\/types\/page"}],"author":[{"embeddable":true,"href":"https:\/\/us.edu.pl\/absolwent\/wp-json\/wp\/v2\/users\/33"}],"replies":[{"embeddable":true,"href":"https:\/\/us.edu.pl\/absolwent\/wp-json\/wp\/v2\/comments?post=1042"}],"version-history":[{"count":2,"href":"https:\/\/us.edu.pl\/absolwent\/wp-json\/wp\/v2\/pages\/1042\/revisions"}],"predecessor-version":[{"id":1787,"href":"https:\/\/us.edu.pl\/absolwent\/wp-json\/wp\/v2\/pages\/1042\/revisions\/1787"}],"up":[{"embeddable":true,"href":"https:\/\/us.edu.pl\/absolwent\/wp-json\/wp\/v2\/pages\/290"}],"wp:attachment":[{"href":"https:\/\/us.edu.pl\/absolwent\/wp-json\/wp\/v2\/media?parent=1042"}],"curies":[{"name":"wp","href":"https:\/\/api.w.org\/{rel}","templated":true}]}}