{"id":1044,"date":"2019-11-28T14:48:07","date_gmt":"2019-11-28T13:48:07","guid":{"rendered":"https:\/\/us.edu.pl\/absolwent\/?page_id=1044"},"modified":"2021-03-01T15:30:31","modified_gmt":"2021-03-01T14:30:31","slug":"agata-popanda","status":"publish","type":"page","link":"https:\/\/us.edu.pl\/absolwent\/absolwencius\/najlepsi-absolwenci-poprzednie-edycje\/najlepsi-absolwenci-roku-akademickiego-2016-2017\/agata-popanda\/","title":{"rendered":"Agata Popanda"},"content":{"rendered":"<p>[vc_row][vc_column]\r\n                <div class=\"text-modules\">\r\n                    <div class=\"container\">\r\n                        <h3 class=\"page-title text__title\">Agata Popanda<\/h3>\r\n                        <div class=\"text-modules__content\"><p>absolwentka kierunku \u2013 psychologia na Wydziale Pedagogiki i Psychologii U\u015a<\/p>\n<p>najlepsza absolwentka roku akademickiego 2016\/2017<\/p>\n<p>Studia uko\u0144czy\u0142a z ocen\u0105 celuj\u0105c\u0105 na dyplomie. Dwukrotna laureatka stypendium JM Rektora Uniwersytetu \u015al\u0105skiego dla najlepszych student\u00f3w. Autorka artyku\u0142\u00f3w na portalu Wi\u0119c Jestem: \u201eM\u00f3zg-Artysta, czyli kilka s\u0142\u00f3w o neuroplastyczno\u015bci\u201d i \u201ePi\u0107 czy nie pi\u0107? \u2013 oto jest pytanie. Konformizm normatywny w\u015br\u00f3d m\u0142odzie\u017cy\u201d. Pe\u0142ni\u0142a rol\u0119 facylitatora podczas II i III edycji projektu naukowo-badawczego \u201eZdrowe \u017bycie z Cukrzyc\u0105\u201d. W trakcie studi\u00f3w by\u0142a wolontariuszk\u0105 \u201eSzlachetnej Paczki\u201d, tutorem w \u201eAkademii Przysz\u0142o\u015bci\u201d (programy Stowarzyszenia WIOSNA) oraz wolontariuszk\u0105 Stowarzyszenia PoMOC. Do jej hobby nale\u017c\u0105: kynologia, w\u0119dr\u00f3wki g\u00f3rskie, ogl\u0105danie serialu \u201eChirurdzy\u201d, \u201eszukanie dobra, zastanawianie si\u0119, czy wszystko jest tak, jak by\u0107 powinno i czy nie mog\u0142oby by\u0107 lepiej\u201d.<\/p>\n<\/div>\r\n                    <\/div>\r\n                <\/div>[\/vc_column][\/vc_row]<\/p>","protected":false},"excerpt":{"rendered":"<p>[vc_row][vc_column][\/vc_column][\/vc_row] [&#8230;]<\/p>\n<p><a class=\"btn btn-secondary understrap-read-more-link\" href=\"https:\/\/us.edu.pl\/absolwent\/absolwencius\/najlepsi-absolwenci-poprzednie-edycje\/najlepsi-absolwenci-roku-akademickiego-2016-2017\/agata-popanda\/\">Read More&#8230;<\/a><\/p>\n","protected":false},"author":33,"featured_media":0,"parent":290,"menu_order":0,"comment_status":"closed","ping_status":"closed","template":"","meta":{"_expiration-date-status":"saved","_expiration-date":0,"_expiration-date-type":"","_expiration-date-categories":[],"_expiration-date-options":[]},"acf":[],"_links":{"self":[{"href":"https:\/\/us.edu.pl\/absolwent\/wp-json\/wp\/v2\/pages\/1044"}],"collection":[{"href":"https:\/\/us.edu.pl\/absolwent\/wp-json\/wp\/v2\/pages"}],"about":[{"href":"https:\/\/us.edu.pl\/absolwent\/wp-json\/wp\/v2\/types\/page"}],"author":[{"embeddable":true,"href":"https:\/\/us.edu.pl\/absolwent\/wp-json\/wp\/v2\/users\/33"}],"replies":[{"embeddable":true,"href":"https:\/\/us.edu.pl\/absolwent\/wp-json\/wp\/v2\/comments?post=1044"}],"version-history":[{"count":2,"href":"https:\/\/us.edu.pl\/absolwent\/wp-json\/wp\/v2\/pages\/1044\/revisions"}],"predecessor-version":[{"id":1788,"href":"https:\/\/us.edu.pl\/absolwent\/wp-json\/wp\/v2\/pages\/1044\/revisions\/1788"}],"up":[{"embeddable":true,"href":"https:\/\/us.edu.pl\/absolwent\/wp-json\/wp\/v2\/pages\/290"}],"wp:attachment":[{"href":"https:\/\/us.edu.pl\/absolwent\/wp-json\/wp\/v2\/media?parent=1044"}],"curies":[{"name":"wp","href":"https:\/\/api.w.org\/{rel}","templated":true}]}}