{"id":1046,"date":"2019-11-28T14:49:18","date_gmt":"2019-11-28T13:49:18","guid":{"rendered":"https:\/\/us.edu.pl\/absolwent\/?page_id=1046"},"modified":"2021-03-01T15:32:19","modified_gmt":"2021-03-01T14:32:19","slug":"klaudia-sznapka","status":"publish","type":"page","link":"https:\/\/us.edu.pl\/absolwent\/absolwencius\/najlepsi-absolwenci-poprzednie-edycje\/najlepsi-absolwenci-roku-akademickiego-2016-2017\/klaudia-sznapka\/","title":{"rendered":"Klaudia Sznapka"},"content":{"rendered":"<p>[vc_row][vc_column]\r\n                <div class=\"text-modules\">\r\n                    <div class=\"container\">\r\n                        <h3 class=\"page-title text__title\">Klaudia Sznapka<\/h3>\r\n                        <div class=\"text-modules__content\"><p>absolwentka psychologii\u00a0na Wydziale Pedagogiki i Psychologii U\u015a<\/p>\n<p>najlepsza absolwentka roku akademickiego 2016\/2017<\/p>\n<p>Dwukrotna laureatka stypendium JM Rektora U\u015a dla najlepszych student\u00f3w. Cz\u0142onkini Studenckiego Ko\u0142a Psychoterapii i Treningu Psychologicznego dzia\u0142aj\u0105cego przy Instytucie Psychologii U\u015a w Katowicach. Uczestniczka projekt\u00f3w badawczych (m.in. &#8222;Ocena wiarygodno\u015bci wyja\u015bnie\u0144 przy zastosowaniu psychologicznych i prawniczych kryteri\u00f3w tre\u015bciowych&#8221; w charakterze s\u0119dziego kompetentnego, realizowanym w Zak\u0142adzie Psychologii Klinicznej i S\u0105dowej U\u015a w Katowicach we wsp\u00f3\u0142pracy z Wydzia\u0142em Prawa Uniwersytetu w Uppsali) oraz konferencji naukowych (m.in. XIV Og\u00f3lnopolskiej Konferencji Naukowej z cyklu \u201eZastosowanie psychologii klinicznej i nauk stykowych w praktyce s\u0105dowej\u201d). Wsp\u00f3\u0142autorka artyku\u0142u naukowego pt.\u201d Wp\u0142yw modalno\u015bci zawartej w pytaniach na trafno\u015b\u0107 zezna\u0144 adolescent\u00f3w\u201d w pracy zbiorowej pod redakcj\u0105 dr. Bartosza W. Wojciechowskiego pt. &#8222;Zeznania i wyja\u015bnienia. Badania nad ocen\u0105 i psychologicznymi uwarunkowaniami&#8221;(2017). Zaanga\u017cowana w liczne szkolenia i warsztaty skupione na tematyce psychologii klinicznej, pomocy ofiarom przemocy, psychoterapii, pracy z dzie\u0107mi. Wolontariuszka w Centrum Pomocy Rodzinie \u201eModus Vivendi\u201d w Siemianowicach \u015al\u0105skich, Miejskiej Izbie Wytrze\u017awie\u0144 i O\u015brodku Pomocy Dla Os\u00f3b Uzale\u017cnionych od alkoholu w Katowicach, Terapeutycznym Punkcie Przedszkolnym \u201eKraina Marze\u0144&#8221; w Katowicach. Jej hobby to fotografia, podr\u00f3\u017ce, sport (fitness, p\u0142ywanie) literatura wsp\u00f3\u0142czesna.<\/p>\n<\/div>\r\n                    <\/div>\r\n                <\/div>[\/vc_column][\/vc_row]<\/p>","protected":false},"excerpt":{"rendered":"<p>[vc_row][vc_column][\/vc_column][\/vc_row] [&#8230;]<\/p>\n<p><a class=\"btn btn-secondary understrap-read-more-link\" href=\"https:\/\/us.edu.pl\/absolwent\/absolwencius\/najlepsi-absolwenci-poprzednie-edycje\/najlepsi-absolwenci-roku-akademickiego-2016-2017\/klaudia-sznapka\/\">Read More&#8230;<\/a><\/p>\n","protected":false},"author":33,"featured_media":0,"parent":290,"menu_order":0,"comment_status":"closed","ping_status":"closed","template":"","meta":{"_expiration-date-status":"saved","_expiration-date":0,"_expiration-date-type":"","_expiration-date-categories":[],"_expiration-date-options":[]},"acf":[],"_links":{"self":[{"href":"https:\/\/us.edu.pl\/absolwent\/wp-json\/wp\/v2\/pages\/1046"}],"collection":[{"href":"https:\/\/us.edu.pl\/absolwent\/wp-json\/wp\/v2\/pages"}],"about":[{"href":"https:\/\/us.edu.pl\/absolwent\/wp-json\/wp\/v2\/types\/page"}],"author":[{"embeddable":true,"href":"https:\/\/us.edu.pl\/absolwent\/wp-json\/wp\/v2\/users\/33"}],"replies":[{"embeddable":true,"href":"https:\/\/us.edu.pl\/absolwent\/wp-json\/wp\/v2\/comments?post=1046"}],"version-history":[{"count":2,"href":"https:\/\/us.edu.pl\/absolwent\/wp-json\/wp\/v2\/pages\/1046\/revisions"}],"predecessor-version":[{"id":1789,"href":"https:\/\/us.edu.pl\/absolwent\/wp-json\/wp\/v2\/pages\/1046\/revisions\/1789"}],"up":[{"embeddable":true,"href":"https:\/\/us.edu.pl\/absolwent\/wp-json\/wp\/v2\/pages\/290"}],"wp:attachment":[{"href":"https:\/\/us.edu.pl\/absolwent\/wp-json\/wp\/v2\/media?parent=1046"}],"curies":[{"name":"wp","href":"https:\/\/api.w.org\/{rel}","templated":true}]}}