{"id":1050,"date":"2019-11-28T14:51:32","date_gmt":"2019-11-28T13:51:32","guid":{"rendered":"https:\/\/us.edu.pl\/absolwent\/?page_id=1050"},"modified":"2021-03-03T14:51:48","modified_gmt":"2021-03-03T13:51:48","slug":"rafal-fic","status":"publish","type":"page","link":"https:\/\/us.edu.pl\/absolwent\/absolwencius\/najlepsi-absolwenci-poprzednie-edycje\/najlepsi-absolwenci-roku-akademickiego-2016-2017\/rafal-fic\/","title":{"rendered":"Rafa\u0142 Fic"},"content":{"rendered":"<p>[vc_row][vc_column]\r\n                <div class=\"text-modules\">\r\n                    <div class=\"container\">\r\n                        <h3 class=\"page-title text__title\">Rafa\u0142 Fic<\/h3>\r\n                        <div class=\"text-modules__content\"><p>absolwent kierunku prawo\u00a0na Wydziale Prawa i Administracji U\u015a<\/p>\n<p>najlepszy absolwent roku akademickiego 2016\/2017<\/p>\n<p>Czterokrotny laureat stypendium JM Rektora U\u015a dla najlepszych student\u00f3w. Aktywny uczestnik dw\u00f3ch konferencji naukowych oraz organizator og\u00f3lnopolskiej konferencji naukowej \u201eKarnoprawne aspekty zwalczania terroryzmu\u201d organizowanej przez KN Prawa Karnego \u201eUltima Ratio\u201d (2017). Na swoim koncie ma pi\u0119\u0107 publikacji w czasopi\u015bmie \u201eEkologia\u201d na temat regulacji prawnych zwi\u0105zanych z zagadnieniami ekologicznymi. Cz\u0142onek Ko\u0142a Naukowego Prawa Karnego \u201eUltima Ratio\u201d w latach od 2014 do 2017 r., w roku akademickim 2016\/2017 przewodnicz\u0105cy tego Ko\u0142a. Laureat II miejsca na XX Lokalnym Konkursie Krasom\u00f3wczym na WPiA U\u015a (2015\/2016). Reprezentant WPiA na og\u00f3lnopolskiej Olimpiadzie Historyczno-Prawnej im. M. Sczanieckiego, kt\u00f3rej fina\u0142 odby\u0142 si\u0119 na Uniwersytecie Kardyna\u0142a Stanis\u0142awa Wyszy\u0144skiego w Warszawie (2012\/2013). Rafa\u0142 Fic uczestniczy\u0142 tak\u017ce, w charakterze przedstawiciela student\u00f3w, w Kolegium Elektor\u00f3w Uniwersytetu \u015al\u0105skiego \u2013 pe\u0142nienie obowi\u0105zk\u00f3w zwi\u0105zanych z wyborami obecnie urz\u0119duj\u0105cych w\u0142adz rektorskich.<\/p>\n<\/div>\r\n                    <\/div>\r\n                <\/div>[\/vc_column][\/vc_row]<\/p>","protected":false},"excerpt":{"rendered":"<p>[vc_row][vc_column][\/vc_column][\/vc_row] [&#8230;]<\/p>\n<p><a class=\"btn btn-secondary understrap-read-more-link\" href=\"https:\/\/us.edu.pl\/absolwent\/absolwencius\/najlepsi-absolwenci-poprzednie-edycje\/najlepsi-absolwenci-roku-akademickiego-2016-2017\/rafal-fic\/\">Read More&#8230;<\/a><\/p>\n","protected":false},"author":33,"featured_media":0,"parent":290,"menu_order":0,"comment_status":"closed","ping_status":"closed","template":"","meta":{"_expiration-date-status":"saved","_expiration-date":0,"_expiration-date-type":"","_expiration-date-categories":[],"_expiration-date-options":[]},"acf":[],"_links":{"self":[{"href":"https:\/\/us.edu.pl\/absolwent\/wp-json\/wp\/v2\/pages\/1050"}],"collection":[{"href":"https:\/\/us.edu.pl\/absolwent\/wp-json\/wp\/v2\/pages"}],"about":[{"href":"https:\/\/us.edu.pl\/absolwent\/wp-json\/wp\/v2\/types\/page"}],"author":[{"embeddable":true,"href":"https:\/\/us.edu.pl\/absolwent\/wp-json\/wp\/v2\/users\/33"}],"replies":[{"embeddable":true,"href":"https:\/\/us.edu.pl\/absolwent\/wp-json\/wp\/v2\/comments?post=1050"}],"version-history":[{"count":2,"href":"https:\/\/us.edu.pl\/absolwent\/wp-json\/wp\/v2\/pages\/1050\/revisions"}],"predecessor-version":[{"id":1791,"href":"https:\/\/us.edu.pl\/absolwent\/wp-json\/wp\/v2\/pages\/1050\/revisions\/1791"}],"up":[{"embeddable":true,"href":"https:\/\/us.edu.pl\/absolwent\/wp-json\/wp\/v2\/pages\/290"}],"wp:attachment":[{"href":"https:\/\/us.edu.pl\/absolwent\/wp-json\/wp\/v2\/media?parent=1050"}],"curies":[{"name":"wp","href":"https:\/\/api.w.org\/{rel}","templated":true}]}}