{"id":1054,"date":"2019-11-28T14:53:09","date_gmt":"2019-11-28T13:53:09","guid":{"rendered":"https:\/\/us.edu.pl\/absolwent\/?page_id=1054"},"modified":"2021-03-04T09:08:09","modified_gmt":"2021-03-04T08:08:09","slug":"olga-nowacka","status":"publish","type":"page","link":"https:\/\/us.edu.pl\/absolwent\/absolwencius\/najlepsi-absolwenci-poprzednie-edycje\/najlepsi-absolwenci-roku-akademickiego-2016-2017\/olga-nowacka\/","title":{"rendered":"Olga Nowacka"},"content":{"rendered":"<p>[vc_row][vc_column]\r\n                <div class=\"text-modules\">\r\n                    <div class=\"container\">\r\n                        <h3 class=\"page-title text__title\">Olga Nowacka<\/h3>\r\n                        <div class=\"text-modules__content\"><p>absolwentka kierunku prawo\u00a0na Wydziale Prawa i Administracji U\u015a<\/p>\n<p>najlepsza absolwentka roku akademickiego 2016\/2017<\/p>\n<p>absolwentka Wydzia\u0142u Prawa i Administracji na kierunku prawo, gdzie obroni\u0142a prac\u0119 magistersk\u0105, uzyskuj\u0105c na dyplomie ocen\u0119 celuj\u0105c\u0105. Jej \u015brednia ocen podczas studi\u00f3w wynios\u0142a 4,88, a od drugiego roku studi\u00f3w nieprzerwanie by\u0142a laureatk\u0105 stypendium JM Rektora Uniwersytetu \u015al\u0105skiego. W roku akademickim 2015\/2016 \u015bwiadczy\u0142a nieodp\u0142atn\u0105 pomoc prawn\u0105 w sekcji cywilnej studenckiej poradni prawnej. Jej hobby jest hodowla pszcz\u00f3\u0142.<\/p>\n<\/div>\r\n                    <\/div>\r\n                <\/div>[\/vc_column][\/vc_row]<\/p>","protected":false},"excerpt":{"rendered":"<p>[vc_row][vc_column][\/vc_column][\/vc_row] [&#8230;]<\/p>\n<p><a class=\"btn btn-secondary understrap-read-more-link\" href=\"https:\/\/us.edu.pl\/absolwent\/absolwencius\/najlepsi-absolwenci-poprzednie-edycje\/najlepsi-absolwenci-roku-akademickiego-2016-2017\/olga-nowacka\/\">Read More&#8230;<\/a><\/p>\n","protected":false},"author":33,"featured_media":0,"parent":290,"menu_order":0,"comment_status":"closed","ping_status":"closed","template":"","meta":{"_expiration-date-status":"saved","_expiration-date":0,"_expiration-date-type":"","_expiration-date-categories":[],"_expiration-date-options":[]},"acf":[],"_links":{"self":[{"href":"https:\/\/us.edu.pl\/absolwent\/wp-json\/wp\/v2\/pages\/1054"}],"collection":[{"href":"https:\/\/us.edu.pl\/absolwent\/wp-json\/wp\/v2\/pages"}],"about":[{"href":"https:\/\/us.edu.pl\/absolwent\/wp-json\/wp\/v2\/types\/page"}],"author":[{"embeddable":true,"href":"https:\/\/us.edu.pl\/absolwent\/wp-json\/wp\/v2\/users\/33"}],"replies":[{"embeddable":true,"href":"https:\/\/us.edu.pl\/absolwent\/wp-json\/wp\/v2\/comments?post=1054"}],"version-history":[{"count":2,"href":"https:\/\/us.edu.pl\/absolwent\/wp-json\/wp\/v2\/pages\/1054\/revisions"}],"predecessor-version":[{"id":1793,"href":"https:\/\/us.edu.pl\/absolwent\/wp-json\/wp\/v2\/pages\/1054\/revisions\/1793"}],"up":[{"embeddable":true,"href":"https:\/\/us.edu.pl\/absolwent\/wp-json\/wp\/v2\/pages\/290"}],"wp:attachment":[{"href":"https:\/\/us.edu.pl\/absolwent\/wp-json\/wp\/v2\/media?parent=1054"}],"curies":[{"name":"wp","href":"https:\/\/api.w.org\/{rel}","templated":true}]}}