{"id":1056,"date":"2019-11-28T14:54:01","date_gmt":"2019-11-28T13:54:01","guid":{"rendered":"https:\/\/us.edu.pl\/absolwent\/?page_id=1056"},"modified":"2021-03-04T09:29:15","modified_gmt":"2021-03-04T08:29:15","slug":"kryspina-parwicka","status":"publish","type":"page","link":"https:\/\/us.edu.pl\/absolwent\/absolwencius\/najlepsi-absolwenci-poprzednie-edycje\/najlepsi-absolwenci-roku-akademickiego-2016-2017\/kryspina-parwicka\/","title":{"rendered":"Kryspina Parwicka"},"content":{"rendered":"<p>[vc_row][vc_column]\r\n                <div class=\"text-modules\">\r\n                    <div class=\"container\">\r\n                        <h3 class=\"page-title text__title\">Kryspina Parwicka<\/h3>\r\n                        <div class=\"text-modules__content\"><p>absolwentka kierunku prawo\u00a0na Wydziale Prawa i Administracji U\u015a<\/p>\n<p>najlepsza absolwentka roku akademickiego 2016\/2017<\/p>\n<p>absolwentka prawa na Wydziale Prawa i Administracji Uniwersytetu \u015al\u0105skiego, gdzie obroni\u0142a prac\u0119 magistersk\u0105 na ocen\u0119 celuj\u0105c\u0105. Studia uko\u0144czy\u0142a ze \u015bredni\u0105 ocen 4,98. Krystyna Parwicka jest tak\u017ce absolwentk\u0105 Filologii polskiej na Wydziale Filologicznym Uniwersytetu \u015al\u0105skiego. Autorka kilku publikacji naukowych, m. in. \u201eTransgresja w \u015bwiadomo\u015bci Zygmunta Krasi\u0144skiego\u201d, [w:] \u201eOd O\u015bwiecenia ku romantyzmowi i dalej. Autorzy \u2014 dzie\u0142a \u2014 czytelnicy. Cz\u0119\u015b\u0107 5\u201d, pod red. M. Piechoty, J. Ryby przy wsp\u00f3\u0142udz. M. Janoszki, Wydawnictwo Uniwersytetu \u015al\u0105skiego. Uczestniczka licznych konferencji naukowych. Aktywna dzia\u0142aczka na rzecz organizacji studenckich: Ko\u0142a Naukowego Prawa Gospodarczego i Handlowego, Ko\u0142a Naukowego Romantyzmu, Studenckiej Poradni Prawnej (w latach 2012-2013 pe\u0142ni\u0142a funkcj\u0119 przewodnicz\u0105cej Sekcji Prawa Pracy). Na swoim koncie ma tytu\u0142 finalistki I Og\u00f3lnopolskiego Konkursu Mediacyjno-Negocjacyjnego. Obecnie doktorantka Wydzia\u0142u Filologicznego Uniwersytetu \u015al\u0105skiego na kierunku literaturoznawstwo. Jej hobby to muzyka, zw\u0142aszcza klasyczna, bluesowa, elektroniczna, kino, czytanie ksi\u0105\u017cek o historii i technikach malarstwa oraz bieganie.<\/p>\n<\/div>\r\n                    <\/div>\r\n                <\/div>[\/vc_column][\/vc_row]<\/p>","protected":false},"excerpt":{"rendered":"<p>[vc_row][vc_column][\/vc_column][\/vc_row] [&#8230;]<\/p>\n<p><a class=\"btn btn-secondary understrap-read-more-link\" href=\"https:\/\/us.edu.pl\/absolwent\/absolwencius\/najlepsi-absolwenci-poprzednie-edycje\/najlepsi-absolwenci-roku-akademickiego-2016-2017\/kryspina-parwicka\/\">Read More&#8230;<\/a><\/p>\n","protected":false},"author":33,"featured_media":0,"parent":290,"menu_order":0,"comment_status":"closed","ping_status":"closed","template":"","meta":{"_expiration-date-status":"saved","_expiration-date":0,"_expiration-date-type":"","_expiration-date-categories":[],"_expiration-date-options":[]},"acf":[],"_links":{"self":[{"href":"https:\/\/us.edu.pl\/absolwent\/wp-json\/wp\/v2\/pages\/1056"}],"collection":[{"href":"https:\/\/us.edu.pl\/absolwent\/wp-json\/wp\/v2\/pages"}],"about":[{"href":"https:\/\/us.edu.pl\/absolwent\/wp-json\/wp\/v2\/types\/page"}],"author":[{"embeddable":true,"href":"https:\/\/us.edu.pl\/absolwent\/wp-json\/wp\/v2\/users\/33"}],"replies":[{"embeddable":true,"href":"https:\/\/us.edu.pl\/absolwent\/wp-json\/wp\/v2\/comments?post=1056"}],"version-history":[{"count":2,"href":"https:\/\/us.edu.pl\/absolwent\/wp-json\/wp\/v2\/pages\/1056\/revisions"}],"predecessor-version":[{"id":1794,"href":"https:\/\/us.edu.pl\/absolwent\/wp-json\/wp\/v2\/pages\/1056\/revisions\/1794"}],"up":[{"embeddable":true,"href":"https:\/\/us.edu.pl\/absolwent\/wp-json\/wp\/v2\/pages\/290"}],"wp:attachment":[{"href":"https:\/\/us.edu.pl\/absolwent\/wp-json\/wp\/v2\/media?parent=1056"}],"curies":[{"name":"wp","href":"https:\/\/api.w.org\/{rel}","templated":true}]}}