{"id":1058,"date":"2019-11-28T14:54:52","date_gmt":"2019-11-28T13:54:52","guid":{"rendered":"https:\/\/us.edu.pl\/absolwent\/?page_id=1058"},"modified":"2021-03-04T09:34:57","modified_gmt":"2021-03-04T08:34:57","slug":"pawel-zapotoczny","status":"publish","type":"page","link":"https:\/\/us.edu.pl\/absolwent\/absolwencius\/najlepsi-absolwenci-poprzednie-edycje\/najlepsi-absolwenci-roku-akademickiego-2016-2017\/pawel-zapotoczny\/","title":{"rendered":"Pawe\u0142 Zapotoczny"},"content":{"rendered":"<p>[vc_row][vc_column]\r\n                <div class=\"text-modules\">\r\n                    <div class=\"container\">\r\n                        <h3 class=\"page-title text__title\">Pawe\u0142 Zapotoczny<\/h3>\r\n                        <div class=\"text-modules__content\"><p>absolwent kierunku prawo\u00a0na Wydziale Prawa i Administracji U\u015a<\/p>\n<p>najlepszy absolwent roku akademickiego 2016\/2017<\/p>\n<p>Studia zako\u0144czy\u0142 ze \u015bredni\u0105 ocen 4,88, broni\u0105c swoj\u0105 prac\u0119 magistersk\u0105 na ocen\u0119 celuj\u0105c\u0105. Od drugiego roku nieprzerwanie nagradzany stypendium JM Rektora Uniwersytetu \u015al\u0105skiego dla najlepszych student\u00f3w. Od 2012-2017 cz\u0142onek ELSA Katowice, w latach 2013-2014 obj\u0105\u0142 stanowisko wiceprezesa stowarzyszenia. Pawe\u0142 Zapotoczny bra\u0142 udzia\u0142 w mi\u0119dzynarodowej konferencji organizowanej przez Uniwersytet w Muenster, przy wsp\u00f3\u0142udziale Uniwersytetu \u015al\u0105skiego w Katowicach, pt. \u201eDobra osobiste w prawie polskim, niemieckim i europejskim\u201d. Wyg\u0142osi\u0142 podczas niej prezentacj\u0119 nt. \u201eUj\u0119cia d\u00f3br osobistych w konstytucji\u201d.<\/p>\n<\/div>\r\n                    <\/div>\r\n                <\/div>[\/vc_column][\/vc_row]<\/p>","protected":false},"excerpt":{"rendered":"<p>[vc_row][vc_column][\/vc_column][\/vc_row] [&#8230;]<\/p>\n<p><a class=\"btn btn-secondary understrap-read-more-link\" href=\"https:\/\/us.edu.pl\/absolwent\/absolwencius\/najlepsi-absolwenci-poprzednie-edycje\/najlepsi-absolwenci-roku-akademickiego-2016-2017\/pawel-zapotoczny\/\">Read More&#8230;<\/a><\/p>\n","protected":false},"author":33,"featured_media":0,"parent":290,"menu_order":0,"comment_status":"closed","ping_status":"closed","template":"","meta":{"_expiration-date-status":"saved","_expiration-date":0,"_expiration-date-type":"","_expiration-date-categories":[],"_expiration-date-options":[]},"acf":[],"_links":{"self":[{"href":"https:\/\/us.edu.pl\/absolwent\/wp-json\/wp\/v2\/pages\/1058"}],"collection":[{"href":"https:\/\/us.edu.pl\/absolwent\/wp-json\/wp\/v2\/pages"}],"about":[{"href":"https:\/\/us.edu.pl\/absolwent\/wp-json\/wp\/v2\/types\/page"}],"author":[{"embeddable":true,"href":"https:\/\/us.edu.pl\/absolwent\/wp-json\/wp\/v2\/users\/33"}],"replies":[{"embeddable":true,"href":"https:\/\/us.edu.pl\/absolwent\/wp-json\/wp\/v2\/comments?post=1058"}],"version-history":[{"count":2,"href":"https:\/\/us.edu.pl\/absolwent\/wp-json\/wp\/v2\/pages\/1058\/revisions"}],"predecessor-version":[{"id":1795,"href":"https:\/\/us.edu.pl\/absolwent\/wp-json\/wp\/v2\/pages\/1058\/revisions\/1795"}],"up":[{"embeddable":true,"href":"https:\/\/us.edu.pl\/absolwent\/wp-json\/wp\/v2\/pages\/290"}],"wp:attachment":[{"href":"https:\/\/us.edu.pl\/absolwent\/wp-json\/wp\/v2\/media?parent=1058"}],"curies":[{"name":"wp","href":"https:\/\/api.w.org\/{rel}","templated":true}]}}