{"id":1060,"date":"2019-11-28T14:55:31","date_gmt":"2019-11-28T13:55:31","guid":{"rendered":"https:\/\/us.edu.pl\/absolwent\/?page_id=1060"},"modified":"2021-03-04T09:42:10","modified_gmt":"2021-03-04T08:42:10","slug":"anna-grabowska","status":"publish","type":"page","link":"https:\/\/us.edu.pl\/absolwent\/absolwencius\/najlepsi-absolwenci-poprzednie-edycje\/najlepsi-absolwenci-roku-akademickiego-2016-2017\/anna-grabowska\/","title":{"rendered":"Anna Grabowska"},"content":{"rendered":"<p>[vc_row][vc_column]\r\n                <div class=\"text-modules\">\r\n                    <div class=\"container\">\r\n                        <h3 class=\"page-title text__title\">Anna Grabowska<\/h3>\r\n                        <div class=\"text-modules__content\"><p>absolwentka kierunku GRAFIKA\u00a0na Wydziale Teologicznym U\u015a<\/p>\n<p>najlepsza absolwentka roku akademickiego 2016\/2017<\/p>\n<p>Ma na swoim koncie publikacj\u0119 naukow\u0105 \u201eSiostra Anna pomagaj\u0105ca porz\u0105dkowa\u0107 \u017cycie kobiet\u201d (Dzisiejsze ataki na rodzin\u0119 monogamiczn\u0105, Katowice 2017). Otrzymywa\u0142a stypendium JM Rektora Uniwersytetu \u015al\u0105skiego oraz stypendium Prezydenta Chorzowa. W wolnych chwilach zajmuje si\u0119 r\u0119kodzie\u0142em \u2013 haftowaniem obraz\u00f3w, koronkarstwem \u2013 oraz fotografi\u0105 i czytaniem ksi\u0105\u017cek.<\/p>\n<\/div>\r\n                    <\/div>\r\n                <\/div>[\/vc_column][\/vc_row]<\/p>","protected":false},"excerpt":{"rendered":"<p>[vc_row][vc_column][\/vc_column][\/vc_row] [&#8230;]<\/p>\n<p><a class=\"btn btn-secondary understrap-read-more-link\" href=\"https:\/\/us.edu.pl\/absolwent\/absolwencius\/najlepsi-absolwenci-poprzednie-edycje\/najlepsi-absolwenci-roku-akademickiego-2016-2017\/anna-grabowska\/\">Read More&#8230;<\/a><\/p>\n","protected":false},"author":33,"featured_media":0,"parent":290,"menu_order":0,"comment_status":"closed","ping_status":"closed","template":"","meta":{"_expiration-date-status":"saved","_expiration-date":0,"_expiration-date-type":"","_expiration-date-categories":[],"_expiration-date-options":[]},"acf":[],"_links":{"self":[{"href":"https:\/\/us.edu.pl\/absolwent\/wp-json\/wp\/v2\/pages\/1060"}],"collection":[{"href":"https:\/\/us.edu.pl\/absolwent\/wp-json\/wp\/v2\/pages"}],"about":[{"href":"https:\/\/us.edu.pl\/absolwent\/wp-json\/wp\/v2\/types\/page"}],"author":[{"embeddable":true,"href":"https:\/\/us.edu.pl\/absolwent\/wp-json\/wp\/v2\/users\/33"}],"replies":[{"embeddable":true,"href":"https:\/\/us.edu.pl\/absolwent\/wp-json\/wp\/v2\/comments?post=1060"}],"version-history":[{"count":2,"href":"https:\/\/us.edu.pl\/absolwent\/wp-json\/wp\/v2\/pages\/1060\/revisions"}],"predecessor-version":[{"id":1796,"href":"https:\/\/us.edu.pl\/absolwent\/wp-json\/wp\/v2\/pages\/1060\/revisions\/1796"}],"up":[{"embeddable":true,"href":"https:\/\/us.edu.pl\/absolwent\/wp-json\/wp\/v2\/pages\/290"}],"wp:attachment":[{"href":"https:\/\/us.edu.pl\/absolwent\/wp-json\/wp\/v2\/media?parent=1060"}],"curies":[{"name":"wp","href":"https:\/\/api.w.org\/{rel}","templated":true}]}}