{"id":1066,"date":"2019-11-28T14:58:25","date_gmt":"2019-11-28T13:58:25","guid":{"rendered":"https:\/\/us.edu.pl\/absolwent\/?page_id=1066"},"modified":"2021-03-04T09:57:15","modified_gmt":"2021-03-04T08:57:15","slug":"agnieszka-lapajska","status":"publish","type":"page","link":"https:\/\/us.edu.pl\/absolwent\/absolwencius\/najlepsi-absolwenci-poprzednie-edycje\/najlepsi-absolwenci-roku-akademickiego-2016-2017\/agnieszka-lapajska\/","title":{"rendered":"Agnieszka \u0141apajska"},"content":{"rendered":"<p>[vc_row][vc_column]\r\n                <div class=\"text-modules\">\r\n                    <div class=\"container\">\r\n                        <h3 class=\"page-title text__title\">Agnieszka \u0141apajska<\/h3>\r\n                        <div class=\"text-modules__content\"><p>absolwentka filologii polskiej na specjalno\u015bci edytorstwo i redakcja tekstu\u00a0w Kolegium Indywidualnych Studi\u00f3w Mi\u0119dzyobszarowych<\/p>\n<p>najlepsza absolwentka roku akademickiego 2016\/2017<\/p>\n<p>Studia zako\u0144czy\u0142a ze \u015bredni\u0105 ocen 4,94, broni\u0105c swoj\u0105 prac\u0119 magistersk\u0105 na ocen\u0119 celuj\u0105c\u0105. Wielokrotnie wyr\u00f3\u017cniona stypendium JM Rektora Uniwersytetu \u015al\u0105skiego dla najlepszych student\u00f3w. Na swoim koncie ma dwie publikacje w czasopi\u015bmie \u201eMeluzyna. Dawna literatura i kultura\u201d. Wsp\u00f3\u0142organizatorka og\u00f3lnopolskiej konferencji naukowej \u201eEthos rycerski w kulturze. Tradycje i kontynuacje\u201d. Cz\u0142onkini w Studenckim Kole Naukowym Literatury Staropolskiej \u201eStaropolanie\u201d, w kt\u00f3rym pe\u0142ni\u0142a m. in. funkcj\u0119 sekretarza. Agnieszka \u0141apajska mo\u017ce pochwali\u0107 si\u0119 certyfikatem FCE oraz Titulo de Bachiller (hiszpa\u0144ska matura). W wolnym czasie lubi pos\u0142ucha\u0107 muzyki rockowej. Pasjonuje j\u0105 edytorstwo staropolskie i rekonstrukcja historyczna.<\/p>\n<\/div>\r\n                    <\/div>\r\n                <\/div>[\/vc_column][\/vc_row]<\/p>","protected":false},"excerpt":{"rendered":"<p>[vc_row][vc_column][\/vc_column][\/vc_row] [&#8230;]<\/p>\n<p><a class=\"btn btn-secondary understrap-read-more-link\" href=\"https:\/\/us.edu.pl\/absolwent\/absolwencius\/najlepsi-absolwenci-poprzednie-edycje\/najlepsi-absolwenci-roku-akademickiego-2016-2017\/agnieszka-lapajska\/\">Read More&#8230;<\/a><\/p>\n","protected":false},"author":33,"featured_media":0,"parent":290,"menu_order":0,"comment_status":"closed","ping_status":"closed","template":"","meta":{"_expiration-date-status":"saved","_expiration-date":0,"_expiration-date-type":"","_expiration-date-categories":[],"_expiration-date-options":[]},"acf":[],"_links":{"self":[{"href":"https:\/\/us.edu.pl\/absolwent\/wp-json\/wp\/v2\/pages\/1066"}],"collection":[{"href":"https:\/\/us.edu.pl\/absolwent\/wp-json\/wp\/v2\/pages"}],"about":[{"href":"https:\/\/us.edu.pl\/absolwent\/wp-json\/wp\/v2\/types\/page"}],"author":[{"embeddable":true,"href":"https:\/\/us.edu.pl\/absolwent\/wp-json\/wp\/v2\/users\/33"}],"replies":[{"embeddable":true,"href":"https:\/\/us.edu.pl\/absolwent\/wp-json\/wp\/v2\/comments?post=1066"}],"version-history":[{"count":2,"href":"https:\/\/us.edu.pl\/absolwent\/wp-json\/wp\/v2\/pages\/1066\/revisions"}],"predecessor-version":[{"id":1799,"href":"https:\/\/us.edu.pl\/absolwent\/wp-json\/wp\/v2\/pages\/1066\/revisions\/1799"}],"up":[{"embeddable":true,"href":"https:\/\/us.edu.pl\/absolwent\/wp-json\/wp\/v2\/pages\/290"}],"wp:attachment":[{"href":"https:\/\/us.edu.pl\/absolwent\/wp-json\/wp\/v2\/media?parent=1066"}],"curies":[{"name":"wp","href":"https:\/\/api.w.org\/{rel}","templated":true}]}}