{"id":1068,"date":"2019-11-28T14:59:58","date_gmt":"2019-11-28T13:59:58","guid":{"rendered":"https:\/\/us.edu.pl\/absolwent\/?page_id=1068"},"modified":"2021-03-04T10:00:59","modified_gmt":"2021-03-04T09:00:59","slug":"karolina-nogas","status":"publish","type":"page","link":"https:\/\/us.edu.pl\/absolwent\/absolwencius\/najlepsi-absolwenci-poprzednie-edycje\/najlepsi-absolwenci-roku-akademickiego-2016-2017\/karolina-nogas\/","title":{"rendered":"Karolina Nogas"},"content":{"rendered":"<p>[vc_row][vc_column]\r\n                <div class=\"text-modules\">\r\n                    <div class=\"container\">\r\n                        <h3 class=\"page-title text__title\">Karolina Nogas<\/h3>\r\n                        <div class=\"text-modules__content\"><p>absolwentka Wydzia\u0142u Filologicznego na kierunku filologia polska ze specjalno\u015bci\u0105 nauczycielsk\u0105\u00a0w Kolegium Indywidualnych Studi\u00f3w Mi\u0119dzyobszarowych<\/p>\n<p>najlepsza absolwentka roku akademickiego 2016\/2017<\/p>\n<p>Studia zako\u0144czy\u0142a z wynikiem celuj\u0105cym, ze \u015bredni\u0105 4,84. Obecnie studentka filozofii na kierunku filozofia na Wydziale Nauk Spo\u0142ecznych Uniwersytetu \u015al\u0105skiego. Autorka publikacji naukowych \u201eCzarny romantyzm\u201d oraz \u201eAmor Fati\u201d. Absolwentka czynnie dzia\u0142a podczas Festiwali Nauki, a swoj\u0105 wiedz\u0105 dzieli si\u0119 z innymi na konferencjach naukowych. Opr\u00f3cz tego spe\u0142nia si\u0119 jako redaktorka i korektorka czasopism. W czasie trwania studi\u00f3w nagradzana stypendium JM Rektora Uniwersytetu \u015al\u0105skiego dla najlepszych student\u00f3w. W latach 2013-2016 Przewodnicz\u0105ca Studenckiego Ko\u0142a Naukowego Teorii Literatury U\u015a, w latach 2012-2014 cz\u0142onkini Ko\u0142a Naukowego WolnoMISHlicieli, Cz\u0142onkini Polskiej Rady Montessori. Swoj\u0105 dzia\u0142alno\u015bci\u0105 wspiera \u015al\u0105skie Hospicjum dla Dzieci, \u201eProjektor\u201d. Jej hobby to alternatywne metody edukacyjne.<\/p>\n<\/div>\r\n                    <\/div>\r\n                <\/div>[\/vc_column][\/vc_row]<\/p>","protected":false},"excerpt":{"rendered":"<p>[vc_row][vc_column][\/vc_column][\/vc_row] [&#8230;]<\/p>\n<p><a class=\"btn btn-secondary understrap-read-more-link\" href=\"https:\/\/us.edu.pl\/absolwent\/absolwencius\/najlepsi-absolwenci-poprzednie-edycje\/najlepsi-absolwenci-roku-akademickiego-2016-2017\/karolina-nogas\/\">Read More&#8230;<\/a><\/p>\n","protected":false},"author":33,"featured_media":0,"parent":290,"menu_order":0,"comment_status":"closed","ping_status":"closed","template":"","meta":{"_expiration-date-status":"saved","_expiration-date":0,"_expiration-date-type":"","_expiration-date-categories":[],"_expiration-date-options":[]},"acf":[],"_links":{"self":[{"href":"https:\/\/us.edu.pl\/absolwent\/wp-json\/wp\/v2\/pages\/1068"}],"collection":[{"href":"https:\/\/us.edu.pl\/absolwent\/wp-json\/wp\/v2\/pages"}],"about":[{"href":"https:\/\/us.edu.pl\/absolwent\/wp-json\/wp\/v2\/types\/page"}],"author":[{"embeddable":true,"href":"https:\/\/us.edu.pl\/absolwent\/wp-json\/wp\/v2\/users\/33"}],"replies":[{"embeddable":true,"href":"https:\/\/us.edu.pl\/absolwent\/wp-json\/wp\/v2\/comments?post=1068"}],"version-history":[{"count":2,"href":"https:\/\/us.edu.pl\/absolwent\/wp-json\/wp\/v2\/pages\/1068\/revisions"}],"predecessor-version":[{"id":1800,"href":"https:\/\/us.edu.pl\/absolwent\/wp-json\/wp\/v2\/pages\/1068\/revisions\/1800"}],"up":[{"embeddable":true,"href":"https:\/\/us.edu.pl\/absolwent\/wp-json\/wp\/v2\/pages\/290"}],"wp:attachment":[{"href":"https:\/\/us.edu.pl\/absolwent\/wp-json\/wp\/v2\/media?parent=1068"}],"curies":[{"name":"wp","href":"https:\/\/api.w.org\/{rel}","templated":true}]}}