{"id":1075,"date":"2019-11-28T15:04:47","date_gmt":"2019-11-28T14:04:47","guid":{"rendered":"https:\/\/us.edu.pl\/absolwent\/?page_id=1075"},"modified":"2019-11-28T15:04:47","modified_gmt":"2019-11-28T14:04:47","slug":"karolina-stawowy","status":"publish","type":"page","link":"https:\/\/us.edu.pl\/absolwent\/absolwencius\/najlepsi-absolwenci-poprzednie-edycje\/najlepsi-absolwenci-roku-akademickiego-2015-2016\/karolina-stawowy\/","title":{"rendered":"Karolina Stawowy"},"content":{"rendered":"<p>[vc_row][vc_column]\r\n                <div class=\"text-modules\">\r\n                    <div class=\"container\">\r\n                        <h3 class=\"page-title text__title\">Karolina Stawowy<\/h3>\r\n                        <div class=\"text-modules__content\"><p>absolwentka kierunku EDUKACJA ARTYSTYCZNA W ZAKRESIE SZTUKI MUZYCZNEJ\u00a0na Wydziale Artystycznym U\u015a<\/p>\n<p>najlepsza absolwentka roku akademickiego 2015\/2016<\/p>\n<p>Jest dwukrotn\u0105 laureatk\u0105 Stypendium Rektora Uniwersytetu \u015al\u0105skiego dla najlepszych student\u00f3w. W latach 2014-2016 pe\u0142ni\u0142a funkcj\u0119 wiceprzewodnicz\u0105cej Samorz\u0105du Studenckiego na Wydziale Artystycznym. Od 2018 roku nale\u017cy do ch\u00f3ru mieszanego \u201eSkowronek\u201d w Giera\u0142towicach, od 2014 roku pe\u0142ni\u0105c tam funkcj\u0119 asystentki dyrygenta. W roku akademickim 2014\/2015 nale\u017ca\u0142a do Ch\u00f3ru Uniwersytetu \u015al\u0105skiego \u201eHarmonia\u201d, z kt\u00f3rym zdoby\u0142a Z\u0142ot\u0105 Wst\u0119g\u0119 (I miejsce) w Mi\u0119dzynarodowym Konkursie Ch\u00f3ralnym w Ejszykowicach w 2015 roku.<\/p>\n<p>Jest tak\u017ce cz\u0142onkiem Orkiestry D\u0119tej OSP w Przyszowicach. W 2014 roku zosta\u0142a wyr\u00f3\u017cniona \u201eOdznaka Honorow\u0105 Br\u0105zow\u0105\u201d za zas\u0142ugi w pracy spo\u0142ecznej stowarzyszenia, nadawan\u0105 przez \u015al\u0105ski Zwi\u0105zek Ch\u00f3r\u00f3w i Orkiestr, zarz\u0105d g\u0142\u00f3wny w Katowicach. Obecnie absolwentka pracuje w Zespole Szkolno-Przedszkolnym w Pam\u00f3wkach jako nauczyciel muzyki, wychowawca \u015bwietlicy oraz rytmiczka i akompaniator w Zespole Dzieci\u0119cym \u201eBajtle\u201d.<\/p>\n<\/div>\r\n                    <\/div>\r\n                <\/div>[\/vc_column][\/vc_row]<\/p>","protected":false},"excerpt":{"rendered":"<p>[vc_row][vc_column][\/vc_column][\/vc_row] [&#8230;]<\/p>\n<p><a class=\"btn btn-secondary understrap-read-more-link\" href=\"https:\/\/us.edu.pl\/absolwent\/absolwencius\/najlepsi-absolwenci-poprzednie-edycje\/najlepsi-absolwenci-roku-akademickiego-2015-2016\/karolina-stawowy\/\">Read More&#8230;<\/a><\/p>\n","protected":false},"author":33,"featured_media":0,"parent":294,"menu_order":0,"comment_status":"closed","ping_status":"closed","template":"","meta":{"_expiration-date-status":"saved","_expiration-date":0,"_expiration-date-type":"","_expiration-date-categories":[],"_expiration-date-options":[]},"acf":[],"_links":{"self":[{"href":"https:\/\/us.edu.pl\/absolwent\/wp-json\/wp\/v2\/pages\/1075"}],"collection":[{"href":"https:\/\/us.edu.pl\/absolwent\/wp-json\/wp\/v2\/pages"}],"about":[{"href":"https:\/\/us.edu.pl\/absolwent\/wp-json\/wp\/v2\/types\/page"}],"author":[{"embeddable":true,"href":"https:\/\/us.edu.pl\/absolwent\/wp-json\/wp\/v2\/users\/33"}],"replies":[{"embeddable":true,"href":"https:\/\/us.edu.pl\/absolwent\/wp-json\/wp\/v2\/comments?post=1075"}],"version-history":[{"count":1,"href":"https:\/\/us.edu.pl\/absolwent\/wp-json\/wp\/v2\/pages\/1075\/revisions"}],"predecessor-version":[{"id":1076,"href":"https:\/\/us.edu.pl\/absolwent\/wp-json\/wp\/v2\/pages\/1075\/revisions\/1076"}],"up":[{"embeddable":true,"href":"https:\/\/us.edu.pl\/absolwent\/wp-json\/wp\/v2\/pages\/294"}],"wp:attachment":[{"href":"https:\/\/us.edu.pl\/absolwent\/wp-json\/wp\/v2\/media?parent=1075"}],"curies":[{"name":"wp","href":"https:\/\/api.w.org\/{rel}","templated":true}]}}