{"id":1077,"date":"2019-11-28T15:06:14","date_gmt":"2019-11-28T14:06:14","guid":{"rendered":"https:\/\/us.edu.pl\/absolwent\/?page_id=1077"},"modified":"2019-11-28T15:06:14","modified_gmt":"2019-11-28T14:06:14","slug":"magdalena-senderowicz","status":"publish","type":"page","link":"https:\/\/us.edu.pl\/absolwent\/absolwencius\/najlepsi-absolwenci-poprzednie-edycje\/najlepsi-absolwenci-roku-akademickiego-2015-2016\/magdalena-senderowicz\/","title":{"rendered":"Magdalena Senderowicz"},"content":{"rendered":"<p>[vc_row][vc_column]\r\n                <div class=\"text-modules\">\r\n                    <div class=\"container\">\r\n                        <h3 class=\"page-title text__title\">Magdalena Senderowicz<\/h3>\r\n                        <div class=\"text-modules__content\"><p>absolwentka kierunku BIOTECHNOLOGIA\u00a0na Wydziale Biologii i Ochrony \u015arodowiska U\u015a<\/p>\n<p>najlepsza absolwentka roku akademickiego 2015\/2016<\/p>\n<p>Absolwentka studi\u00f3w drugiego stopnia na kierunku biotechnologia ze specjalno\u015bci\u0105 biotechnologia ro\u015blin. Absolwentka bra\u0142a udzia\u0142 w projekcie naukowym\u00a0Jungle Fever\u00a0oraz\u00a0POLAPGEN, kt\u00f3rego kontynuacj\u0105 by\u0142a jej praca magisterska. Magdalena Senderowicz prezentowa\u0142a poster na 5. Mi\u0119dzynarodowym Sympozjum Biotechnologicznym \u201eSymbioza\u201d . Podczas studi\u00f3w nale\u017ca\u0142a do Interdyscyplinarnego Ko\u0142a Naukowego \u201ePlaneta\u201d. Aktywnie dzia\u0142a\u0142a podczas takich imprez jak Plant\u2019s Day, Noc Biolog\u00f3w, Festiwal Nauki prowadz\u0105c zaj\u0119cia. Absolwentka prowadzi r\u00f3wnie\u017c wsp\u00f3\u0142prac\u0119 z wydawnictwami ksi\u0105\u017ckowymi i portalami literackimi jako recenzent i t\u0142umacz.<\/p>\n<\/div>\r\n                    <\/div>\r\n                <\/div>[\/vc_column][\/vc_row]<\/p>","protected":false},"excerpt":{"rendered":"<p>[vc_row][vc_column][\/vc_column][\/vc_row] [&#8230;]<\/p>\n<p><a class=\"btn btn-secondary understrap-read-more-link\" href=\"https:\/\/us.edu.pl\/absolwent\/absolwencius\/najlepsi-absolwenci-poprzednie-edycje\/najlepsi-absolwenci-roku-akademickiego-2015-2016\/magdalena-senderowicz\/\">Read More&#8230;<\/a><\/p>\n","protected":false},"author":33,"featured_media":0,"parent":294,"menu_order":0,"comment_status":"closed","ping_status":"closed","template":"","meta":{"_expiration-date-status":"saved","_expiration-date":0,"_expiration-date-type":"","_expiration-date-categories":[],"_expiration-date-options":[]},"acf":[],"_links":{"self":[{"href":"https:\/\/us.edu.pl\/absolwent\/wp-json\/wp\/v2\/pages\/1077"}],"collection":[{"href":"https:\/\/us.edu.pl\/absolwent\/wp-json\/wp\/v2\/pages"}],"about":[{"href":"https:\/\/us.edu.pl\/absolwent\/wp-json\/wp\/v2\/types\/page"}],"author":[{"embeddable":true,"href":"https:\/\/us.edu.pl\/absolwent\/wp-json\/wp\/v2\/users\/33"}],"replies":[{"embeddable":true,"href":"https:\/\/us.edu.pl\/absolwent\/wp-json\/wp\/v2\/comments?post=1077"}],"version-history":[{"count":1,"href":"https:\/\/us.edu.pl\/absolwent\/wp-json\/wp\/v2\/pages\/1077\/revisions"}],"predecessor-version":[{"id":1078,"href":"https:\/\/us.edu.pl\/absolwent\/wp-json\/wp\/v2\/pages\/1077\/revisions\/1078"}],"up":[{"embeddable":true,"href":"https:\/\/us.edu.pl\/absolwent\/wp-json\/wp\/v2\/pages\/294"}],"wp:attachment":[{"href":"https:\/\/us.edu.pl\/absolwent\/wp-json\/wp\/v2\/media?parent=1077"}],"curies":[{"name":"wp","href":"https:\/\/api.w.org\/{rel}","templated":true}]}}