{"id":1081,"date":"2019-11-28T15:09:06","date_gmt":"2019-11-28T14:09:06","guid":{"rendered":"https:\/\/us.edu.pl\/absolwent\/?page_id=1081"},"modified":"2019-11-28T15:09:06","modified_gmt":"2019-11-28T14:09:06","slug":"karolina-zubrzycka","status":"publish","type":"page","link":"https:\/\/us.edu.pl\/absolwent\/absolwencius\/najlepsi-absolwenci-poprzednie-edycje\/najlepsi-absolwenci-roku-akademickiego-2015-2016\/karolina-zubrzycka\/","title":{"rendered":"Karolina Zubrzycka"},"content":{"rendered":"<p>[vc_row][vc_column]\r\n                <div class=\"text-modules\">\r\n                    <div class=\"container\">\r\n                        <h3 class=\"page-title text__title\">Karolina Zubrzycka<\/h3>\r\n                        <div class=\"text-modules__content\"><p>absolwentka kierunku BIOTECHNOLOGIA\u00a0na Wydziale Biologii i Ochrony \u015arodowiska U\u015a<\/p>\n<p>najlepsza absolwentka roku akademickiego 2015\/2016<\/p>\n<p>Absolwentka studi\u00f3w drugiego stopnia na kierunku biotechnologia ze specjalno\u015bci\u0105 biotechnologia ro\u015blin. Karolina Zubrzycka uko\u0144czy\u0142a studia uzyskuj\u0105c na dyplomie ocen\u0119 celuj\u0105c\u0105 oraz \u015bredni\u0105 ocen 4.7. Jest laureatk\u0105 stypendium zagranicznego w ramach kt\u00f3rego odbywa\u0142a praktyki na Aberystwyth University w okresie 15.07.2016-14.10.2016.<\/p>\n<\/div>\r\n                    <\/div>\r\n                <\/div>[\/vc_column][\/vc_row]<\/p>","protected":false},"excerpt":{"rendered":"<p>[vc_row][vc_column][\/vc_column][\/vc_row] [&#8230;]<\/p>\n<p><a class=\"btn btn-secondary understrap-read-more-link\" href=\"https:\/\/us.edu.pl\/absolwent\/absolwencius\/najlepsi-absolwenci-poprzednie-edycje\/najlepsi-absolwenci-roku-akademickiego-2015-2016\/karolina-zubrzycka\/\">Read More&#8230;<\/a><\/p>\n","protected":false},"author":33,"featured_media":0,"parent":294,"menu_order":0,"comment_status":"closed","ping_status":"closed","template":"","meta":{"_expiration-date-status":"saved","_expiration-date":0,"_expiration-date-type":"","_expiration-date-categories":[],"_expiration-date-options":[]},"acf":[],"_links":{"self":[{"href":"https:\/\/us.edu.pl\/absolwent\/wp-json\/wp\/v2\/pages\/1081"}],"collection":[{"href":"https:\/\/us.edu.pl\/absolwent\/wp-json\/wp\/v2\/pages"}],"about":[{"href":"https:\/\/us.edu.pl\/absolwent\/wp-json\/wp\/v2\/types\/page"}],"author":[{"embeddable":true,"href":"https:\/\/us.edu.pl\/absolwent\/wp-json\/wp\/v2\/users\/33"}],"replies":[{"embeddable":true,"href":"https:\/\/us.edu.pl\/absolwent\/wp-json\/wp\/v2\/comments?post=1081"}],"version-history":[{"count":1,"href":"https:\/\/us.edu.pl\/absolwent\/wp-json\/wp\/v2\/pages\/1081\/revisions"}],"predecessor-version":[{"id":1082,"href":"https:\/\/us.edu.pl\/absolwent\/wp-json\/wp\/v2\/pages\/1081\/revisions\/1082"}],"up":[{"embeddable":true,"href":"https:\/\/us.edu.pl\/absolwent\/wp-json\/wp\/v2\/pages\/294"}],"wp:attachment":[{"href":"https:\/\/us.edu.pl\/absolwent\/wp-json\/wp\/v2\/media?parent=1081"}],"curies":[{"name":"wp","href":"https:\/\/api.w.org\/{rel}","templated":true}]}}