{"id":1083,"date":"2019-11-28T15:10:06","date_gmt":"2019-11-28T14:10:06","guid":{"rendered":"https:\/\/us.edu.pl\/absolwent\/?page_id=1083"},"modified":"2019-11-28T15:10:06","modified_gmt":"2019-11-28T14:10:06","slug":"anton-dragomiletskii","status":"publish","type":"page","link":"https:\/\/us.edu.pl\/absolwent\/absolwencius\/najlepsi-absolwenci-poprzednie-edycje\/najlepsi-absolwenci-roku-akademickiego-2015-2016\/anton-dragomiletskii\/","title":{"rendered":"Anton Dragomiletskii"},"content":{"rendered":"<p>[vc_row][vc_column]\r\n                <div class=\"text-modules\">\r\n                    <div class=\"container\">\r\n                        <h3 class=\"page-title text__title\">Anton Dragomiletskii<\/h3>\r\n                        <div class=\"text-modules__content\"><p>absolwent kierunku PEDAGOGIKA ZE SPECJALNO\u015aCI\u0104 TERAPIA PEDAGOGICZNA I ASYSTENT OSOBY NIEPE\u0141NOSPRAWNEJ\u00a0na Wydziale Etnologii i Nauk o Edukacji U\u015a<\/p>\n<p>najlepszy absolwent roku akademickiego 2015\/2016<\/p>\n<p>Bra\u0142 czynny udzia\u0142 w wielu konferencjach naukowych. Prowadzi\u0142 r\u00f3wnie\u017c dzia\u0142alno\u015b\u0107 popularnonaukow\u0105 prowadz\u0105c wyk\u0142ady i bezp\u0142atne zaj\u0119cia z j\u0119zyka rosyjskiego dla student\u00f3w oraz warsztaty o historii i kulturze rosyjskiej i edukacji mi\u0119dzykulturowej dla m\u0142odzie\u017cy licealnej. Uczestniczy\u0142 w wymianach studenckich do Republiki Czeskiej w ramach programu Erasmus+. By\u0142 cz\u0142onkiem Ko\u0142a Naukowego Edukacji Mi\u0119dzykulturowej, a w roku 2014\/2015 pe\u0142ni\u0142 funkcj\u0119 Sekretarza tego Ko\u0142a. Udziela\u0142 si\u0119 jako wolontariusz podczas imprez organizowanych przez Uniwersytet \u015al\u0105ski dla os\u00f3b niepe\u0142nosprawnych oraz w cieszy\u0144skim OREWie. Zajmowa\u0142 si\u0119 r\u00f3wnie\u017c prowadzeniem rosyjskoj\u0119zycznego profilu WEiNoE na vk.com.<\/p>\n<\/div>\r\n                    <\/div>\r\n                <\/div>[\/vc_column][\/vc_row]<\/p>","protected":false},"excerpt":{"rendered":"<p>[vc_row][vc_column][\/vc_column][\/vc_row] [&#8230;]<\/p>\n<p><a class=\"btn btn-secondary understrap-read-more-link\" href=\"https:\/\/us.edu.pl\/absolwent\/absolwencius\/najlepsi-absolwenci-poprzednie-edycje\/najlepsi-absolwenci-roku-akademickiego-2015-2016\/anton-dragomiletskii\/\">Read More&#8230;<\/a><\/p>\n","protected":false},"author":33,"featured_media":0,"parent":294,"menu_order":0,"comment_status":"closed","ping_status":"closed","template":"","meta":{"_expiration-date-status":"saved","_expiration-date":0,"_expiration-date-type":"","_expiration-date-categories":[],"_expiration-date-options":[]},"acf":[],"_links":{"self":[{"href":"https:\/\/us.edu.pl\/absolwent\/wp-json\/wp\/v2\/pages\/1083"}],"collection":[{"href":"https:\/\/us.edu.pl\/absolwent\/wp-json\/wp\/v2\/pages"}],"about":[{"href":"https:\/\/us.edu.pl\/absolwent\/wp-json\/wp\/v2\/types\/page"}],"author":[{"embeddable":true,"href":"https:\/\/us.edu.pl\/absolwent\/wp-json\/wp\/v2\/users\/33"}],"replies":[{"embeddable":true,"href":"https:\/\/us.edu.pl\/absolwent\/wp-json\/wp\/v2\/comments?post=1083"}],"version-history":[{"count":1,"href":"https:\/\/us.edu.pl\/absolwent\/wp-json\/wp\/v2\/pages\/1083\/revisions"}],"predecessor-version":[{"id":1084,"href":"https:\/\/us.edu.pl\/absolwent\/wp-json\/wp\/v2\/pages\/1083\/revisions\/1084"}],"up":[{"embeddable":true,"href":"https:\/\/us.edu.pl\/absolwent\/wp-json\/wp\/v2\/pages\/294"}],"wp:attachment":[{"href":"https:\/\/us.edu.pl\/absolwent\/wp-json\/wp\/v2\/media?parent=1083"}],"curies":[{"name":"wp","href":"https:\/\/api.w.org\/{rel}","templated":true}]}}