{"id":1089,"date":"2019-11-28T15:21:02","date_gmt":"2019-11-28T14:21:02","guid":{"rendered":"https:\/\/us.edu.pl\/absolwent\/?page_id=1089"},"modified":"2019-11-28T15:21:02","modified_gmt":"2019-11-28T14:21:02","slug":"kalina-kinga-jaglarz","status":"publish","type":"page","link":"https:\/\/us.edu.pl\/absolwent\/absolwencius\/najlepsi-absolwenci-poprzednie-edycje\/najlepsi-absolwenci-roku-akademickiego-2015-2016\/kalina-kinga-jaglarz\/","title":{"rendered":"Kalina Kinga Jaglarz"},"content":{"rendered":"<p>[vc_row][vc_column]\r\n                <div class=\"text-modules\">\r\n                    <div class=\"container\">\r\n                        <h3 class=\"page-title text__title\">Kalina Kinga Jaglarz<\/h3>\r\n                        <div class=\"text-modules__content\"><p>LITERATUROZNAWSTWO\u00a0na Wydziale Filologicznym U\u015a<\/p>\n<p>najlepsza absolwentka roku akademickiego 2015\/2016<\/p>\n<p>Bra\u0142a czynny udzia\u0142 w wielu seminariach i konferencjach naukowych, wyg\u0142aszaj\u0105c podczas nich referaty. Ma na swoim koncie liczne publikacje naukowe. Jest r\u00f3wnie\u017c wsp\u00f3\u0142autork\u0105 dw\u00f3ch ksi\u0105\u017cek:\u00a0Wilki i ludzie. Ma\u0142e kompendium wilkologii\u00a0pod red. Dobros\u0142awy W\u0119\u017cowicz-Zi\u00f3\u0142kowskiej, Emilii Wieczorkowskiej oraz\u00a0Ptaki. Przeploty\u00a0(publikacja po Seminarium\u00a0Ptaki) (wraz z dr hab. Beat\u0105 Mytych-Forajter). Anga\u017cowa\u0142a si\u0119 r\u00f3wnie\u017c w wiele inicjatyw m.in. organizacje I Pakamery Folkloroznawczej pt. \u201eMo\u017cliwo\u015bci folkloru&#8221;, wsp\u00f3\u0142praca i udzia\u0142 w spotkaniach przed-grantowych pod przewodnictwem prof. J. Olejniczaka, wsp\u00f3\u0142organizacja seminari\u00f3w interdyscyplinarnych\u00a0Wilk w naturze i kulturze, Ptaki. Za swoje osi\u0105gni\u0119cia w roku 2015 otrzyma\u0142a Stypendium Ministra Kultury i Szkolnictwa Wy\u017cszego.<\/p>\n<p>Przewodnicz\u0105ca trzech k\u00f3\u0142 naukowych, za\u0142o\u017cycielka jednego z nich. Cz\u0142onkini dw\u00f3ch kolejnych. Nale\u017cy r\u00f3wnie\u017c do Stowarzyszenia Na Rzecz Ochrony \u015arodowiska Naturalnego EMEKO, w ramach kt\u00f3rego prowadzi\u0142a warsztaty ekologiczne BOKASHI dla dzieci. Posiada r\u00f3wnie\u017c osi\u0105gni\u0119cia artystyczne, do kt\u00f3rych zalicza si\u0119 ustawienie pierwszego w historii uczelni wierszomatu na korytarzu Filologii Polskiej.<\/p>\n<\/div>\r\n                    <\/div>\r\n                <\/div>[\/vc_column][\/vc_row]<\/p>","protected":false},"excerpt":{"rendered":"<p>[vc_row][vc_column][\/vc_column][\/vc_row] [&#8230;]<\/p>\n<p><a class=\"btn btn-secondary understrap-read-more-link\" href=\"https:\/\/us.edu.pl\/absolwent\/absolwencius\/najlepsi-absolwenci-poprzednie-edycje\/najlepsi-absolwenci-roku-akademickiego-2015-2016\/kalina-kinga-jaglarz\/\">Read More&#8230;<\/a><\/p>\n","protected":false},"author":33,"featured_media":0,"parent":294,"menu_order":0,"comment_status":"closed","ping_status":"closed","template":"","meta":{"_expiration-date-status":"saved","_expiration-date":0,"_expiration-date-type":"","_expiration-date-categories":[],"_expiration-date-options":[]},"acf":[],"_links":{"self":[{"href":"https:\/\/us.edu.pl\/absolwent\/wp-json\/wp\/v2\/pages\/1089"}],"collection":[{"href":"https:\/\/us.edu.pl\/absolwent\/wp-json\/wp\/v2\/pages"}],"about":[{"href":"https:\/\/us.edu.pl\/absolwent\/wp-json\/wp\/v2\/types\/page"}],"author":[{"embeddable":true,"href":"https:\/\/us.edu.pl\/absolwent\/wp-json\/wp\/v2\/users\/33"}],"replies":[{"embeddable":true,"href":"https:\/\/us.edu.pl\/absolwent\/wp-json\/wp\/v2\/comments?post=1089"}],"version-history":[{"count":1,"href":"https:\/\/us.edu.pl\/absolwent\/wp-json\/wp\/v2\/pages\/1089\/revisions"}],"predecessor-version":[{"id":1090,"href":"https:\/\/us.edu.pl\/absolwent\/wp-json\/wp\/v2\/pages\/1089\/revisions\/1090"}],"up":[{"embeddable":true,"href":"https:\/\/us.edu.pl\/absolwent\/wp-json\/wp\/v2\/pages\/294"}],"wp:attachment":[{"href":"https:\/\/us.edu.pl\/absolwent\/wp-json\/wp\/v2\/media?parent=1089"}],"curies":[{"name":"wp","href":"https:\/\/api.w.org\/{rel}","templated":true}]}}