{"id":1091,"date":"2019-11-28T15:22:03","date_gmt":"2019-11-28T14:22:03","guid":{"rendered":"https:\/\/us.edu.pl\/absolwent\/?page_id=1091"},"modified":"2019-11-28T15:22:03","modified_gmt":"2019-11-28T14:22:03","slug":"alan-ludwik-rymarczyk","status":"publish","type":"page","link":"https:\/\/us.edu.pl\/absolwent\/absolwencius\/najlepsi-absolwenci-poprzednie-edycje\/najlepsi-absolwenci-roku-akademickiego-2015-2016\/alan-ludwik-rymarczyk\/","title":{"rendered":"Alan Ludwik Rymarczyk"},"content":{"rendered":"<p>[vc_row][vc_column]\r\n                <div class=\"text-modules\">\r\n                    <div class=\"container\">\r\n                        <h3 class=\"page-title text__title\">Alan Ludwik Rymarczyk<\/h3>\r\n                        <div class=\"text-modules__content\"><p>absolwent kierunku FILOLOGIA GERMA\u0143SKA, specjalno\u015b\u0107: KULTURA I LITERATURA KRAJ\u00d3W NIEMIECKIEGO OBSZARU J\u0118ZYKOWEGO\u00a0na Wydziale Filologicznym U\u015a<\/p>\n<p>najlepszy absolwent roku akademickiego 2015\/2016<\/p>\n<p>Jest autorem wielu publikacji naukowych oraz czterokrotnym laureatem Stypendium Rektora dla najlepszych student\u00f3w. Cz\u0142onkiem Ko\u0142a Naukowego Germanist\u00f3w, w kt\u00f3rym pe\u0142ni\u0142 funkcj\u0119 przewodnicz\u0105cego (X 2013\u2013VI 2016), koordynuj\u0105c prac\u0119 Ko\u0142a i reprezentuj\u0105c je podczas r\u00f3\u017cnego typu wydarze\u0144. We wrze\u015bniu 2015 roku zosta\u0142 zwyci\u0119\u017cy\u0142 w konkursie wiedzy o Katowicach pt. \u201e150 na 150\u201d organizowanym przez TVP Katowice. Pe\u0142ni\u0142 funkcj\u0119 konferansjera podczas Fina\u0142u IV Konkursu Realioznawczego o Republice Federalnej Niemiec i Mie\u015bcie Kolonii (2016 r.). Reprezentowa\u0142 Instytutu Filologii Germa\u0144skiej U\u015a jako wsp\u00f3\u0142autor prezentacji przewodnika Marco Polo: K\u00f6lner Partnerst\u00e4dte w Ratuszu Miasta Kolonii. Jego hobby to typografia, fonografia i literatura.<\/p>\n<\/div>\r\n                    <\/div>\r\n                <\/div>[\/vc_column][\/vc_row]<\/p>","protected":false},"excerpt":{"rendered":"<p>[vc_row][vc_column][\/vc_column][\/vc_row] [&#8230;]<\/p>\n<p><a class=\"btn btn-secondary understrap-read-more-link\" href=\"https:\/\/us.edu.pl\/absolwent\/absolwencius\/najlepsi-absolwenci-poprzednie-edycje\/najlepsi-absolwenci-roku-akademickiego-2015-2016\/alan-ludwik-rymarczyk\/\">Read More&#8230;<\/a><\/p>\n","protected":false},"author":33,"featured_media":0,"parent":294,"menu_order":0,"comment_status":"closed","ping_status":"closed","template":"","meta":{"_expiration-date-status":"saved","_expiration-date":0,"_expiration-date-type":"","_expiration-date-categories":[],"_expiration-date-options":[]},"acf":[],"_links":{"self":[{"href":"https:\/\/us.edu.pl\/absolwent\/wp-json\/wp\/v2\/pages\/1091"}],"collection":[{"href":"https:\/\/us.edu.pl\/absolwent\/wp-json\/wp\/v2\/pages"}],"about":[{"href":"https:\/\/us.edu.pl\/absolwent\/wp-json\/wp\/v2\/types\/page"}],"author":[{"embeddable":true,"href":"https:\/\/us.edu.pl\/absolwent\/wp-json\/wp\/v2\/users\/33"}],"replies":[{"embeddable":true,"href":"https:\/\/us.edu.pl\/absolwent\/wp-json\/wp\/v2\/comments?post=1091"}],"version-history":[{"count":1,"href":"https:\/\/us.edu.pl\/absolwent\/wp-json\/wp\/v2\/pages\/1091\/revisions"}],"predecessor-version":[{"id":1092,"href":"https:\/\/us.edu.pl\/absolwent\/wp-json\/wp\/v2\/pages\/1091\/revisions\/1092"}],"up":[{"embeddable":true,"href":"https:\/\/us.edu.pl\/absolwent\/wp-json\/wp\/v2\/pages\/294"}],"wp:attachment":[{"href":"https:\/\/us.edu.pl\/absolwent\/wp-json\/wp\/v2\/media?parent=1091"}],"curies":[{"name":"wp","href":"https:\/\/api.w.org\/{rel}","templated":true}]}}