{"id":1093,"date":"2019-11-28T15:23:23","date_gmt":"2019-11-28T14:23:23","guid":{"rendered":"https:\/\/us.edu.pl\/absolwent\/?page_id=1093"},"modified":"2019-11-28T15:23:23","modified_gmt":"2019-11-28T14:23:23","slug":"natalia-zorawska","status":"publish","type":"page","link":"https:\/\/us.edu.pl\/absolwent\/absolwencius\/najlepsi-absolwenci-poprzednie-edycje\/najlepsi-absolwenci-roku-akademickiego-2015-2016\/natalia-zorawska\/","title":{"rendered":"Natalia \u017b\u00f3rawska"},"content":{"rendered":"<p>[vc_row][vc_column]\r\n                <div class=\"text-modules\">\r\n                    <div class=\"container\">\r\n                        <h3 class=\"page-title text__title\">Natalia \u017b\u00f3rawska<\/h3>\r\n                        <div class=\"text-modules__content\"><p>absolwentka kierunku FILOLOGIA POLSKA, specjalno\u015b\u0107 NAUCZYCIELSKA oraz NAUCZANIE POLONISTYCZNE W\u015aR\u00d3D CUDZOZIEMC\u00d3W\u00a0na Wydziale Filologicznym U\u015a<\/p>\n<p>najlepsza absolwentka roku akademickiego 2015\/2016<\/p>\n<p>Natalia \u017b\u00f3rawska jest autork\u0105 kilkunastu publikacji naukowych, uczestniczk\u0105 projekt\u00f3w naukowych: \u201eSk\u0142ad osobowy. Szkice o prozaikach wsp\u00f3\u0142czesnych\u201d \u2013 projekt wsp\u00f3\u0142tworzony przez Uniwersytet \u015al\u0105ski i Uniwersytet Rzeszowski oraz \u201eLiteratura i&#8230;\u201d &#8211; projekt realizowanego przez Zak\u0142ad Literatury Wsp\u00f3\u0142czesnej Instytutu Nauk o Literaturze Polskiej U\u015a im. Ireneusza Opackiego. Bra\u0142a czynny udzia\u0142 w IV Mi\u0119dzynarodowa Konferencja Magistrant\u00f3w wyg\u0142aszaj\u0105c referat dotycz\u0105cy holocaustowych do\u015bwiadcze\u0144 pisarek drugiego pokolenia. Jest r\u00f3wnie\u017c wsp\u00f3\u0142organizatork\u0105 IV edycji festiwalu filmowego dla obcokrajowc\u00f3w\u00a0Made in Poland. Stypendystka stypendium Ministra Nauki i Szkolnictwa Wy\u017cszego dla najlepszych student\u00f3w w roku akademickim 2015\/2016 oraz stypendium Retora dla najlepszych student\u00f3w w roku akademickim 2015\/2016.<\/p>\n<\/div>\r\n                    <\/div>\r\n                <\/div>[\/vc_column][\/vc_row]<\/p>","protected":false},"excerpt":{"rendered":"<p>[vc_row][vc_column][\/vc_column][\/vc_row] [&#8230;]<\/p>\n<p><a class=\"btn btn-secondary understrap-read-more-link\" href=\"https:\/\/us.edu.pl\/absolwent\/absolwencius\/najlepsi-absolwenci-poprzednie-edycje\/najlepsi-absolwenci-roku-akademickiego-2015-2016\/natalia-zorawska\/\">Read More&#8230;<\/a><\/p>\n","protected":false},"author":33,"featured_media":0,"parent":294,"menu_order":0,"comment_status":"closed","ping_status":"closed","template":"","meta":{"_expiration-date-status":"saved","_expiration-date":0,"_expiration-date-type":"","_expiration-date-categories":[],"_expiration-date-options":[]},"acf":[],"_links":{"self":[{"href":"https:\/\/us.edu.pl\/absolwent\/wp-json\/wp\/v2\/pages\/1093"}],"collection":[{"href":"https:\/\/us.edu.pl\/absolwent\/wp-json\/wp\/v2\/pages"}],"about":[{"href":"https:\/\/us.edu.pl\/absolwent\/wp-json\/wp\/v2\/types\/page"}],"author":[{"embeddable":true,"href":"https:\/\/us.edu.pl\/absolwent\/wp-json\/wp\/v2\/users\/33"}],"replies":[{"embeddable":true,"href":"https:\/\/us.edu.pl\/absolwent\/wp-json\/wp\/v2\/comments?post=1093"}],"version-history":[{"count":1,"href":"https:\/\/us.edu.pl\/absolwent\/wp-json\/wp\/v2\/pages\/1093\/revisions"}],"predecessor-version":[{"id":1094,"href":"https:\/\/us.edu.pl\/absolwent\/wp-json\/wp\/v2\/pages\/1093\/revisions\/1094"}],"up":[{"embeddable":true,"href":"https:\/\/us.edu.pl\/absolwent\/wp-json\/wp\/v2\/pages\/294"}],"wp:attachment":[{"href":"https:\/\/us.edu.pl\/absolwent\/wp-json\/wp\/v2\/media?parent=1093"}],"curies":[{"name":"wp","href":"https:\/\/api.w.org\/{rel}","templated":true}]}}