{"id":1095,"date":"2019-11-28T15:25:07","date_gmt":"2019-11-28T14:25:07","guid":{"rendered":"https:\/\/us.edu.pl\/absolwent\/?page_id=1095"},"modified":"2019-11-28T15:25:08","modified_gmt":"2019-11-28T14:25:08","slug":"zaneta-garczyk","status":"publish","type":"page","link":"https:\/\/us.edu.pl\/absolwent\/absolwencius\/najlepsi-absolwenci-poprzednie-edycje\/najlepsi-absolwenci-roku-akademickiego-2015-2016\/zaneta-garczyk\/","title":{"rendered":"\u017baneta Garczyk"},"content":{"rendered":"<p>[vc_row][vc_column]\r\n                <div class=\"text-modules\">\r\n                    <div class=\"container\">\r\n                        <h3 class=\"page-title text__title\">\u017baneta Garczyk<\/h3>\r\n                        <div class=\"text-modules__content\"><p>absolwentka kierunku INFORMATYKA\u00a0na Wydziale Informatyki i Nauk o Materia\u0142ach U\u015a<\/p>\n<p>najlepsza absolwentka roku akademickiego 2015\/2016<\/p>\n<p>Cz\u0142onkini Studenckiego Ko\u0142a Naukowego In\u017cynierii Biomedycznej InBio. \u017baneta Garczyk bra\u0142a udzia\u0142 w pi\u0119ciu pracach naukowo badawczych realizowanych z innymi uczelniami i jednostkami naukowymi zagranicznymi. Wsp\u00f3\u0142praca z badaczami zaowocowa\u0142a r\u00f3wnie\u017c angielskoj\u0119zycznymi publikacjami naukowymi, kt\u00f3rych jest wsp\u00f3\u0142autork\u0105. Jest laureatk\u0105 Stypendium Ministra Nauki i Szkolnictwa Wy\u017cszego za wybitne osi\u0105gni\u0119cia naukowe w roku akademickim 2015\/2016 oraz czterokrotn\u0105 laureatk\u0105 Stypendium Rektora dla najlepszych student\u00f3w.<\/p>\n<p>Jest tak\u017ce laureatk\u0105 V edycji konkursu w ramach programu \u201eDiamentowy Grant\u201d. Temat projektu badawczego to \u201eNieniszcz\u0105ca metoda okre\u015blania obj\u0119to\u015bci por\u00f3w na powierzchni biomateria\u0142\u00f3w przeznaczonych do implantacji ortopedycznej\u201d. Interesuje si\u0119 podr\u00f3\u017cami i fotografi\u0105. Jest zatrudniona na stanowisku asystenta w Zak\u0142adzie Komputerowych System\u00f3w Biomedycznych w Instytucie Informatyki Uniwersytetu \u015al\u0105skiego.<\/p>\n<\/div>\r\n                    <\/div>\r\n                <\/div>[\/vc_column][\/vc_row]<\/p>","protected":false},"excerpt":{"rendered":"<p>[vc_row][vc_column][\/vc_column][\/vc_row] [&#8230;]<\/p>\n<p><a class=\"btn btn-secondary understrap-read-more-link\" href=\"https:\/\/us.edu.pl\/absolwent\/absolwencius\/najlepsi-absolwenci-poprzednie-edycje\/najlepsi-absolwenci-roku-akademickiego-2015-2016\/zaneta-garczyk\/\">Read More&#8230;<\/a><\/p>\n","protected":false},"author":33,"featured_media":0,"parent":294,"menu_order":0,"comment_status":"closed","ping_status":"closed","template":"","meta":{"_expiration-date-status":"saved","_expiration-date":0,"_expiration-date-type":"","_expiration-date-categories":[],"_expiration-date-options":[]},"acf":[],"_links":{"self":[{"href":"https:\/\/us.edu.pl\/absolwent\/wp-json\/wp\/v2\/pages\/1095"}],"collection":[{"href":"https:\/\/us.edu.pl\/absolwent\/wp-json\/wp\/v2\/pages"}],"about":[{"href":"https:\/\/us.edu.pl\/absolwent\/wp-json\/wp\/v2\/types\/page"}],"author":[{"embeddable":true,"href":"https:\/\/us.edu.pl\/absolwent\/wp-json\/wp\/v2\/users\/33"}],"replies":[{"embeddable":true,"href":"https:\/\/us.edu.pl\/absolwent\/wp-json\/wp\/v2\/comments?post=1095"}],"version-history":[{"count":1,"href":"https:\/\/us.edu.pl\/absolwent\/wp-json\/wp\/v2\/pages\/1095\/revisions"}],"predecessor-version":[{"id":1096,"href":"https:\/\/us.edu.pl\/absolwent\/wp-json\/wp\/v2\/pages\/1095\/revisions\/1096"}],"up":[{"embeddable":true,"href":"https:\/\/us.edu.pl\/absolwent\/wp-json\/wp\/v2\/pages\/294"}],"wp:attachment":[{"href":"https:\/\/us.edu.pl\/absolwent\/wp-json\/wp\/v2\/media?parent=1095"}],"curies":[{"name":"wp","href":"https:\/\/api.w.org\/{rel}","templated":true}]}}