{"id":1097,"date":"2019-11-28T15:28:41","date_gmt":"2019-11-28T14:28:41","guid":{"rendered":"https:\/\/us.edu.pl\/absolwent\/?page_id=1097"},"modified":"2019-11-28T15:28:41","modified_gmt":"2019-11-28T14:28:41","slug":"dawid-mariusz-zych","status":"publish","type":"page","link":"https:\/\/us.edu.pl\/absolwent\/absolwencius\/najlepsi-absolwenci-poprzednie-edycje\/najlepsi-absolwenci-roku-akademickiego-2015-2016\/dawid-mariusz-zych\/","title":{"rendered":"Dawid Mariusz Zych"},"content":{"rendered":"<p>[vc_row][vc_column]\r\n                <div class=\"text-modules\">\r\n                    <div class=\"container\">\r\n                        <h3 class=\"page-title text__title\">Dawid Mariusz Zych<\/h3>\r\n                        <div class=\"text-modules__content\"><p>absolwent kierunku CHEMIA\u00a0na Wydziale Matematyki, Fizyki i Chemii U\u015a<\/p>\n<p>najlepszy absolwent roku akademickiego 2015\/2016<\/p>\n<p>Aktywny uczestnik konferencji naukowych, grant\u00f3w badawczych, w tym grantu badawczego \u201eDiamentowy Grant\u201d finansowanego przez Ministerstwo Nauki i Szkolnictwa Wy\u017cszego, kt\u00f3rego laureatem zosta\u0142 za prac\u0119:\u00a0Binuklearne mono-bimetaliczne zwi\u0105zki kompleksowe mostkowane pochodnymi pirenu &#8211; synteza i w\u0142a\u015bciwo\u015bci. Na swoim koncie ma r\u00f3wnie\u017c patent:\u00a0Spos\u00f3b otrzymywania 1,4-bis(2,2\u2019-bitiofen-5-ylo)-1,3-butadiynu\u00a0nr: P.404279, kt\u00f3ry opracowa\u0142 razem ze Stanis\u0142awem Krompiecem i Iwon\u0105 Grudzk\u0105 oraz dwa kolejne zg\u0142oszenia patentowe. Jest dwukrotnym laureatem Stypendium Ministra Nauki i Szkolnictwa Wy\u017cszego za wybitne osi\u0105gni\u0119cia, dwukrotnym laureatem Stypendium Rektora Uniwersytetu \u015al\u0105skiego dla najlepszych student\u00f3w oraz laureatem Stypendium Starosty Powiatu Tarnog\u00f3rskiego dla najlepszych student\u00f3w. Absolwent otrzyma\u0142 r\u00f3wnie\u017c wyr\u00f3\u017cnienie w konkursie \u201eStudencki Nobel 2015&#8243;, organizowanym przez Niezale\u017cne Zrzeszenie Student\u00f3w Politechniki Warszawskiej.<\/p>\n<p>Jest laureatem w konkursach \u201eBudujemy warto\u015b\u0107 polskiej gospodarki. Pracuj dla nas!&#8221; organizowanego przez Ministerstwo Skarbu Pa\u0144stwa oraz Z\u0142oty Medal Chemii 2014 organizowanego przez Pa\u0144stwow\u0105 Akademie Nauk Instytut Chemii Fizycznej w Warszawie oraz firm\u0119 DuPont (wyr\u00f3\u017cnienie oraz nagroda finalist\u00f3w). Dawid Zych jest cz\u0142onkiem Polskiego Towarzystwa Chemicznego, Stowarzyszenia Laureat\u00f3w Diamentowego Lauru. Podczas studi\u00f3w nale\u017ca\u0142 do studenckich k\u00f3\u0142 naukowych chemik\u00f3w \u201eAQUA REGIA&#8221; i \u201eOXYGEN&#8221;. Jego hobby to turystyka g\u00f3rska i krajoznawcza.<\/p>\n<\/div>\r\n                    <\/div>\r\n                <\/div>[\/vc_column][\/vc_row]<\/p>","protected":false},"excerpt":{"rendered":"<p>[vc_row][vc_column][\/vc_column][\/vc_row] [&#8230;]<\/p>\n<p><a class=\"btn btn-secondary understrap-read-more-link\" href=\"https:\/\/us.edu.pl\/absolwent\/absolwencius\/najlepsi-absolwenci-poprzednie-edycje\/najlepsi-absolwenci-roku-akademickiego-2015-2016\/dawid-mariusz-zych\/\">Read More&#8230;<\/a><\/p>\n","protected":false},"author":33,"featured_media":0,"parent":294,"menu_order":0,"comment_status":"closed","ping_status":"closed","template":"","meta":{"_expiration-date-status":"saved","_expiration-date":0,"_expiration-date-type":"","_expiration-date-categories":[],"_expiration-date-options":[]},"acf":[],"_links":{"self":[{"href":"https:\/\/us.edu.pl\/absolwent\/wp-json\/wp\/v2\/pages\/1097"}],"collection":[{"href":"https:\/\/us.edu.pl\/absolwent\/wp-json\/wp\/v2\/pages"}],"about":[{"href":"https:\/\/us.edu.pl\/absolwent\/wp-json\/wp\/v2\/types\/page"}],"author":[{"embeddable":true,"href":"https:\/\/us.edu.pl\/absolwent\/wp-json\/wp\/v2\/users\/33"}],"replies":[{"embeddable":true,"href":"https:\/\/us.edu.pl\/absolwent\/wp-json\/wp\/v2\/comments?post=1097"}],"version-history":[{"count":1,"href":"https:\/\/us.edu.pl\/absolwent\/wp-json\/wp\/v2\/pages\/1097\/revisions"}],"predecessor-version":[{"id":1098,"href":"https:\/\/us.edu.pl\/absolwent\/wp-json\/wp\/v2\/pages\/1097\/revisions\/1098"}],"up":[{"embeddable":true,"href":"https:\/\/us.edu.pl\/absolwent\/wp-json\/wp\/v2\/pages\/294"}],"wp:attachment":[{"href":"https:\/\/us.edu.pl\/absolwent\/wp-json\/wp\/v2\/media?parent=1097"}],"curies":[{"name":"wp","href":"https:\/\/api.w.org\/{rel}","templated":true}]}}