{"id":1101,"date":"2019-11-28T15:30:51","date_gmt":"2019-11-28T14:30:51","guid":{"rendered":"https:\/\/us.edu.pl\/absolwent\/?page_id=1101"},"modified":"2019-11-28T15:30:51","modified_gmt":"2019-11-28T14:30:51","slug":"tomasz-papciak","status":"publish","type":"page","link":"https:\/\/us.edu.pl\/absolwent\/absolwencius\/najlepsi-absolwenci-poprzednie-edycje\/najlepsi-absolwenci-roku-akademickiego-2015-2016\/tomasz-papciak\/","title":{"rendered":"Tomasz Papciak"},"content":{"rendered":"<p>[vc_row][vc_column]\r\n                <div class=\"text-modules\">\r\n                    <div class=\"container\">\r\n                        <h3 class=\"page-title text__title\">Tomasz Papciak<\/h3>\r\n                        <div class=\"text-modules__content\"><p>absolwent kierunku GEOGRAFIA, specjalno\u015b\u0107 REKONSTRUKCJA \u015aRODOWISKA GEOGRAFICZNEGO\u00a0na Wydziale Nauk o Ziemi U\u015a<\/p>\n<p>najlepszy absolwent roku akademickiego 2015\/2016<\/p>\n<p>Jest czterokrotnym laureatem Stypendium Rektora Uniwersytetu \u015al\u0105skiego dla najlepszych student\u00f3w oraz Stypendium Ministra Nauki i Szkolnictwa Wy\u017cszego. Uczestniczy\u0142 w pracach badawczych w ramach projektu \u201ePor\u00f3wnanie zapisu proces\u00f3w geomorfologicznych i pozageomorfologicznych w anatomii drewna drzew rosn\u0105cych w obszarach g\u00f3rskich\u201d pod kierownictwem prof. I. Malika. Jest wsp\u00f3\u0142autorem licznych publikacji naukowych, wsp\u00f3\u0142tworzonych, mi\u0119dzy innymi, z prof. I.Malikiem oraz aktywnym uczestnikiem konferencji naukowych.<\/p>\n<p>Tomasz Papciak nale\u017cy do Polskiego Towarzystwa Geograficznego oraz do Polskiego Towarzystwa Turystyczno-Krajoznawczego. Prowadzi fanpage pt. \u201ePoznaj S\u0142owacj\u0119\u201d na stronie facebook.pl . Swoje zainteresowania, do kt\u00f3rych nale\u017cy turystyka g\u00f3rska, realizuje organizuj\u0105c wycieczki g\u00f3rskie dla uczni\u00f3w Zespo\u0142u Szk\u00f3\u0142 Prywatnych nr 1 w Sosnowcu.<\/p>\n<\/div>\r\n                    <\/div>\r\n                <\/div>[\/vc_column][\/vc_row]<\/p>","protected":false},"excerpt":{"rendered":"<p>[vc_row][vc_column][\/vc_column][\/vc_row] [&#8230;]<\/p>\n<p><a class=\"btn btn-secondary understrap-read-more-link\" href=\"https:\/\/us.edu.pl\/absolwent\/absolwencius\/najlepsi-absolwenci-poprzednie-edycje\/najlepsi-absolwenci-roku-akademickiego-2015-2016\/tomasz-papciak\/\">Read More&#8230;<\/a><\/p>\n","protected":false},"author":33,"featured_media":0,"parent":294,"menu_order":0,"comment_status":"closed","ping_status":"closed","template":"","meta":{"_expiration-date-status":"saved","_expiration-date":0,"_expiration-date-type":"","_expiration-date-categories":[],"_expiration-date-options":[]},"acf":[],"_links":{"self":[{"href":"https:\/\/us.edu.pl\/absolwent\/wp-json\/wp\/v2\/pages\/1101"}],"collection":[{"href":"https:\/\/us.edu.pl\/absolwent\/wp-json\/wp\/v2\/pages"}],"about":[{"href":"https:\/\/us.edu.pl\/absolwent\/wp-json\/wp\/v2\/types\/page"}],"author":[{"embeddable":true,"href":"https:\/\/us.edu.pl\/absolwent\/wp-json\/wp\/v2\/users\/33"}],"replies":[{"embeddable":true,"href":"https:\/\/us.edu.pl\/absolwent\/wp-json\/wp\/v2\/comments?post=1101"}],"version-history":[{"count":1,"href":"https:\/\/us.edu.pl\/absolwent\/wp-json\/wp\/v2\/pages\/1101\/revisions"}],"predecessor-version":[{"id":1102,"href":"https:\/\/us.edu.pl\/absolwent\/wp-json\/wp\/v2\/pages\/1101\/revisions\/1102"}],"up":[{"embeddable":true,"href":"https:\/\/us.edu.pl\/absolwent\/wp-json\/wp\/v2\/pages\/294"}],"wp:attachment":[{"href":"https:\/\/us.edu.pl\/absolwent\/wp-json\/wp\/v2\/media?parent=1101"}],"curies":[{"name":"wp","href":"https:\/\/api.w.org\/{rel}","templated":true}]}}