{"id":1103,"date":"2019-11-28T15:31:47","date_gmt":"2019-11-28T14:31:47","guid":{"rendered":"https:\/\/us.edu.pl\/absolwent\/?page_id=1103"},"modified":"2019-11-28T15:31:47","modified_gmt":"2019-11-28T14:31:47","slug":"wojciech-pilorz","status":"publish","type":"page","link":"https:\/\/us.edu.pl\/absolwent\/absolwencius\/najlepsi-absolwenci-poprzednie-edycje\/najlepsi-absolwenci-roku-akademickiego-2015-2016\/wojciech-pilorz\/","title":{"rendered":"Wojciech Pilorz"},"content":{"rendered":"<p>[vc_row][vc_column]\r\n                <div class=\"text-modules\">\r\n                    <div class=\"container\">\r\n                        <h3 class=\"page-title text__title\">Wojciech Pilorz<\/h3>\r\n                        <div class=\"text-modules__content\"><p>absolwent kierunku GEOGRAFIA,\u00a0specjalno\u015b\u0107 HYDROKLIMATOLOGIA\u00a0na Wydziale Nauk o Ziemi U\u015a<\/p>\n<p>najlepszy absolwent roku akademickiego 2015\/2016<\/p>\n<p>Trzykrotny stypendysta Stypendium Rektora Uniwersytetu \u015al\u0105skiego dla najlepszych student\u00f3w, laureat Stypendium Ministra Nauki i Szkolnictwa Wy\u017cszego. Jest autorem publikacji naukowej\u00a0Radarowa detekcja superkom\u00f3rek burzowych\u00a0oraz wsp\u00f3\u0142autorem dw\u00f3ch kolejnych. Absolwent aktywnie uczestniczy\u0142 w dw\u00f3ch projektach badawczych dotycz\u0105cych geomorfologii i dendrologi, a tak\u017ce uczestniczy\u0142 w konferencjach naukowych wyg\u0142aszaj\u0105c podczas nich referaty g\u0142\u00f3wnie na temat zjawisk meteorologicznych. Wojciech Pilorz nale\u017cy do Stowarzyszenia Skywarn Polska \u2013 Polscy \u0141owcy Burz, gdzie pe\u0142ni funkcj\u0119 cz\u0142onka Zarz\u0105du.<\/p>\n<\/div>\r\n                    <\/div>\r\n                <\/div>[\/vc_column][\/vc_row]<\/p>","protected":false},"excerpt":{"rendered":"<p>[vc_row][vc_column][\/vc_column][\/vc_row] [&#8230;]<\/p>\n<p><a class=\"btn btn-secondary understrap-read-more-link\" href=\"https:\/\/us.edu.pl\/absolwent\/absolwencius\/najlepsi-absolwenci-poprzednie-edycje\/najlepsi-absolwenci-roku-akademickiego-2015-2016\/wojciech-pilorz\/\">Read More&#8230;<\/a><\/p>\n","protected":false},"author":33,"featured_media":0,"parent":294,"menu_order":0,"comment_status":"closed","ping_status":"closed","template":"","meta":{"_expiration-date-status":"saved","_expiration-date":0,"_expiration-date-type":"","_expiration-date-categories":[],"_expiration-date-options":[]},"acf":[],"_links":{"self":[{"href":"https:\/\/us.edu.pl\/absolwent\/wp-json\/wp\/v2\/pages\/1103"}],"collection":[{"href":"https:\/\/us.edu.pl\/absolwent\/wp-json\/wp\/v2\/pages"}],"about":[{"href":"https:\/\/us.edu.pl\/absolwent\/wp-json\/wp\/v2\/types\/page"}],"author":[{"embeddable":true,"href":"https:\/\/us.edu.pl\/absolwent\/wp-json\/wp\/v2\/users\/33"}],"replies":[{"embeddable":true,"href":"https:\/\/us.edu.pl\/absolwent\/wp-json\/wp\/v2\/comments?post=1103"}],"version-history":[{"count":1,"href":"https:\/\/us.edu.pl\/absolwent\/wp-json\/wp\/v2\/pages\/1103\/revisions"}],"predecessor-version":[{"id":1104,"href":"https:\/\/us.edu.pl\/absolwent\/wp-json\/wp\/v2\/pages\/1103\/revisions\/1104"}],"up":[{"embeddable":true,"href":"https:\/\/us.edu.pl\/absolwent\/wp-json\/wp\/v2\/pages\/294"}],"wp:attachment":[{"href":"https:\/\/us.edu.pl\/absolwent\/wp-json\/wp\/v2\/media?parent=1103"}],"curies":[{"name":"wp","href":"https:\/\/api.w.org\/{rel}","templated":true}]}}