{"id":1105,"date":"2019-11-28T15:32:51","date_gmt":"2019-11-28T14:32:51","guid":{"rendered":"https:\/\/us.edu.pl\/absolwent\/?page_id=1105"},"modified":"2019-11-28T15:32:51","modified_gmt":"2019-11-28T14:32:51","slug":"michal-bulsa","status":"publish","type":"page","link":"https:\/\/us.edu.pl\/absolwent\/absolwencius\/najlepsi-absolwenci-poprzednie-edycje\/najlepsi-absolwenci-roku-akademickiego-2015-2016\/michal-bulsa\/","title":{"rendered":"Micha\u0142 Bulsa"},"content":{"rendered":"<p>[vc_row][vc_column]\r\n                <div class=\"text-modules\">\r\n                    <div class=\"container\">\r\n                        <h3 class=\"page-title text__title\">Micha\u0142 Bulsa<\/h3>\r\n                        <div class=\"text-modules__content\"><p>absolwent kierunku HISTORIA,\u00a0specjalno\u015b\u0107 ARCHIWALNA I ZARZ\u0104DZANIE DOKUMENTACJ\u0104\u00a0na Wydziale Nauk Spo\u0142ecznych U\u015a<\/p>\n<p>najlepszy absolwent roku akademickiego 2015\/2016<\/p>\n<p>Micha\u0142 Bulsa jest trzykrotnym laureatem Stypendium Rektora Uniwersytetu \u015al\u0105skiego dla najlepszych student\u00f3w oraz laureatem stypendium Ministra Nauki i Szkolnictwa Wy\u017cszego za wybitne osi\u0105gni\u0119cia. Jako cz\u0142onek Studenckiego Ko\u0142a Historyk\u00f3w Uniwersytetu \u015al\u0105skiego bra\u0142 udzia\u0142 w organizacji I Mi\u0119dzynarodowej Interdyscyplinarnej Konferencji Naukowej \u201eZiemie W\u0119gla i Stali\u201d. Uczestniczy\u0142 r\u00f3wnie\u017c w pracach wykopaliskowo-renowacyjnych na cmentarzu Parafii Ewangelicko-Augsburskiej w Katowicach-Szopienicach Jest autorem i wsp\u00f3\u0142autorem kilku publikacji naukowych.<\/p>\n<\/div>\r\n                    <\/div>\r\n                <\/div>[\/vc_column][\/vc_row]<\/p>","protected":false},"excerpt":{"rendered":"<p>[vc_row][vc_column][\/vc_column][\/vc_row] [&#8230;]<\/p>\n<p><a class=\"btn btn-secondary understrap-read-more-link\" href=\"https:\/\/us.edu.pl\/absolwent\/absolwencius\/najlepsi-absolwenci-poprzednie-edycje\/najlepsi-absolwenci-roku-akademickiego-2015-2016\/michal-bulsa\/\">Read More&#8230;<\/a><\/p>\n","protected":false},"author":33,"featured_media":0,"parent":294,"menu_order":0,"comment_status":"closed","ping_status":"closed","template":"","meta":{"_expiration-date-status":"saved","_expiration-date":0,"_expiration-date-type":"","_expiration-date-categories":[],"_expiration-date-options":[]},"acf":[],"_links":{"self":[{"href":"https:\/\/us.edu.pl\/absolwent\/wp-json\/wp\/v2\/pages\/1105"}],"collection":[{"href":"https:\/\/us.edu.pl\/absolwent\/wp-json\/wp\/v2\/pages"}],"about":[{"href":"https:\/\/us.edu.pl\/absolwent\/wp-json\/wp\/v2\/types\/page"}],"author":[{"embeddable":true,"href":"https:\/\/us.edu.pl\/absolwent\/wp-json\/wp\/v2\/users\/33"}],"replies":[{"embeddable":true,"href":"https:\/\/us.edu.pl\/absolwent\/wp-json\/wp\/v2\/comments?post=1105"}],"version-history":[{"count":1,"href":"https:\/\/us.edu.pl\/absolwent\/wp-json\/wp\/v2\/pages\/1105\/revisions"}],"predecessor-version":[{"id":1106,"href":"https:\/\/us.edu.pl\/absolwent\/wp-json\/wp\/v2\/pages\/1105\/revisions\/1106"}],"up":[{"embeddable":true,"href":"https:\/\/us.edu.pl\/absolwent\/wp-json\/wp\/v2\/pages\/294"}],"wp:attachment":[{"href":"https:\/\/us.edu.pl\/absolwent\/wp-json\/wp\/v2\/media?parent=1105"}],"curies":[{"name":"wp","href":"https:\/\/api.w.org\/{rel}","templated":true}]}}