{"id":1107,"date":"2019-11-28T15:33:50","date_gmt":"2019-11-28T14:33:50","guid":{"rendered":"https:\/\/us.edu.pl\/absolwent\/?page_id=1107"},"modified":"2019-11-28T15:33:50","modified_gmt":"2019-11-28T14:33:50","slug":"michal-kurka","status":"publish","type":"page","link":"https:\/\/us.edu.pl\/absolwent\/absolwencius\/najlepsi-absolwenci-poprzednie-edycje\/najlepsi-absolwenci-roku-akademickiego-2015-2016\/michal-kurka\/","title":{"rendered":"Micha\u0142 Kurka"},"content":{"rendered":"<p>[vc_row][vc_column]\r\n                <div class=\"text-modules\">\r\n                    <div class=\"container\">\r\n                        <h3 class=\"page-title text__title\">Micha\u0142 Kurka<\/h3>\r\n                        <div class=\"text-modules__content\"><p>absolwent kierunku DZIENNIKARSTWO I KOMUNIKACJA SPO\u0141ECZNA na Wydziale Nauk Spo\u0142ecznych U\u015a<\/p>\n<p>najlepszy absolwent roku akademickiego 2015\/2016<\/p>\n<p>By\u0142 niezwykle aktywnym cz\u0142onkiem SSR \u201eEgida\u201d, a w latach 2014-2015 pe\u0142ni\u0142 w nim funkcj\u0119 kierownika organizacji. Podczas jego przynale\u017cno\u015bci do organizacji uda\u0142o mu si\u0119, wraz z Panem Rados\u0142awem Aksamitem, wprowadzi\u0107 SSR \u201eEgida\u201d na fale FM oraz zapewni\u0107 ci\u0105g\u0142o\u015b\u0107 nadawania programu. Cz\u0142onek redakcji telewizji internetowej \u201eU\u015a TV\u201d w latach 2013-2016. Od 2014 roku pe\u0142ni te\u017c funkcj\u0119 Rzecznika prasowego AZS U\u015a Futsal Team. Jest dwukrotnym stypendyst\u0105 Stypendium Rektora Uniwersytetu \u015al\u0105skiego dla najlepszych student\u00f3w, a tak\u017ce zwyci\u0119zc\u0105 presti\u017cowego konkursu stacji TVN i Uniwersytetu \u015al\u0105skiego \u2013 \u201ePo\u0142awiacze Pere\u0142\u201d. Podczas studi\u00f3w uczestniczy\u0142 aktywnie w konferencjach naukowych, a tak\u017ce udziela\u0142 si\u0119 spo\u0142ecznie m.in. wystawiaj\u0105c sztuki dla dzieci wraz z innymi cz\u0142onkami Ko\u0142a Naukowego Aktor\u00f3w \u201eParapeptydy\u201d, b\u0119d\u0105c pomys\u0142odawc\u0105 i wsp\u00f3\u0142producentem audiobooka przygotowanego przez SSR \u201eEgida\u201d pt. \u201eOpowie\u015b\u0107 wigilijna\u201d Karola Dickensa, kt\u00f3rego ca\u0142y nak\u0142ad zosta\u0142 przekazany szpitalom onkologicznym w Katowicach i domom dziecka na terenie naszego regionu.<\/p>\n<\/div>\r\n                    <\/div>\r\n                <\/div>[\/vc_column][\/vc_row]<\/p>","protected":false},"excerpt":{"rendered":"<p>[vc_row][vc_column][\/vc_column][\/vc_row] [&#8230;]<\/p>\n<p><a class=\"btn btn-secondary understrap-read-more-link\" href=\"https:\/\/us.edu.pl\/absolwent\/absolwencius\/najlepsi-absolwenci-poprzednie-edycje\/najlepsi-absolwenci-roku-akademickiego-2015-2016\/michal-kurka\/\">Read More&#8230;<\/a><\/p>\n","protected":false},"author":33,"featured_media":0,"parent":294,"menu_order":0,"comment_status":"closed","ping_status":"closed","template":"","meta":{"_expiration-date-status":"saved","_expiration-date":0,"_expiration-date-type":"","_expiration-date-categories":[],"_expiration-date-options":[]},"acf":[],"_links":{"self":[{"href":"https:\/\/us.edu.pl\/absolwent\/wp-json\/wp\/v2\/pages\/1107"}],"collection":[{"href":"https:\/\/us.edu.pl\/absolwent\/wp-json\/wp\/v2\/pages"}],"about":[{"href":"https:\/\/us.edu.pl\/absolwent\/wp-json\/wp\/v2\/types\/page"}],"author":[{"embeddable":true,"href":"https:\/\/us.edu.pl\/absolwent\/wp-json\/wp\/v2\/users\/33"}],"replies":[{"embeddable":true,"href":"https:\/\/us.edu.pl\/absolwent\/wp-json\/wp\/v2\/comments?post=1107"}],"version-history":[{"count":1,"href":"https:\/\/us.edu.pl\/absolwent\/wp-json\/wp\/v2\/pages\/1107\/revisions"}],"predecessor-version":[{"id":1108,"href":"https:\/\/us.edu.pl\/absolwent\/wp-json\/wp\/v2\/pages\/1107\/revisions\/1108"}],"up":[{"embeddable":true,"href":"https:\/\/us.edu.pl\/absolwent\/wp-json\/wp\/v2\/pages\/294"}],"wp:attachment":[{"href":"https:\/\/us.edu.pl\/absolwent\/wp-json\/wp\/v2\/media?parent=1107"}],"curies":[{"name":"wp","href":"https:\/\/api.w.org\/{rel}","templated":true}]}}