{"id":1109,"date":"2019-11-28T15:34:47","date_gmt":"2019-11-28T14:34:47","guid":{"rendered":"https:\/\/us.edu.pl\/absolwent\/?page_id=1109"},"modified":"2019-11-28T15:34:47","modified_gmt":"2019-11-28T14:34:47","slug":"justyna-nieszporek","status":"publish","type":"page","link":"https:\/\/us.edu.pl\/absolwent\/absolwencius\/najlepsi-absolwenci-poprzednie-edycje\/najlepsi-absolwenci-roku-akademickiego-2015-2016\/justyna-nieszporek\/","title":{"rendered":"Justyna Nieszporek"},"content":{"rendered":"<p>[vc_row][vc_column]\r\n                <div class=\"text-modules\">\r\n                    <div class=\"container\">\r\n                        <h3 class=\"page-title text__title\">Justyna Nieszporek<\/h3>\r\n                        <div class=\"text-modules__content\"><p>absolwentka kierunku HISTORIA,\u00a0specjalizacja ARCHIWALNA I ZARZ\u0104DZANIE DOKUMENTACJ\u0104\u00a0na Wydziale Nauk Spo\u0142ecznych U\u015a<\/p>\n<p>najlepsza absolwentka roku akademickiego 2015\/2016<\/p>\n<p>Justyna Nieszporek uko\u0144czy\u0142a studia magisterskie na kierunku historia, specjalno\u015b\u0107: archiwalna i zarz\u0105dzanie dokumentacj\u0105. Absolwentka na dyplomie uzyska\u0142a ocen\u0119 celuj\u0105c\u0105. Justyna Nieszporek uczestniczy\u0142a w XVII Og\u00f3lnopolskim Zje\u017adzie Student\u00f3w Archiwistyki. Podczas studi\u00f3w nale\u017ca\u0142a do Akademickiego Klubu Turystycznego \u201eWatra\u201d pe\u0142ni\u0105c funkcj\u0119 cz\u0142onka zarz\u0105du ds. Promocji Klubu oraz do Studenckiego Ko\u0142a Naukowego Historyk\u00f3w Uniwersytetu \u015al\u0105skiego. Absolwentka jest wolontariuszk\u0105 w Tatrza\u0144skim Parku Narodowym. Jej hobby to turystyka g\u00f3rska, rowerowa i kajakowa.<\/p>\n<\/div>\r\n                    <\/div>\r\n                <\/div>[\/vc_column][\/vc_row]<\/p>","protected":false},"excerpt":{"rendered":"<p>[vc_row][vc_column][\/vc_column][\/vc_row] [&#8230;]<\/p>\n<p><a class=\"btn btn-secondary understrap-read-more-link\" href=\"https:\/\/us.edu.pl\/absolwent\/absolwencius\/najlepsi-absolwenci-poprzednie-edycje\/najlepsi-absolwenci-roku-akademickiego-2015-2016\/justyna-nieszporek\/\">Read More&#8230;<\/a><\/p>\n","protected":false},"author":33,"featured_media":0,"parent":294,"menu_order":0,"comment_status":"closed","ping_status":"closed","template":"","meta":{"_expiration-date-status":"saved","_expiration-date":0,"_expiration-date-type":"","_expiration-date-categories":[],"_expiration-date-options":[]},"acf":[],"_links":{"self":[{"href":"https:\/\/us.edu.pl\/absolwent\/wp-json\/wp\/v2\/pages\/1109"}],"collection":[{"href":"https:\/\/us.edu.pl\/absolwent\/wp-json\/wp\/v2\/pages"}],"about":[{"href":"https:\/\/us.edu.pl\/absolwent\/wp-json\/wp\/v2\/types\/page"}],"author":[{"embeddable":true,"href":"https:\/\/us.edu.pl\/absolwent\/wp-json\/wp\/v2\/users\/33"}],"replies":[{"embeddable":true,"href":"https:\/\/us.edu.pl\/absolwent\/wp-json\/wp\/v2\/comments?post=1109"}],"version-history":[{"count":1,"href":"https:\/\/us.edu.pl\/absolwent\/wp-json\/wp\/v2\/pages\/1109\/revisions"}],"predecessor-version":[{"id":1110,"href":"https:\/\/us.edu.pl\/absolwent\/wp-json\/wp\/v2\/pages\/1109\/revisions\/1110"}],"up":[{"embeddable":true,"href":"https:\/\/us.edu.pl\/absolwent\/wp-json\/wp\/v2\/pages\/294"}],"wp:attachment":[{"href":"https:\/\/us.edu.pl\/absolwent\/wp-json\/wp\/v2\/media?parent=1109"}],"curies":[{"name":"wp","href":"https:\/\/api.w.org\/{rel}","templated":true}]}}