{"id":1117,"date":"2019-11-28T15:38:47","date_gmt":"2019-11-28T14:38:47","guid":{"rendered":"https:\/\/us.edu.pl\/absolwent\/?page_id=1117"},"modified":"2019-11-28T15:38:47","modified_gmt":"2019-11-28T14:38:47","slug":"malgorzata-klimasz","status":"publish","type":"page","link":"https:\/\/us.edu.pl\/absolwent\/absolwencius\/najlepsi-absolwenci-poprzednie-edycje\/najlepsi-absolwenci-roku-akademickiego-2015-2016\/malgorzata-klimasz\/","title":{"rendered":"Ma\u0142gorzata Klimasz"},"content":{"rendered":"<p>[vc_row][vc_column]\r\n                <div class=\"text-modules\">\r\n                    <div class=\"container\">\r\n                        <h3 class=\"page-title text__title\">Ma\u0142gorzata Klimasz<\/h3>\r\n                        <div class=\"text-modules__content\"><p>absolwentka kierunku PEDAGOGIKA RESOCJALIZACYJNA Z PROFILAKTYK\u0104 SPO\u0141ECZN\u0104\u00a0na Wydziale Pedagogiki i Psychologii U\u015a<\/p>\n<p>najlepsza absolwentka roku akademickiego 2015\/2016<\/p>\n<p>Uczestniczka projekt\u00f3w na Wydziale Pedagogiki i Psychologii U\u015a takich jak: \u201eKorzystanie z Facebooka i telefonu kom\u00f3rkowego a jako\u015b \u017cycia\u201d (2013) \u201eStereotyp studiuj\u0105cej mamy w spo\u0142eczno\u015bci akademickiej\u201d (2013) oraz \u201eJawna i utajona samoocena w\u015br\u00f3d os\u00f3b przejawiaj\u0105cych cechy makiaweliczne i psychopatyczne\u201d (2014). Uczestniczka kampanii \u201eCo nas spina\u201d &#8211; \u201ePromocja zdrowia psychicznego i zapobieganie zaburzeniom psychicznym\u201d, organizowanej przez Biuro Wsparcia Studenta Uniwersytetu \u015al\u0105skiego w Katowicach i \u015al\u0105sk\u0105 Kawiarni\u0119 Naukow\u0105 (2013). Uczestniczka projektu \u201e Mierzenie stopnia zrozumia\u0142o\u015bci polskich tekst\u00f3w u\u017cytkowych pozaliterackich\u201d (Wy\u017csza Szko\u0142a Psychologii Spo\u0142ecznej w Warszawie, Wydzia\u0142 Kulturoznawstwa i Filologii, 2013 oraz 2014). Autorka publikacji\u00a0Kobieta jako towar \u2014 rzecz o seksualizacji kultury\u00a0[w:]\u00a0Wsp\u00f3\u0142czesna kobieta \u2014 szkice do portretu na tle przemian spo\u0142eczno\u2011kulturowych\u00a0pod redakcj\u0105 Dagmary Dobosz, Katarzyny Joniec (Wydawnictwo Uniwersytetu \u015al\u0105skiego, Katowice 2014). Trzykrotna Stypendystka Rektora Uniwersytetu \u015al\u0105skiego dla najlepszego studenta.<\/p>\n<\/div>\r\n                    <\/div>\r\n                <\/div>[\/vc_column][\/vc_row]<\/p>","protected":false},"excerpt":{"rendered":"<p>[vc_row][vc_column][\/vc_column][\/vc_row] [&#8230;]<\/p>\n<p><a class=\"btn btn-secondary understrap-read-more-link\" href=\"https:\/\/us.edu.pl\/absolwent\/absolwencius\/najlepsi-absolwenci-poprzednie-edycje\/najlepsi-absolwenci-roku-akademickiego-2015-2016\/malgorzata-klimasz\/\">Read More&#8230;<\/a><\/p>\n","protected":false},"author":33,"featured_media":0,"parent":294,"menu_order":0,"comment_status":"closed","ping_status":"closed","template":"","meta":{"_expiration-date-status":"saved","_expiration-date":0,"_expiration-date-type":"","_expiration-date-categories":[],"_expiration-date-options":[]},"acf":[],"_links":{"self":[{"href":"https:\/\/us.edu.pl\/absolwent\/wp-json\/wp\/v2\/pages\/1117"}],"collection":[{"href":"https:\/\/us.edu.pl\/absolwent\/wp-json\/wp\/v2\/pages"}],"about":[{"href":"https:\/\/us.edu.pl\/absolwent\/wp-json\/wp\/v2\/types\/page"}],"author":[{"embeddable":true,"href":"https:\/\/us.edu.pl\/absolwent\/wp-json\/wp\/v2\/users\/33"}],"replies":[{"embeddable":true,"href":"https:\/\/us.edu.pl\/absolwent\/wp-json\/wp\/v2\/comments?post=1117"}],"version-history":[{"count":1,"href":"https:\/\/us.edu.pl\/absolwent\/wp-json\/wp\/v2\/pages\/1117\/revisions"}],"predecessor-version":[{"id":1118,"href":"https:\/\/us.edu.pl\/absolwent\/wp-json\/wp\/v2\/pages\/1117\/revisions\/1118"}],"up":[{"embeddable":true,"href":"https:\/\/us.edu.pl\/absolwent\/wp-json\/wp\/v2\/pages\/294"}],"wp:attachment":[{"href":"https:\/\/us.edu.pl\/absolwent\/wp-json\/wp\/v2\/media?parent=1117"}],"curies":[{"name":"wp","href":"https:\/\/api.w.org\/{rel}","templated":true}]}}