{"id":1119,"date":"2019-11-28T15:41:58","date_gmt":"2019-11-28T14:41:58","guid":{"rendered":"https:\/\/us.edu.pl\/absolwent\/?page_id=1119"},"modified":"2019-11-28T15:41:58","modified_gmt":"2019-11-28T14:41:58","slug":"urszula-kmiec","status":"publish","type":"page","link":"https:\/\/us.edu.pl\/absolwent\/absolwencius\/najlepsi-absolwenci-poprzednie-edycje\/najlepsi-absolwenci-roku-akademickiego-2015-2016\/urszula-kmiec\/","title":{"rendered":"Urszula Kmie\u0107"},"content":{"rendered":"<p>[vc_row][vc_column]\r\n                <div class=\"text-modules\">\r\n                    <div class=\"container\">\r\n                        <h3 class=\"page-title text__title\">Urszula Kmie\u0107<\/h3>\r\n                        <div class=\"text-modules__content\"><p>absolwentka kierunku PSYCHOLOGIA\u00a0na Wydziale Pedagogiki i Psychologii U\u015a<\/p>\n<p>najlepsza absolwentka roku akademickiego 2015\/2016<\/p>\n<p>Bra\u0142a aktywny udzia\u0142 w wielu projektach i konferencjach naukowych. Jest r\u00f3wnie\u017c autork\u0105 i wsp\u00f3\u0142autork\u0105 publikacji naukowych. Dzia\u0142a aktywnie w sferze popularnonaukowej organizuj\u0105c i prowadz\u0105c psychoedukacj\u0119, warsztaty oraz wyk\u0142ady. W centrum jej zainteresowa\u0144 le\u017cy zdrowie psychiczne i poczucie kobieco\u015bci kobiet w ci\u0105\u017cy i kobiet hospitalizowanych. Jest laureatk\u0105 Wyr\u00f3\u017cnienia JM Rektora Uniwersytetu \u015al\u0105skiego za dzia\u0142alno\u015b\u0107 spo\u0142eczn\u0105 i naukow\u0105 oraz popularyzacj\u0119 nauki, stypendystk\u0105 Stypendium Rektora U\u015a dla najlepszych student\u00f3w w latach 2011 \u2013 2016. W latach 2012 \u2013 2016 by\u0142a przewodnicz\u0105c\u0105 Ko\u0142a Naukowego Psychologii Humanistycznej U\u015a.<\/p>\n<\/div>\r\n                    <\/div>\r\n                <\/div>[\/vc_column][\/vc_row]<\/p>","protected":false},"excerpt":{"rendered":"<p>[vc_row][vc_column][\/vc_column][\/vc_row] [&#8230;]<\/p>\n<p><a class=\"btn btn-secondary understrap-read-more-link\" href=\"https:\/\/us.edu.pl\/absolwent\/absolwencius\/najlepsi-absolwenci-poprzednie-edycje\/najlepsi-absolwenci-roku-akademickiego-2015-2016\/urszula-kmiec\/\">Read More&#8230;<\/a><\/p>\n","protected":false},"author":33,"featured_media":0,"parent":294,"menu_order":0,"comment_status":"closed","ping_status":"closed","template":"","meta":{"_expiration-date-status":"saved","_expiration-date":0,"_expiration-date-type":"","_expiration-date-categories":[],"_expiration-date-options":[]},"acf":[],"_links":{"self":[{"href":"https:\/\/us.edu.pl\/absolwent\/wp-json\/wp\/v2\/pages\/1119"}],"collection":[{"href":"https:\/\/us.edu.pl\/absolwent\/wp-json\/wp\/v2\/pages"}],"about":[{"href":"https:\/\/us.edu.pl\/absolwent\/wp-json\/wp\/v2\/types\/page"}],"author":[{"embeddable":true,"href":"https:\/\/us.edu.pl\/absolwent\/wp-json\/wp\/v2\/users\/33"}],"replies":[{"embeddable":true,"href":"https:\/\/us.edu.pl\/absolwent\/wp-json\/wp\/v2\/comments?post=1119"}],"version-history":[{"count":1,"href":"https:\/\/us.edu.pl\/absolwent\/wp-json\/wp\/v2\/pages\/1119\/revisions"}],"predecessor-version":[{"id":1120,"href":"https:\/\/us.edu.pl\/absolwent\/wp-json\/wp\/v2\/pages\/1119\/revisions\/1120"}],"up":[{"embeddable":true,"href":"https:\/\/us.edu.pl\/absolwent\/wp-json\/wp\/v2\/pages\/294"}],"wp:attachment":[{"href":"https:\/\/us.edu.pl\/absolwent\/wp-json\/wp\/v2\/media?parent=1119"}],"curies":[{"name":"wp","href":"https:\/\/api.w.org\/{rel}","templated":true}]}}