{"id":1125,"date":"2019-11-28T15:44:23","date_gmt":"2019-11-28T14:44:23","guid":{"rendered":"https:\/\/us.edu.pl\/absolwent\/?page_id=1125"},"modified":"2019-11-28T15:44:23","modified_gmt":"2019-11-28T14:44:23","slug":"michalina-nawrot-pielizg","status":"publish","type":"page","link":"https:\/\/us.edu.pl\/absolwent\/absolwencius\/najlepsi-absolwenci-poprzednie-edycje\/najlepsi-absolwenci-roku-akademickiego-2015-2016\/michalina-nawrot-pielizg\/","title":{"rendered":"Michalina Nawrot-Pielizg"},"content":{"rendered":"<p>[vc_row][vc_column]\r\n                <div class=\"text-modules\">\r\n                    <div class=\"container\">\r\n                        <h3 class=\"page-title text__title\">Michalina Nawrot-Pielizg<\/h3>\r\n                        <div class=\"text-modules__content\"><p>absolwentka kierunku PRAWO\u00a0na Wydziale Prawa i Administracji U\u015a<\/p>\n<p>najlepsza absolwentka roku akademickiego 2015\/2016<\/p>\n<p>Bra\u0142a czynny udzia\u0142 w Mi\u0119dzynarodowej Konferencji Naukowej pt. \u201ePrawa cz\u0142owieka-wsp\u00f3\u0142czesne zjawiska, wyzwania, zagro\u017cenia\u201d zorganizowanej w Wy\u017cszej Szkole \u201eHumanitas\u201d w Sosnowcu. Jest autork\u0105 artyku\u0142 pt. \u201eKilka uwag o konstytucyjnej wolno\u015bci zgromadze\u0144\u201d zamieszczony w zbiorczym opracowaniu pt. \u201ePrawa cz\u0142owieka. Wsp\u00f3\u0142czesne zjawiska, wyzwania, zagro\u017cenia\u201d wydanym pod red. Anny Kalisz, zrecenzowany przez prof. dr hab. Ryszarda Ma\u0142ajnego oraz prof. dr hab. Arkadiusza Sobczyka. Jej hobby to literatura rosyjska, turystyka g\u00f3rska, gotowanie.<\/p>\n<\/div>\r\n                    <\/div>\r\n                <\/div>[\/vc_column][\/vc_row]<\/p>","protected":false},"excerpt":{"rendered":"<p>[vc_row][vc_column][\/vc_column][\/vc_row] [&#8230;]<\/p>\n<p><a class=\"btn btn-secondary understrap-read-more-link\" href=\"https:\/\/us.edu.pl\/absolwent\/absolwencius\/najlepsi-absolwenci-poprzednie-edycje\/najlepsi-absolwenci-roku-akademickiego-2015-2016\/michalina-nawrot-pielizg\/\">Read More&#8230;<\/a><\/p>\n","protected":false},"author":33,"featured_media":0,"parent":294,"menu_order":0,"comment_status":"closed","ping_status":"closed","template":"","meta":{"_expiration-date-status":"saved","_expiration-date":0,"_expiration-date-type":"","_expiration-date-categories":[],"_expiration-date-options":[]},"acf":[],"_links":{"self":[{"href":"https:\/\/us.edu.pl\/absolwent\/wp-json\/wp\/v2\/pages\/1125"}],"collection":[{"href":"https:\/\/us.edu.pl\/absolwent\/wp-json\/wp\/v2\/pages"}],"about":[{"href":"https:\/\/us.edu.pl\/absolwent\/wp-json\/wp\/v2\/types\/page"}],"author":[{"embeddable":true,"href":"https:\/\/us.edu.pl\/absolwent\/wp-json\/wp\/v2\/users\/33"}],"replies":[{"embeddable":true,"href":"https:\/\/us.edu.pl\/absolwent\/wp-json\/wp\/v2\/comments?post=1125"}],"version-history":[{"count":1,"href":"https:\/\/us.edu.pl\/absolwent\/wp-json\/wp\/v2\/pages\/1125\/revisions"}],"predecessor-version":[{"id":1126,"href":"https:\/\/us.edu.pl\/absolwent\/wp-json\/wp\/v2\/pages\/1125\/revisions\/1126"}],"up":[{"embeddable":true,"href":"https:\/\/us.edu.pl\/absolwent\/wp-json\/wp\/v2\/pages\/294"}],"wp:attachment":[{"href":"https:\/\/us.edu.pl\/absolwent\/wp-json\/wp\/v2\/media?parent=1125"}],"curies":[{"name":"wp","href":"https:\/\/api.w.org\/{rel}","templated":true}]}}