{"id":1127,"date":"2019-11-28T15:45:13","date_gmt":"2019-11-28T14:45:13","guid":{"rendered":"https:\/\/us.edu.pl\/absolwent\/?page_id=1127"},"modified":"2019-11-28T15:45:13","modified_gmt":"2019-11-28T14:45:13","slug":"lukasz-benedykt-trzaska","status":"publish","type":"page","link":"https:\/\/us.edu.pl\/absolwent\/absolwencius\/najlepsi-absolwenci-poprzednie-edycje\/najlepsi-absolwenci-roku-akademickiego-2015-2016\/lukasz-benedykt-trzaska\/","title":{"rendered":"\u0141ukasz Benedykt Trzaska"},"content":{"rendered":"<p>[vc_row][vc_column]\r\n                <div class=\"text-modules\">\r\n                    <div class=\"container\">\r\n                        <h3 class=\"page-title text__title\">\u0141ukasz Benedykt Trzaska<\/h3>\r\n                        <div class=\"text-modules__content\"><p>absolwent kierunku PRAWO\u00a0na Wydziale Prawa i Administracji U\u015a<\/p>\n<p>najlepszy absolwent roku akademickiego 2015\/2016<\/p>\n<p>Czterokrotny laureat Stypendium Rektora Uniwersytetu \u015al\u0105skiego dla najlepszych student\u00f3w. Podczas studi\u00f3w bra\u0142 czynny udzia\u0142 w konferencjach organizowanych przez Katedr\u0119 Post\u0119powania Cywilnego WPiA U\u015a. Dzia\u0142a\u0142 aktywnie w Kole Naukowym Prawa Rzymskiego. Do osi\u0105gni\u0119\u0107 absolwenta zalicza si\u0119 tak\u017ce zaj\u0119cie III miejsca w Mi\u0119dzyuczelnianym Konkursie Prawa Rzymskiego. Do jego zainteresowa\u0144 nale\u017c\u0105 kolarstwo, tenis ziemny, turystyka.<\/p>\n<\/div>\r\n                    <\/div>\r\n                <\/div>[\/vc_column][\/vc_row]<\/p>","protected":false},"excerpt":{"rendered":"<p>[vc_row][vc_column][\/vc_column][\/vc_row] [&#8230;]<\/p>\n<p><a class=\"btn btn-secondary understrap-read-more-link\" href=\"https:\/\/us.edu.pl\/absolwent\/absolwencius\/najlepsi-absolwenci-poprzednie-edycje\/najlepsi-absolwenci-roku-akademickiego-2015-2016\/lukasz-benedykt-trzaska\/\">Read More&#8230;<\/a><\/p>\n","protected":false},"author":33,"featured_media":0,"parent":294,"menu_order":0,"comment_status":"closed","ping_status":"closed","template":"","meta":{"_expiration-date-status":"saved","_expiration-date":0,"_expiration-date-type":"","_expiration-date-categories":[],"_expiration-date-options":[]},"acf":[],"_links":{"self":[{"href":"https:\/\/us.edu.pl\/absolwent\/wp-json\/wp\/v2\/pages\/1127"}],"collection":[{"href":"https:\/\/us.edu.pl\/absolwent\/wp-json\/wp\/v2\/pages"}],"about":[{"href":"https:\/\/us.edu.pl\/absolwent\/wp-json\/wp\/v2\/types\/page"}],"author":[{"embeddable":true,"href":"https:\/\/us.edu.pl\/absolwent\/wp-json\/wp\/v2\/users\/33"}],"replies":[{"embeddable":true,"href":"https:\/\/us.edu.pl\/absolwent\/wp-json\/wp\/v2\/comments?post=1127"}],"version-history":[{"count":1,"href":"https:\/\/us.edu.pl\/absolwent\/wp-json\/wp\/v2\/pages\/1127\/revisions"}],"predecessor-version":[{"id":1128,"href":"https:\/\/us.edu.pl\/absolwent\/wp-json\/wp\/v2\/pages\/1127\/revisions\/1128"}],"up":[{"embeddable":true,"href":"https:\/\/us.edu.pl\/absolwent\/wp-json\/wp\/v2\/pages\/294"}],"wp:attachment":[{"href":"https:\/\/us.edu.pl\/absolwent\/wp-json\/wp\/v2\/media?parent=1127"}],"curies":[{"name":"wp","href":"https:\/\/api.w.org\/{rel}","templated":true}]}}