{"id":1136,"date":"2019-11-28T15:48:43","date_gmt":"2019-11-28T14:48:43","guid":{"rendered":"https:\/\/us.edu.pl\/absolwent\/?page_id=1136"},"modified":"2019-11-28T15:48:43","modified_gmt":"2019-11-28T14:48:43","slug":"katarzyna-boguslawa-napieraj","status":"publish","type":"page","link":"https:\/\/us.edu.pl\/absolwent\/absolwencius\/najlepsi-absolwenci-poprzednie-edycje\/najlepsi-absolwenci-roku-akademickiego-2015-2016\/katarzyna-boguslawa-napieraj\/","title":{"rendered":"Katarzyna Bogus\u0142awa Napieraj"},"content":{"rendered":"<p>[vc_row][vc_column]\r\n                <div class=\"text-modules\">\r\n                    <div class=\"container\">\r\n                        <h3 class=\"page-title text__title\">Katarzyna Bogus\u0142awa Napieraj<\/h3>\r\n                        <div class=\"text-modules__content\"><p>absolwentka kierunku NAUKI O RODZINIE\u00a0na Wydziale Teologicznym U\u015a<\/p>\n<p>najlepsza absolwentka roku akademickiego 2015\/2016<\/p>\n<p>Podczas studi\u00f3w pobiera\u0142a stypendium naukowe. Przez trzy lata pracowa\u0142a jako wolontariusz w Domu Dziecka \u201eT\u0119cza&#8221;, odbywa\u0142a te\u017c praktyki zawodowe (MOPS, Dom Dziecka \u201eT\u0119cza&#8221;, \u015awietlica Socjoterapeutyczna). Uko\u0144czy\u0142a kurs animacji wolnego czasu oraz kurs wychowawcy kolonijnego. Absolwentka odbywa\u0142a praktyki pedagogiczne \u2013 kwalifikacje do wykonywania zawodu nauczyciela przedmiotu: wychowanie do \u017cycia w rodzinie. W centrum jej zainteresowa\u0144 le\u017cy praca z dzie\u0107mi, sport i turystyka.<\/p>\n<\/div>\r\n                    <\/div>\r\n                <\/div>[\/vc_column][\/vc_row]<\/p>","protected":false},"excerpt":{"rendered":"<p>[vc_row][vc_column][\/vc_column][\/vc_row] [&#8230;]<\/p>\n<p><a class=\"btn btn-secondary understrap-read-more-link\" href=\"https:\/\/us.edu.pl\/absolwent\/absolwencius\/najlepsi-absolwenci-poprzednie-edycje\/najlepsi-absolwenci-roku-akademickiego-2015-2016\/katarzyna-boguslawa-napieraj\/\">Read More&#8230;<\/a><\/p>\n","protected":false},"author":33,"featured_media":0,"parent":294,"menu_order":0,"comment_status":"closed","ping_status":"closed","template":"","meta":{"_expiration-date-status":"saved","_expiration-date":0,"_expiration-date-type":"","_expiration-date-categories":[],"_expiration-date-options":[]},"acf":[],"_links":{"self":[{"href":"https:\/\/us.edu.pl\/absolwent\/wp-json\/wp\/v2\/pages\/1136"}],"collection":[{"href":"https:\/\/us.edu.pl\/absolwent\/wp-json\/wp\/v2\/pages"}],"about":[{"href":"https:\/\/us.edu.pl\/absolwent\/wp-json\/wp\/v2\/types\/page"}],"author":[{"embeddable":true,"href":"https:\/\/us.edu.pl\/absolwent\/wp-json\/wp\/v2\/users\/33"}],"replies":[{"embeddable":true,"href":"https:\/\/us.edu.pl\/absolwent\/wp-json\/wp\/v2\/comments?post=1136"}],"version-history":[{"count":1,"href":"https:\/\/us.edu.pl\/absolwent\/wp-json\/wp\/v2\/pages\/1136\/revisions"}],"predecessor-version":[{"id":1137,"href":"https:\/\/us.edu.pl\/absolwent\/wp-json\/wp\/v2\/pages\/1136\/revisions\/1137"}],"up":[{"embeddable":true,"href":"https:\/\/us.edu.pl\/absolwent\/wp-json\/wp\/v2\/pages\/294"}],"wp:attachment":[{"href":"https:\/\/us.edu.pl\/absolwent\/wp-json\/wp\/v2\/media?parent=1136"}],"curies":[{"name":"wp","href":"https:\/\/api.w.org\/{rel}","templated":true}]}}