{"id":1140,"date":"2019-11-28T15:50:22","date_gmt":"2019-11-28T14:50:22","guid":{"rendered":"https:\/\/us.edu.pl\/absolwent\/?page_id=1140"},"modified":"2019-11-28T15:50:22","modified_gmt":"2019-11-28T14:50:22","slug":"patrycja-michalowicz","status":"publish","type":"page","link":"https:\/\/us.edu.pl\/absolwent\/absolwencius\/najlepsi-absolwenci-poprzednie-edycje\/najlepsi-absolwenci-roku-akademickiego-2015-2016\/patrycja-michalowicz\/","title":{"rendered":"Patrycja Micha\u0142owicz"},"content":{"rendered":"<p>[vc_row][vc_column]\r\n                <div class=\"text-modules\">\r\n                    <div class=\"container\">\r\n                        <h3 class=\"page-title text__title\">Patrycja Micha\u0142owicz<\/h3>\r\n                        <div class=\"text-modules__content\"><p>absolwentka kierunk\u00f3w GEOLOGIA, GEOGRAFIA\u00a0w Kolegium Indywidualnych Studi\u00f3w Mi\u0119dzyobszarowych<\/p>\n<p>najlepsza absolwentka roku akademickiego 2015\/2016<\/p>\n<p>Jest absolwentk\u0105 kierunk\u00f3w geologia, ze specjalno\u015bci\u0105 geologia og\u00f3lna i poszukiwawcza oraz geografia ze specjalno\u015bci\u0105 rekonstrukcja \u015brodowiska geograficznego. Trzykrotna laureatka Stypendium Rektora Uniwersytetu \u015al\u0105skiego dla najlepszych student\u00f3w, dwukrotna laureatka Stypendium Ministra Nauki i Szkolnictwa Wy\u017cszego za wybitne osi\u0105gni\u0119cia, dwukrotna laureatka Stypendium Prezydenta Miasta D\u0105browa G\u00f3rnicza oraz laureatka wyr\u00f3\u017cnienia JM Rektora Uniwersytetu \u015al\u0105skiego za osi\u0105gni\u0119cia w dzia\u0142alno\u015bci naukowej. Bra\u0142a udzia\u0142 w trzech projektach naukowych zespo\u0142owych jako asystent terenowy i laboratoryjny. Jest autork\u0105 i wsp\u00f3\u0142autork\u0105 plakat\u00f3w promuj\u0105cych liczne konferencje mi\u0119dzynarodowe i og\u00f3lnopolskie, w kt\u00f3rych bra\u0142a r\u00f3wnie\u017c czynny udzia\u0142 wyg\u0142aszaj\u0105c referaty. Jest wsp\u00f3\u0142autork\u0105 pi\u0119ciu publikacji naukowych, w tym dw\u00f3ch angielskoj\u0119zycznych. Absolwentka nale\u017cy do Studenckiego Ko\u0142a Przewodnik\u00f3w G\u00f3rskich \u201eHarnasie\u201d w Gliwicach, w kt\u00f3rym kilkukrotnie pe\u0142ni\u0142a funkcj\u0119 kierownicze.<\/p>\n<\/div>\r\n                    <\/div>\r\n                <\/div>[\/vc_column][\/vc_row]<\/p>","protected":false},"excerpt":{"rendered":"<p>[vc_row][vc_column][\/vc_column][\/vc_row] [&#8230;]<\/p>\n<p><a class=\"btn btn-secondary understrap-read-more-link\" href=\"https:\/\/us.edu.pl\/absolwent\/absolwencius\/najlepsi-absolwenci-poprzednie-edycje\/najlepsi-absolwenci-roku-akademickiego-2015-2016\/patrycja-michalowicz\/\">Read More&#8230;<\/a><\/p>\n","protected":false},"author":33,"featured_media":0,"parent":294,"menu_order":0,"comment_status":"closed","ping_status":"closed","template":"","meta":{"_expiration-date-status":"saved","_expiration-date":0,"_expiration-date-type":"","_expiration-date-categories":[],"_expiration-date-options":[]},"acf":[],"_links":{"self":[{"href":"https:\/\/us.edu.pl\/absolwent\/wp-json\/wp\/v2\/pages\/1140"}],"collection":[{"href":"https:\/\/us.edu.pl\/absolwent\/wp-json\/wp\/v2\/pages"}],"about":[{"href":"https:\/\/us.edu.pl\/absolwent\/wp-json\/wp\/v2\/types\/page"}],"author":[{"embeddable":true,"href":"https:\/\/us.edu.pl\/absolwent\/wp-json\/wp\/v2\/users\/33"}],"replies":[{"embeddable":true,"href":"https:\/\/us.edu.pl\/absolwent\/wp-json\/wp\/v2\/comments?post=1140"}],"version-history":[{"count":1,"href":"https:\/\/us.edu.pl\/absolwent\/wp-json\/wp\/v2\/pages\/1140\/revisions"}],"predecessor-version":[{"id":1141,"href":"https:\/\/us.edu.pl\/absolwent\/wp-json\/wp\/v2\/pages\/1140\/revisions\/1141"}],"up":[{"embeddable":true,"href":"https:\/\/us.edu.pl\/absolwent\/wp-json\/wp\/v2\/pages\/294"}],"wp:attachment":[{"href":"https:\/\/us.edu.pl\/absolwent\/wp-json\/wp\/v2\/media?parent=1140"}],"curies":[{"name":"wp","href":"https:\/\/api.w.org\/{rel}","templated":true}]}}