{"id":1142,"date":"2019-11-28T15:51:36","date_gmt":"2019-11-28T14:51:36","guid":{"rendered":"https:\/\/us.edu.pl\/absolwent\/?page_id=1142"},"modified":"2019-11-28T15:52:06","modified_gmt":"2019-11-28T14:52:06","slug":"anna-mus","status":"publish","type":"page","link":"https:\/\/us.edu.pl\/absolwent\/absolwencius\/najlepsi-absolwenci-poprzednie-edycje\/najlepsi-absolwenci-roku-akademickiego-2015-2016\/anna-mus\/","title":{"rendered":"Anna Mu\u015b"},"content":{"rendered":"<p>[vc_row][vc_column]\r\n                <div class=\"text-modules\">\r\n                    <div class=\"container\">\r\n                        <h3 class=\"page-title text__title\">Anna Mu\u015b<\/h3>\r\n                        <div class=\"text-modules__content\"><p>absolwentka kierunk\u00f3w: POLITOLOGIA, PRAWO\u00a0w Kolegium Indywidualnych Studi\u00f3w Mi\u0119dzyobszarowych<\/p>\n<p>najlepsza absolwentka roku akademickiego 2015\/2016<\/p>\n<p>W ramach Mi\u0119dzywydzia\u0142owych Indywidualnych Studi\u00f3w Humanistycznych uko\u0144czy\u0142a politologi\u0119 o specjalno\u015bci europeistyka i stosunki mi\u0119dzynarodowe na Wydziale Nauk Spo\u0142ecznych oraz prawo na Wydziale Prawa i Administracji. Jest dwukrotn\u0105 laureatk\u0105 Stypendium Rektora Uniwersytetu \u015al\u0105skiego dla najlepszych student\u00f3w. Zaj\u0119\u0142a czwarte miejsce w Rundach Narodowych w konkursie\u00a02016 Philip C. Jessup International Law Moot Court Competition,\u00a0jako cz\u0142onek Team U\u015a. Anna Mu\u015b jest autork\u0105 licznych publikacji naukowych. Kierowa\u0142a I bra\u0142a udzia\u0142 w badaniach naukowych w projektach \u201eBadanie absolwent\u00f3w MISH U\u015a\u201d (udzia\u0142 w badaniach), \u201eNapraw Sobie Uniwersytet!\u201d (udzia\u0142 jako pomys\u0142odawczyni i cz\u0142onkini zespo\u0142u badawczego), \u201ePoparcie dla KWW Zjednoczeni dla \u015al\u0105ska\u201d (kierowanie projektem badawczym). Absolwentka organizowa\u0142a i moderowa\u0142\u0105 mi\u0119dzynarodow\u0105 konferencj\u0119 naukow\u0105 \u201eDigital Humanities\u201d w ramach corocznego zjazdu sieci naukowej National Movements and Intermediary Structures in Europe. Nale\u017ca\u0142a do Ko\u0142a Naukowego WolnoMISHlicieli, pe\u0142ni\u0142a tam r\u00f3wnie\u017c funkcj\u0119 zast\u0119pczyni przewodnicz\u0105cej w latach 2012-2014 i przewodnicz\u0105cej w latach 2014-2015. Dwukrotnie bra\u0142a udzia\u0142 w sta\u017cach zagranicznych finansowanych w ramach programu Erasmus+ : National Movements and Intermediary Structures in Europe oraz European Centre for Minority Issues. Anna Mu\u015b dzia\u0142a\u0142a r\u00f3wnie\u017c na rzecz schroniska dla zwierz\u0105t w Chorzowie, prowadzonym przez Towarzystwo Opieki nad Zwierz\u0119tami.<\/p>\n<\/div>\r\n                    <\/div>\r\n                <\/div>[\/vc_column][\/vc_row]<\/p>","protected":false},"excerpt":{"rendered":"<p>[vc_row][vc_column][\/vc_column][\/vc_row] [&#8230;]<\/p>\n<p><a class=\"btn btn-secondary understrap-read-more-link\" href=\"https:\/\/us.edu.pl\/absolwent\/absolwencius\/najlepsi-absolwenci-poprzednie-edycje\/najlepsi-absolwenci-roku-akademickiego-2015-2016\/anna-mus\/\">Read More&#8230;<\/a><\/p>\n","protected":false},"author":33,"featured_media":0,"parent":294,"menu_order":0,"comment_status":"closed","ping_status":"closed","template":"","meta":{"_expiration-date-status":"saved","_expiration-date":0,"_expiration-date-type":"","_expiration-date-categories":[],"_expiration-date-options":[]},"acf":[],"_links":{"self":[{"href":"https:\/\/us.edu.pl\/absolwent\/wp-json\/wp\/v2\/pages\/1142"}],"collection":[{"href":"https:\/\/us.edu.pl\/absolwent\/wp-json\/wp\/v2\/pages"}],"about":[{"href":"https:\/\/us.edu.pl\/absolwent\/wp-json\/wp\/v2\/types\/page"}],"author":[{"embeddable":true,"href":"https:\/\/us.edu.pl\/absolwent\/wp-json\/wp\/v2\/users\/33"}],"replies":[{"embeddable":true,"href":"https:\/\/us.edu.pl\/absolwent\/wp-json\/wp\/v2\/comments?post=1142"}],"version-history":[{"count":2,"href":"https:\/\/us.edu.pl\/absolwent\/wp-json\/wp\/v2\/pages\/1142\/revisions"}],"predecessor-version":[{"id":1144,"href":"https:\/\/us.edu.pl\/absolwent\/wp-json\/wp\/v2\/pages\/1142\/revisions\/1144"}],"up":[{"embeddable":true,"href":"https:\/\/us.edu.pl\/absolwent\/wp-json\/wp\/v2\/pages\/294"}],"wp:attachment":[{"href":"https:\/\/us.edu.pl\/absolwent\/wp-json\/wp\/v2\/media?parent=1142"}],"curies":[{"name":"wp","href":"https:\/\/api.w.org\/{rel}","templated":true}]}}