{"id":1145,"date":"2019-11-28T15:53:26","date_gmt":"2019-11-28T14:53:26","guid":{"rendered":"https:\/\/us.edu.pl\/absolwent\/?page_id=1145"},"modified":"2019-11-28T15:54:09","modified_gmt":"2019-11-28T14:54:09","slug":"mateusz-tofilski","status":"publish","type":"page","link":"https:\/\/us.edu.pl\/absolwent\/absolwencius\/najlepsi-absolwenci-poprzednie-edycje\/najlepsi-absolwenci-roku-akademickiego-2015-2016\/mateusz-tofilski\/","title":{"rendered":"Mateusz Tofilski"},"content":{"rendered":"<p>[vc_row el_class=&#8221;container&#8221;][vc_column]\r\n                <div class=\"text-modules\">\r\n                    <div class=\"container\">\r\n                        <h3 class=\"page-title text__title\">Mateusz Tofilski<\/h3>\r\n                        <div class=\"text-modules__content\"><\/p>\n<div id=\"main\">\n<div class=\"row\">\n<div class=\"eight columns\">\n<div id=\"top-center\" class=\"twelve columns\">\n<div id=\"node-10343\" class=\"node clear-block\">\n<div class=\"content\">\n<p>absolwent kierunk\u00f3w FILOZOFIA; MI\u0118DZYNARODOWE STUDIA POLSKIE w Kolegium Indywidualnych Studi\u00f3w Mi\u0119dzyobszarowych<\/p>\n<p>najlepszy absolwent roku akademickiego 2015\/2016<\/p>\n<p>Uko\u0144czy\u0142 studia drugiego stopnia na kierunku filozofia oraz w ramach w ramach ISM\/MISH: Mi\u0119dzynarodowe Studia Polskie (magisterium) i Histori\u0119 sztuki (licencjat). W 2014 roku by\u0142 finalist\u0105 konkursu na najlepsz\u0105 prac\u0119 licencjack\u0105 z Historii Sztuki na U\u015a. Podczas studi\u00f3w uzyska\u0142 dyplomy uko\u0144czenia kurs\u00f3w: Neurobiologia i \u017cycie, Filozofia religii\u00a0oraz\u00a0Wok\u00f3\u0142 depresji\u00a0wszystkie w Copernicus College. Posiada tak\u017ce Certyfikat uko\u0144czenia warsztat\u00f3w z Autoprezentacji organizowanych przez U\u015a oraz Certyfikat FCE znajomo\u015bci j\u0119zyka angielskiego. Laureat Stypendium Rektora Uniwersytetu \u015al\u0105skiego dla najlepszych student\u00f3w. Mateusz Tofilski odnosi r\u00f3wnie\u017c sukcesy na polu artystycznym zajmuj\u0105c g\u0142\u00f3wne miejsca oraz otrzymuj\u0105c wyr\u00f3\u017cnienia w lokalnych i og\u00f3lnopolskich konkursach literackich. Jest autorem kilku publikacji naukowych, prowadzi r\u00f3wnie\u017c wsp\u00f3\u0142prac\u0119 z portalem\u00a0kulturaonline.pl\u00a0przy tworzeniu artyku\u0142\u00f3w. Absolwent zajmowa\u0142 si\u0119 tak\u017ce wsp\u00f3\u0142prowadzeniem kulturowego fanpage\u2019u Uniwersytetu \u015al\u0105skiego\u00a0\u015awiat na wyrywki. Podczas studi\u00f3w bra\u0142 udzia\u0142 w licznych konferencjach naukowych wyg\u0142aszaj\u0105c podczas niech referaty. Absolwent wspiera\u0142 fundacj\u0119\u00a0Napraw sobie miasto\u00a0w projekcie:\u00a0Wypo\u017cycz sobie lokal. Jego hobby to neurofilozofia, tradycja i kultura \u015al\u0105ska, wycieczki g\u00f3rskie oraz brytyjskie seriale komediowe.<\/p>\n<\/div>\n<\/div>\n<\/div>\n<\/div>\n<\/div>\n<\/div>\n<p>\n<\/div>\r\n                    <\/div>\r\n                <\/div>[\/vc_column][\/vc_row]<\/p>","protected":false},"excerpt":{"rendered":"<p>[vc_row el_class=&#8221;container&#8221;][vc_column][\/vc_column][\/vc_row] [&#8230;]<\/p>\n<p><a class=\"btn btn-secondary understrap-read-more-link\" href=\"https:\/\/us.edu.pl\/absolwent\/absolwencius\/najlepsi-absolwenci-poprzednie-edycje\/najlepsi-absolwenci-roku-akademickiego-2015-2016\/mateusz-tofilski\/\">Read More&#8230;<\/a><\/p>\n","protected":false},"author":33,"featured_media":0,"parent":294,"menu_order":0,"comment_status":"closed","ping_status":"closed","template":"","meta":{"_expiration-date-status":"saved","_expiration-date":0,"_expiration-date-type":"","_expiration-date-categories":[],"_expiration-date-options":[]},"acf":[],"_links":{"self":[{"href":"https:\/\/us.edu.pl\/absolwent\/wp-json\/wp\/v2\/pages\/1145"}],"collection":[{"href":"https:\/\/us.edu.pl\/absolwent\/wp-json\/wp\/v2\/pages"}],"about":[{"href":"https:\/\/us.edu.pl\/absolwent\/wp-json\/wp\/v2\/types\/page"}],"author":[{"embeddable":true,"href":"https:\/\/us.edu.pl\/absolwent\/wp-json\/wp\/v2\/users\/33"}],"replies":[{"embeddable":true,"href":"https:\/\/us.edu.pl\/absolwent\/wp-json\/wp\/v2\/comments?post=1145"}],"version-history":[{"count":2,"href":"https:\/\/us.edu.pl\/absolwent\/wp-json\/wp\/v2\/pages\/1145\/revisions"}],"predecessor-version":[{"id":1147,"href":"https:\/\/us.edu.pl\/absolwent\/wp-json\/wp\/v2\/pages\/1145\/revisions\/1147"}],"up":[{"embeddable":true,"href":"https:\/\/us.edu.pl\/absolwent\/wp-json\/wp\/v2\/pages\/294"}],"wp:attachment":[{"href":"https:\/\/us.edu.pl\/absolwent\/wp-json\/wp\/v2\/media?parent=1145"}],"curies":[{"name":"wp","href":"https:\/\/api.w.org\/{rel}","templated":true}]}}