{"id":1364,"date":"2020-02-21T13:37:57","date_gmt":"2020-02-21T12:37:57","guid":{"rendered":"https:\/\/us.edu.pl\/absolwent\/?page_id=1364"},"modified":"2020-04-08T14:59:09","modified_gmt":"2020-04-08T12:59:09","slug":"magdalena-zimna-absolwentka-z-pasja-2019","status":"publish","type":"page","link":"https:\/\/us.edu.pl\/absolwent\/magdalena-zimna-absolwentka-z-pasja-2019\/","title":{"rendered":"Magdalena Zimna \u201eAbsolwentk\u0105 z Pasj\u0105\u201d 2019 roku"},"content":{"rendered":"<p>[vc_row][vc_column]\r\n                <div class=\"text-modules\">\r\n                    <div class=\"container\">\r\n                        <h3 class=\"page-title text__title\">Magdalena Zimna \u201eAbsolwentk\u0105 z Pasj\u0105\u201d 2019 roku<\/h3>\r\n                        <div class=\"text-modules__content\"><\/p>\n<p class=\"art_paragraph\">Absolwentka Wydzia\u0142u Filologicznego. Prowadzi bloga \u201eCzytamy bo kochamy&#8221; od ponad 5 lat i ma ponad 500 tys. wy\u015bwietle\u0144. Promuje zar\u00f3wno polskich, jak i zagranicznych autor\u00f3w. Przeprowadza wywiady, ucz\u0119szcza na spotkania autorskie, a\u00a0jej logo widnieje na wielu ksi\u0105\u017ckach.<\/p>\n<p>Uwielbia czyta\u0107 ksi\u0105\u017cki i pisa\u0107 na ich temat recenzje \u2013 m\u00f3wi\u0107 o nich, poleca\u0107 innym, anga\u017cowa\u0107 si\u0119 w promowanie literatury.<\/p>\n<p class=\"art_paragraph\">Ta pasja j\u0105 zmieni\u0142a i otworzy\u0142a na ludzi. Pobudzi\u0142a wyobra\u017ani\u0119 i poszerzy\u0142a s\u0142ownictwo, dzi\u0119ki czemu pojawi\u0142a si\u0119 na wymarzonych studiach, kt\u00f3re p\u00f3\u017aniej pozwoli\u0142y jej pracowa\u0107 zar\u00f3wno w bibliotece, jak i wydawnictwie.<\/p>\n<p>\n<\/div>\r\n                    <\/div>\r\n                <\/div>[\/vc_column][\/vc_row]<\/p>","protected":false},"excerpt":{"rendered":"<p>[vc_row][vc_column][\/vc_column][\/vc_row] [&#8230;]<\/p>\n<p><a class=\"btn btn-secondary understrap-read-more-link\" href=\"https:\/\/us.edu.pl\/absolwent\/magdalena-zimna-absolwentka-z-pasja-2019\/\">Read More&#8230;<\/a><\/p>\n","protected":false},"author":94,"featured_media":0,"parent":0,"menu_order":0,"comment_status":"closed","ping_status":"closed","template":"","meta":{"_expiration-date-status":"saved","_expiration-date":0,"_expiration-date-type":"","_expiration-date-categories":[],"_expiration-date-options":[]},"acf":[],"_links":{"self":[{"href":"https:\/\/us.edu.pl\/absolwent\/wp-json\/wp\/v2\/pages\/1364"}],"collection":[{"href":"https:\/\/us.edu.pl\/absolwent\/wp-json\/wp\/v2\/pages"}],"about":[{"href":"https:\/\/us.edu.pl\/absolwent\/wp-json\/wp\/v2\/types\/page"}],"author":[{"embeddable":true,"href":"https:\/\/us.edu.pl\/absolwent\/wp-json\/wp\/v2\/users\/94"}],"replies":[{"embeddable":true,"href":"https:\/\/us.edu.pl\/absolwent\/wp-json\/wp\/v2\/comments?post=1364"}],"version-history":[{"count":6,"href":"https:\/\/us.edu.pl\/absolwent\/wp-json\/wp\/v2\/pages\/1364\/revisions"}],"predecessor-version":[{"id":2160,"href":"https:\/\/us.edu.pl\/absolwent\/wp-json\/wp\/v2\/pages\/1364\/revisions\/2160"}],"wp:attachment":[{"href":"https:\/\/us.edu.pl\/absolwent\/wp-json\/wp\/v2\/media?parent=1364"}],"curies":[{"name":"wp","href":"https:\/\/api.w.org\/{rel}","templated":true}]}}