{"id":146,"date":"2019-09-23T13:34:12","date_gmt":"2019-09-23T11:34:12","guid":{"rendered":"http:\/\/php71.nfinity-beta.pl\/us\/absolwent\/?page_id=146"},"modified":"2021-07-28T16:57:44","modified_gmt":"2021-07-28T14:57:44","slug":"plebiscyt-absolwent-z-pasja","status":"publish","type":"page","link":"https:\/\/us.edu.pl\/absolwent\/plebiscyt\/plebiscyt-absolwent-z-pasja\/","title":{"rendered":"Plebiscyt \u201eAbsolwent z Pasj\u0105\u201d"},"content":{"rendered":"<p>[vc_row][vc_column]\r\n                <div class=\"text-modules\">\r\n                    <div class=\"container\">\r\n                        <h3 class=\"page-title text__title\">Plebiscyt \u201eAbsolwent z Pasj\u0105\u201d<\/h3>\r\n                        <div class=\"text-modules__content\"><p>Celem plebiscytu jest docenianie i promowanie absolwent\u00f3w uczelni wszystkich lat akademickich od pocz\u0105tku powstania uczelni, kt\u00f3rych wyr\u00f3\u017cniaj\u0105 niezwyk\u0142e pasje. Tytu\u0142 \u201eAbsolwenta z Pasj\u0105\u201d jest wyr\u00f3\u017cnieniem Absolwenta za jego zainteresowania, kt\u00f3rym oddaje si\u0119 z pe\u0142nym zaanga\u017cowaniem.<\/p>\n<p>\n<\/div>\r\n                    <\/div>\r\n                <\/div>\r\n\r\n            <div class=\"blocks\" style=\"text-align: center\">\r\n               <div class=\"container\">\r\n                  \r\n                  <div class=\"row m-0 blocks_3\">\r\n                  \r\n                     <a href=\"https:\/\/us.edu.pl\/absolwent\/magdalena-zimna-absolwentka-z-pasja-2019\/\" class=\"thumbnail blocks__item\" style=\"background-image: url(https:\/\/us.edu.pl\/absolwent\/wp-content\/uploads\/sites\/10\/Nieprzypisane\/Magdalena-Zimna.jpg)\">\r\n                        <span>wi\u0119cej<\/span>\r\n                        <div class=\"blocks__bottom\">\r\n                        <div class=\"blocks__title\">Magdalena Zimna<\/div>\r\n                        <div class=\"blocks__subtitle\">Absolwentka z Pasj\u0105 2019<\/div>\r\n                        <\/div>\r\n                     <\/a>\r\n                  \r\n                     <a href=\"https:\/\/us.edu.pl\/absolwent\/natalia-m-ruman-absolwentka-z-pasja-2018-roku\/\" class=\"thumbnail blocks__item\" style=\"background-image: url(https:\/\/us.edu.pl\/absolwent\/wp-content\/uploads\/sites\/10\/2021\/01\/admin-ajax.jpg)\">\r\n                        <span>wi\u0119cej<\/span>\r\n                        <div class=\"blocks__bottom\">\r\n                        <div class=\"blocks__title\">Natalia M. Ruman<\/div>\r\n                        <div class=\"blocks__subtitle\">Absolwentka z Pasj\u0105 2018<\/div>\r\n                        <\/div>\r\n                     <\/a>\r\n                  \r\n                     <a href=\"https:\/\/us.edu.pl\/absolwent\/rafal-warchulski-absolwentem-z-pasja-2017-roku\/\" class=\"thumbnail blocks__item\" style=\"background-image: url(https:\/\/us.edu.pl\/absolwent\/wp-content\/uploads\/sites\/10\/Nieprzypisane\/rafal_warchulski_0.jpg)\">\r\n                        <span>wi\u0119cej<\/span>\r\n                        <div class=\"blocks__bottom\">\r\n                        <div class=\"blocks__title\">Rafa\u0142 Warchulski<\/div>\r\n                        <div class=\"blocks__subtitle\">Absolwent z Pasj\u0105 2017<\/div>\r\n                        <\/div>\r\n                     <\/a>\r\n                  \r\n                     <a href=\"https:\/\/us.edu.pl\/absolwent\/gabriela-bazan-absolwentka-z-pasja-marca-2016-roku\/\" class=\"thumbnail blocks__item\" style=\"background-image: url(https:\/\/us.edu.pl\/absolwent\/wp-content\/uploads\/sites\/10\/Nieprzypisane\/portret_gabriela_bazan-1024x744.jpg)\">\r\n                        <span>wi\u0119cej<\/span>\r\n                        <div class=\"blocks__bottom\">\r\n                        <div class=\"blocks__title\">Gabriela Bazan<\/div>\r\n                        <div class=\"blocks__subtitle\">Absolwentka z Pasj\u0105 2016<\/div>\r\n                        <\/div>\r\n                     <\/a>\r\n                  \r\n                     <a href=\"https:\/\/us.edu.pl\/absolwent\/pawel-bajtlik-absolwentem-z-pasja-lipca-2015-roku\/\" class=\"thumbnail blocks__item\" style=\"background-image: url(https:\/\/us.edu.pl\/absolwent\/wp-content\/uploads\/sites\/10\/Nieprzypisane\/p_bajtlik-3.jpg)\">\r\n                        <span>wi\u0119cej<\/span>\r\n                        <div class=\"blocks__bottom\">\r\n                        <div class=\"blocks__title\">Pawe\u0142 Bajtlik<\/div>\r\n                        <div class=\"blocks__subtitle\">Absolwent z Pasj\u0105 2015<\/div>\r\n                        <\/div>\r\n                     <\/a>\r\n                  \r\n                     <a href=\"https:\/\/us.edu.pl\/absolwent\/grzegorz-gawlik-absolwentem-z-pasja-lutego-2014-roku\/\" class=\"thumbnail blocks__item\" style=\"background-image: url(https:\/\/us.edu.pl\/absolwent\/wp-content\/uploads\/sites\/10\/Nieprzypisane\/g_gawlik_3.jpg)\">\r\n                        <span>wi\u0119cej<\/span>\r\n                        <div class=\"blocks__bottom\">\r\n                        <div class=\"blocks__title\">Grzegorz Gawlik<\/div>\r\n                        <div class=\"blocks__subtitle\">Absolwent z Pasj\u0105 2014<\/div>\r\n                        <\/div>\r\n                     <\/a>\r\n                  \r\n                     <a href=\"https:\/\/us.edu.pl\/absolwent\/plebiscyt-absolwent-z-pasja-magdalena-knapik-absolwentem-marca\/\" class=\"thumbnail blocks__item\" style=\"background-image: url(https:\/\/us.edu.pl\/absolwent\/wp-content\/uploads\/sites\/10\/Nieprzypisane\/m_knapik_3.jpg)\">\r\n                        <span>wi\u0119cej<\/span>\r\n                        <div class=\"blocks__bottom\">\r\n                        <div class=\"blocks__title\">Magdalena Knapik<\/div>\r\n                        <div class=\"blocks__subtitle\">Absolwentka z Pasj\u0105 2013<\/div>\r\n                        <\/div>\r\n                     <\/a><\/div>     \r\n               <\/div>\r\n            <\/div>[\/vc_column][\/vc_row][vc_row][vc_column]\r\n                <div class=\"tiles-section\" style=\"background: \">\r\n                    <div class=\"container\">\r\n                        <h3 class=\"page-title\">Poprzednie edycje<\/h3>\r\n                        <div class=\"tiles tiles-3\">\r\n                            <a href=\"\/absolwent\/plebiscyt-absolwent-z-pasja\/i-edycja-plebiscytu-absolwent-z-pasja\/\" class=\"tile tile_ justify-content-center\" style=\"background-color: #002E5A; font-weight: ; color: #ffffff;  \">\r\n                                \r\n                                   \r\n                               \r\n                                <div class=\"tile__name\">I edycja plebiscytu (2013)<\/div>\r\n                            <\/a>\r\n                            <a href=\"\/absolwent\/plebiscyt-absolwent-z-pasja\/ii-edycja-plebiscytu-absolwent-z-pasja\/\" class=\"tile tile_ justify-content-center\" style=\"background-color: #002E5A; font-weight: ; color: #ffffff;  \">\r\n                                \r\n                                   \r\n                               \r\n                                <div class=\"tile__name\">II edycja plebiscytu (2014)<\/div>\r\n                            <\/a>\r\n                            <a href=\"\/absolwent\/plebiscyt-absolwent-z-pasja\/iii-edycja-plebiscytu-absolwent-z-pasja\/\" class=\"tile tile_ justify-content-center\" style=\"background-color: #002E5A; font-weight: ; color: #ffffff;  \">\r\n                                \r\n                                   \r\n                               \r\n                                <div class=\"tile__name\">III edycja plebiscytu (2015)<\/div>\r\n                            <\/a>\r\n                            <a href=\"\/absolwent\/plebiscyt-absolwent-z-pasja\/iv-edycja-plebiscytu-absolwent-z-pasja\/\" class=\"tile tile_ justify-content-center\" style=\"background-color: #002E5A; font-weight: ; color: #ffffff;  \">\r\n                                \r\n                                   \r\n                               \r\n                                <div class=\"tile__name\">IV edycja plebiscytu (2016)<\/div>\r\n                            <\/a>\r\n                            <a href=\"\/absolwent\/plebiscyt-absolwent-z-pasja\/v-edycja-plebiscytu-absolwent-z-pasja\/\" class=\"tile tile_ justify-content-center\" style=\"background-color: #002E5A; font-weight: ; color: #ffffff;  \">\r\n                                \r\n                                   \r\n                               \r\n                                <div class=\"tile__name\">V edycja plebiscytu (2017)<\/div>\r\n                            <\/a><\/div>\r\n                    <\/div>\r\n                <\/div>[\/vc_column][\/vc_row]<\/p>","protected":false},"excerpt":{"rendered":"<p>[vc_row][vc_column][\/vc_column][\/vc_row][vc_row][vc_column][\/vc_column][\/vc_row] [&#8230;]<\/p>\n<p><a class=\"btn btn-secondary understrap-read-more-link\" href=\"https:\/\/us.edu.pl\/absolwent\/plebiscyt\/plebiscyt-absolwent-z-pasja\/\">Read More&#8230;<\/a><\/p>\n","protected":false},"author":1,"featured_media":0,"parent":1321,"menu_order":0,"comment_status":"closed","ping_status":"closed","template":"page-templates\/inner-page.php","meta":{"_expiration-date-status":"saved","_expiration-date":0,"_expiration-date-type":"","_expiration-date-categories":[],"_expiration-date-options":[]},"acf":[],"_links":{"self":[{"href":"https:\/\/us.edu.pl\/absolwent\/wp-json\/wp\/v2\/pages\/146"}],"collection":[{"href":"https:\/\/us.edu.pl\/absolwent\/wp-json\/wp\/v2\/pages"}],"about":[{"href":"https:\/\/us.edu.pl\/absolwent\/wp-json\/wp\/v2\/types\/page"}],"author":[{"embeddable":true,"href":"https:\/\/us.edu.pl\/absolwent\/wp-json\/wp\/v2\/users\/1"}],"replies":[{"embeddable":true,"href":"https:\/\/us.edu.pl\/absolwent\/wp-json\/wp\/v2\/comments?post=146"}],"version-history":[{"count":41,"href":"https:\/\/us.edu.pl\/absolwent\/wp-json\/wp\/v2\/pages\/146\/revisions"}],"predecessor-version":[{"id":2156,"href":"https:\/\/us.edu.pl\/absolwent\/wp-json\/wp\/v2\/pages\/146\/revisions\/2156"}],"up":[{"embeddable":true,"href":"https:\/\/us.edu.pl\/absolwent\/wp-json\/wp\/v2\/pages\/1321"}],"wp:attachment":[{"href":"https:\/\/us.edu.pl\/absolwent\/wp-json\/wp\/v2\/media?parent=146"}],"curies":[{"name":"wp","href":"https:\/\/api.w.org\/{rel}","templated":true}]}}