{"id":1512,"date":"2020-05-15T16:41:19","date_gmt":"2020-05-15T14:41:19","guid":{"rendered":"https:\/\/us.edu.pl\/absolwent\/?page_id=1512"},"modified":"2020-05-15T16:49:21","modified_gmt":"2020-05-15T14:49:21","slug":"plebiscyt-absolwent-z-pasja-michal-centkowski-absolwentem-grudnia","status":"publish","type":"page","link":"https:\/\/us.edu.pl\/absolwent\/plebiscyt\/poprzednie-edycje\/i-edycja-plebiscytu-absolwent-z-pasja\/plebiscyt-absolwent-z-pasja-michal-centkowski-absolwentem-grudnia\/","title":{"rendered":"Plebiscyt \u201eAbsolwent z Pasj\u0105\u201d \u2013 Micha\u0142 Centkowski absolwentem grudnia"},"content":{"rendered":"<p>[vc_row][vc_column]\r\n                <div class=\"text-modules\">\r\n                    <div class=\"container\">\r\n                        <h3 class=\"page-title text__title\">Plebiscyt \u201eAbsolwent z Pasj\u0105\u201d \u2013 Micha\u0142 Centkowski absolwentem grudnia<\/h3>\r\n                        <div class=\"text-modules__content\"><p>W ramach Plebiscytu \u201eAbsolwent z Pasj\u0105\u201d wybrano absolwenta grudnia, kt\u00f3rym zosta\u0142 Micha\u0142 Centkowski, absolwent kulturoznawstwa Uniwersytetu \u015al\u0105skiego. Celem plebiscytu jest promowanie absolwent\u00f3w Uniwersytetu \u015al\u0105skiego, kt\u00f3rych wyr\u00f3\u017cniaj\u0105 niezwyk\u0142e pasje. Tytu\u0142 jest wyr\u00f3\u017cnieniem absolwenta za jego zainteresowania, kt\u00f3rym oddaje si\u0119 z pe\u0142nym zaanga\u017cowaniem, a tak\u017ce za aktywn\u0105, wyr\u00f3\u017cniaj\u0105c\u0105 si\u0119 i znacz\u0105c\u0105 dzia\u0142alno\u015b\u0107 spo\u0142eczn\u0105 oraz za osi\u0105gni\u0119cia indywidualne w zakresie dzia\u0142alno\u015bci kulturalnej, naukowej lub w sporcie. Do 15 stycznia 2013 r. przyjmowane b\u0119d\u0105 zg\u0142oszenia do tytu\u0142u absolwenta stycznia. Po wy\u0142onieniu ostatniego absolwenta miesi\u0105ca jesieni\u0105 2013 r. uruchomione zostanie g\u0142osowanie online, w kt\u00f3rym sw\u00f3j g\u0142os b\u0119d\u0105 mogli odda\u0107 wszyscy cz\u0142onkowie spo\u0142eczno\u015bci akademickiej U\u015a. Na podstawie oddanych g\u0142os\u00f3w komisja plebiscytowa wyr\u00f3\u017cni jednego z absolwent\u00f3w tytu\u0142em \u201eAbsolwenta z Pasj\u0105\u201d.<\/p>\n<p>Micha\u0142 Centkowski na Uniwersytecie \u015al\u0105skim uko\u0144czy\u0142 studia stacjonarne I i II stopnia na kierunku kulturoznawstwo (specjalno\u015b\u0107: medioznawstwo). Prac\u0119 magistersk\u0105 po\u015bwi\u0119ci\u0142 interpretacji \u201eAnio\u0142\u00f3w w Ameryce\u201d M. Nicholsa w kontek\u015bcie my\u015bli Georga Friedricha Hegla i Hanny Arendt.<\/p>\n<p>W 2011 r. zwyci\u0119\u017cy\u0142 w konkursie na Cz\u0142onka Spo\u0142ecznego Jury Og\u00f3lnopolskiego Festiwalu Sztuki Re\u017cyserskiej Interpretacje. W tym samym roku otrzyma\u0142 pierwsz\u0105 nagrod\u0119 w otwartym konkursie Studenckie Biuro Projekt\u00f3w ESK 2016 Katowice. Bra\u0142 udzia\u0142 w warsztatach rewitalizacyjnych Miasto Przemian, Biuro ESK 2016 Katowice, gdzie zajmowa\u0142 si\u0119 opracowywaniem projektu rewitalizacji ul. Mariackiej Tylnej. Jego zainteresowania koncentruj\u0105 si\u0119 wok\u00f3\u0142 wsp\u00f3\u0142czesnego teatru i szeroko poj\u0119tej publicystyki. Redagowa\u0142 dzia\u0142 teatralny gazety festiwalowej podczas Ars Cameralis, wsp\u00f3\u0142tworzy\u0142 gazet\u0119 Festiwalu Dramaturgii Wsp\u00f3\u0142czesnej \u201eRzeczywisto\u015b\u0107 przedstawiona\u201d w Zabrzu, by\u0142 tak\u017ce redaktorem dzia\u0142u filmowego Magazynu Kulturalnego \u201ePo-mys\u0142\u201d.<\/p>\n<p>Wsp\u00f3\u0142organizowa\u0142 Festiwal Teatralny Tu i Teatr (2008) i Mi\u0119dzynarodowy Festiwal Filmowy Ars Independent (2011).\u00a0 Bra\u0142 udzia\u0142 w konferencji \u201eTeatr nie jest produktem\/widz nie jest klientem\u201d w ramach II Forum Mened\u017cer\u00f3w Kultury (2012). Na festiwalu Czytanie S\u0142owackiego w ramach obchod\u00f3w Roku S\u0142owackiego wyg\u0142osi\u0142 wyk\u0142ad dotycz\u0105cy ekranizacji dzie\u0142 wieszcza. Prowadzi\u0142 program telewizyjny Mariacka Czyta (2012). Jest organizatorem Klubu Filmowo-Literackiego Dyskurs w Zabrzu, a tak\u017ce wsp\u00f3\u0142tw\u00f3rc\u0105 i cz\u0142onkiem Zarz\u0105du Stowarzyszenia Klub My\u015bli Humanistycznej w tym mie\u015bcie.<\/p>\n<p>Po publikacjach w magazynie kulturalnym \u201ePo-mys\u0142\u201d, tomach \u201eKino i Refleksje Wsp\u00f3\u0142czesno\u015bci\u201d oraz wsp\u00f3\u0142pracy z gazetami festiwalowymi Ars Cameralis i \u201eRzeczywisto\u015b\u0107 Przedstawiona\u201d, otrzyma\u0142 propozycj\u0119 wsp\u00f3\u0142pracy z presti\u017cowym Instytutem Teatralnym im. Z. Raszewskiego w ramach projektu \u201eNowa Si\u0142a Krytyczna\u201d. Publikowa\u0142 m.in. w \u201eartPAPIERze\u201d, \u201eUltramarynie\u201d i \u201eGazecie Uniwersyteckiej U\u015a\u201d. Kontynuuj\u0105c publicystyczn\u0105 aktywno\u015b\u0107, opr\u00f3cz pracy jako recenzent, przygotowywa\u0142 relacj\u0119 z wydarze\u0144 teatralnych oraz naukowych dla portalu \u201ee-teatr.pl\u201d. Obecnie poza wsp\u00f3\u0142prac\u0105 z portalem \u201ee-teatr.pl\u201d w roli felietonisty, jest sta\u0142ym publicyst\u0105 \u201eKatowickiego Magazynu Kulturalnego KTW\u201d i realizuje projekty w ramach Instytucji Kultury Miasto Ogrod\u00f3w.<\/p>\n<p>Micha\u0142 Centkowski tak opisuje swoj\u0105 pasj\u0119: \u201eTeatr stanowi\u0105cy przestrze\u0144 dialogu, spotkania, dekonstrukcji konwencji, ci\u0105g\u0142ego zmagania si\u0119 z Gombrowiczowsk\u0105 g\u0119b\u0105. Za Heglem rzek\u0142bym, \u017ce ci\u0105g\u0142a i nieustanna praca na rzecz poszerzania przestrzeni wolno\u015bci, w\u0142a\u015bnie poprzez prac\u0119 na rzecz najwy\u017cszej jako\u015bci instytucji kultury, instytucji \u017cycia teatralnego. Animacja szeroko poj\u0119tego \u017cycia kulturalnego, ale tak\u017ce, co r\u00f3wnie wa\u017cne, praca na rzecz edukacji kulturalnej i artystycznej. Bo jak mawia Pawe\u0142 \u0141ysak, dyrektor Teatru Polskiego Bydgoszczy, \u201enikt do teatru nie przychodzi bezkarnie\u201d, ale te\u017c nie zawsze mo\u017cemy sobie pozwoli\u0107 na to, by widza teatralnego, czy w og\u00f3le odbiorc\u0119 kultury, pozostawi\u0107 samemu sobie. Dzi\u015b, w dobie informacyjnego chaosu idei, poj\u0119\u0107, poetyk, warto\u015bci, widz\u0119 siebie troch\u0119 w roli tego ponowoczesnego \u00abt\u0142umacza\u00bb. Z prac\u0105 publicysty nieod\u0142\u0105cznie wi\u0105\u017ce si\u0119 tak\u017ce swego rodzaju pasja, czy te\u017c dba\u0142o\u015b\u0107 (czasem mo\u017ce nawet przesadna) o doskonalenie stylu pisarskiego. Ostatecznie produkujemy, jak mawia\u0142 Allen, \u00abs\u0142owa i idee\u00bb\u201d.Z czas\u00f3w studenckich Micha\u0142 Centkowski najmilej wspomina rozmowy z dr Agnieszk\u0105 Nierack\u0105 o \u201e\u0141owcy Android\u00f3w\u201d, podr\u00f3\u017c do Transylwanii z prof. U\u015a dr hab. Dobros\u0142aw\u0105 W\u0119\u017cowicz-Zi\u00f3\u0142kowsk\u0105 i d\u0142ugie godziny sp\u0119dzone z przyjaci\u00f3\u0142mi w Hipnozie, przy\u2026 kawie.<\/p>\n<\/div>\r\n                    <\/div>\r\n                <\/div>[\/vc_column][\/vc_row]<\/p>","protected":false},"excerpt":{"rendered":"<p>[vc_row][vc_column][\/vc_column][\/vc_row] [&#8230;]<\/p>\n<p><a class=\"btn btn-secondary understrap-read-more-link\" href=\"https:\/\/us.edu.pl\/absolwent\/plebiscyt\/poprzednie-edycje\/i-edycja-plebiscytu-absolwent-z-pasja\/plebiscyt-absolwent-z-pasja-michal-centkowski-absolwentem-grudnia\/\">Read More&#8230;<\/a><\/p>\n","protected":false},"author":94,"featured_media":0,"parent":189,"menu_order":0,"comment_status":"closed","ping_status":"closed","template":"","meta":{"_expiration-date-status":"saved","_expiration-date":0,"_expiration-date-type":"","_expiration-date-categories":[],"_expiration-date-options":[]},"acf":[],"_links":{"self":[{"href":"https:\/\/us.edu.pl\/absolwent\/wp-json\/wp\/v2\/pages\/1512"}],"collection":[{"href":"https:\/\/us.edu.pl\/absolwent\/wp-json\/wp\/v2\/pages"}],"about":[{"href":"https:\/\/us.edu.pl\/absolwent\/wp-json\/wp\/v2\/types\/page"}],"author":[{"embeddable":true,"href":"https:\/\/us.edu.pl\/absolwent\/wp-json\/wp\/v2\/users\/94"}],"replies":[{"embeddable":true,"href":"https:\/\/us.edu.pl\/absolwent\/wp-json\/wp\/v2\/comments?post=1512"}],"version-history":[{"count":2,"href":"https:\/\/us.edu.pl\/absolwent\/wp-json\/wp\/v2\/pages\/1512\/revisions"}],"predecessor-version":[{"id":1514,"href":"https:\/\/us.edu.pl\/absolwent\/wp-json\/wp\/v2\/pages\/1512\/revisions\/1514"}],"up":[{"embeddable":true,"href":"https:\/\/us.edu.pl\/absolwent\/wp-json\/wp\/v2\/pages\/189"}],"wp:attachment":[{"href":"https:\/\/us.edu.pl\/absolwent\/wp-json\/wp\/v2\/media?parent=1512"}],"curies":[{"name":"wp","href":"https:\/\/api.w.org\/{rel}","templated":true}]}}