{"id":1522,"date":"2020-05-15T17:07:55","date_gmt":"2020-05-15T15:07:55","guid":{"rendered":"https:\/\/us.edu.pl\/absolwent\/?page_id=1522"},"modified":"2020-05-15T17:31:43","modified_gmt":"2020-05-15T15:31:43","slug":"plebiscyt-absolwent-z-pasja-maria-potoczek-absolwentem-lutego","status":"publish","type":"page","link":"https:\/\/us.edu.pl\/absolwent\/plebiscyt\/poprzednie-edycje\/i-edycja-plebiscytu-absolwent-z-pasja\/plebiscyt-absolwent-z-pasja-maria-potoczek-absolwentem-lutego\/","title":{"rendered":"Plebiscyt \u201eAbsolwent z Pasj\u0105\u201d \u2013 Maria Potoczek absolwentk\u0105 lutego"},"content":{"rendered":"<p>[vc_row][vc_column]\r\n                <div class=\"text-modules\">\r\n                    <div class=\"container\">\r\n                        <h3 class=\"page-title text__title\">Plebiscyt \u201eAbsolwent z Pasj\u0105\u201d \u2013 Maria Potoczek absolwentk\u0105 lutego<\/h3>\r\n                        <div class=\"text-modules__content\"><p>W ramach Plebiscytu \u201eAbsolwent z Pasj\u0105\u201d wybrano absolwentk\u0119 lutego, kt\u00f3r\u0105 zosta\u0142a Maria Potoczek, absolwentka Wydzia\u0142u Filologicznego Uniwersytetu \u015al\u0105skiego. Celem plebiscytu jest promowanie absolwent\u00f3w Uniwersytetu \u015al\u0105skiego, kt\u00f3rych wyr\u00f3\u017cniaj\u0105 niezwyk\u0142e pasje. Tytu\u0142 jest wyr\u00f3\u017cnieniem absolwenta za jego zainteresowania, kt\u00f3rym oddaje si\u0119 z pe\u0142nym zaanga\u017cowaniem, a tak\u017ce za aktywn\u0105, wyr\u00f3\u017cniaj\u0105c\u0105 si\u0119 i znacz\u0105c\u0105 dzia\u0142alno\u015b\u0107 spo\u0142eczn\u0105 oraz za osi\u0105gni\u0119cia indywidualne w zakresie dzia\u0142alno\u015bci kulturalnej, naukowej lub w sporcie. Do 15 marca 2013 r. przyjmowane b\u0119d\u0105 zg\u0142oszenia do tytu\u0142u absolwenta marca. Po wy\u0142onieniu ostatniego absolwenta miesi\u0105ca, jesieni\u0105 2013 r. uruchomione zostanie g\u0142osowanie online, w kt\u00f3rym sw\u00f3j g\u0142os b\u0119d\u0105 mogli odda\u0107 wszyscy cz\u0142onkowie spo\u0142eczno\u015bci akademickiej U\u015a. Na podstawie oddanych g\u0142os\u00f3w komisja plebiscytowa wyr\u00f3\u017cni jednego z absolwent\u00f3w tytu\u0142em \u201eAbsolwenta z Pasj\u0105\u201d.<\/p>\n<p>Maria Potoczek w 2000 roku uko\u0144czy\u0142a niestacjonarne studia magisterskie na kierunku kulturoznawstwo, specjalno\u015b\u0107: teatrologia.<\/p>\n<p>W 2001 roku zwi\u0105za\u0142a si\u0119 z Domem Kultury w Lipniku, gdzie jest instruktorem teatralnym. Pracuje tak\u017ce w Domu Kultury w Kamienicy. W 2011 r. za osi\u0105gni\u0119cia zawodowe zosta\u0142a wyr\u00f3\u017cniona presti\u017cow\u0105 nagrod\u0105 prezydenta Bielska-Bia\u0142ej z okazji Mi\u0119dzynarodowego Dnia Teatru.<\/p>\n<p>W centrum jej zainteresowa\u0144 zawsze znajduje si\u0119 cz\u0142owiek. Jej dzia\u0142alno\u015b\u0107 skupia si\u0119 na prowadzeniu grup teatralnych (tak\u017ce dla najm\u0142odszych dzieci i senior\u00f3w), z kt\u00f3rymi odnosi znacz\u0105ce sukcesy. W czasie podejmowanych wsp\u00f3lnie artystycznych inicjatyw, arty\u015bci-amatorzy, przy u\u017cyciu teatralnych \u015brodk\u00f3w, staraj\u0105 si\u0119 wyra\u017ca\u0107 swoje my\u015bli, pomys\u0142y, a cz\u0119sto tak\u017ce marzenia.<\/p>\n<p>Jednym z najciekawszych dokona\u0144 Marii Potoczek jest stworzenie Teatru Seniora \u201eDlaczego Nie?\u201d, kt\u00f3ry \u201ewyr\u00f3s\u0142 z ch\u0119ci tworzenia i oczekiwania od \u017cycia czego\u015b wi\u0119cej, ni\u017c chce da\u0107 nam szara rzeczywisto\u015b\u0107\u201d. Tworz\u0105 go ludzie w wieku emerytalnym, kt\u00f3rzy odnale\u017ali czas na realizacj\u0119 swoich teatralnych pasji. Wed\u0142ug instruktorki, uczestnikami spotka\u0144 Teatru \u201eDlaczego Nie?\u201d s\u0105 ludzie dojrzali, odwa\u017cni i szcz\u0119\u015bliwi.<\/p>\n<p>Wybrane osi\u0105gni\u0119cia Marii Potoczek:<\/p>\n<p><strong><u>Grupa Teatralna \u201eP jak Psikus\u201d, Dom Kultury w Kamienicy<\/u><\/strong><\/p>\n<ul>\n<li><strong>\u201eCzarownica z szafy na szczotki\u201d<\/strong>\u00a0(I miejsce, Miniatury Teatralne w Buczkowicach; II miejsce, Szkolne Igraszki Teatralne w DK w Kamienicy; II miejsce, Bielskie Spotkania Teatralne w Kamienicy)<\/li>\n<li><strong>\u201eWr\u00f3\u017cka z kranu\u201d\u00a0<\/strong>(I miejsce, Miniatury Teatralne w Buczkowicach; II miejsce, Igraszki Teatralne w DK w Kamienicy; II miejsce, Bielskie Spotkania Teatralne)<\/li>\n<li><strong>\u201eNa Arce o \u00f3smej\u201d\u00a0<\/strong>(III miejsce, Szkolne Igraszki Teatralne w DK w Kamienicy; II miejsce, Bielskie Spotkania Teatralne w DK w Kamienicy; Nagroda Specjalna Spotkania z Teatrem w Zawierciu)<\/li>\n<li><strong>\u201eAksamitka c\u00f3rka diab\u0142a\u201d\u00a0<\/strong>(II miejsce, Igraszki Teatralne w DK w Kamienicy; Z\u0142ota Kurtyna, Bielskie Spotkania Teatralne)<\/li>\n<\/ul>\n<p><strong><u>Grupa Teatralna \u201eZ Dostawk\u0105\u201d, Dom Kultury w Lipniku<\/u><\/strong><\/p>\n<ul>\n<li><strong>\u201eInne Kacz\u0105tko\u201d\u00a0<\/strong>(Z\u0142ota Kurtyna, Bielskie Spotkania Teatralne 2011; wyr\u00f3\u017cnienie w Wodzis\u0142awiu \u015al\u0105skim podczas Festiwalu Laboratorium M\u0142odego Aktora 2011; III miejsce na festiwalu Kocio\u0142 Teatralny w Andrychowie 2011)<\/li>\n<li><strong>Spektakl \u201ePr\u0119cik\u201d\u00a0<\/strong>(Grand Prix podczas Festiwalu Bielskie Spotkania Teatralne 2012; I miejsce Laboratorium M\u0142odego Aktora 2012 Wodzis\u0142aw \u015al\u0105ski; Laureat Teatralnej Mapy Bielska)<\/li>\n<\/ul>\n<p><strong><u>Grupa Teatralna \u201eParadox\u201d, Dom Kultury w Kamienicy<\/u><\/strong><\/p>\n<ul>\n<li><strong>\u201ePi\u0119\u0107 minut\u201d\u00a0<\/strong>(I miejsce, Igraszki Teatralne w DK Kamienica, wyr\u00f3\u017cnienie na Bielskich Spotkaniach Teatralnych)<\/li>\n<li>\u201e<strong>\u00a0Jak jest<\/strong>\u201d (wyr\u00f3\u017cnienie, Igraszki Teatralne w DK Kamienica; II miejsce, Bielskie Spotkania Teatralne w DK w Kamienicy)<\/li>\n<\/ul>\n<p><strong><u>Grupa Teatralna \u201eIntacto\u201d, Dom Kultury w Lipniku<\/u><\/strong><\/p>\n<ul>\n<li><strong>\u201eFiglarna telewizja\u201d<\/strong>\u00a0 (wyr\u00f3\u017cnienie, Miniatury Teatralne w Buczkowicach; II miejsce, Spotkania z Melpomen\u0105 w Radlinie; Z\u0142ota Kurtyna, Bielskie Spotkania Teatralne)<\/li>\n<\/ul>\n<p><strong><u>Grupa Teatralna \u201eNiewypa\u0142ek\u201d, Dom Kultury w Lipniku<\/u><\/strong><\/p>\n<ul>\n<li>Liczne premiery bajkowe, tzw. akcja\u00a0<strong>\u201eDzieci Dzieciom\u201d: \u201e\u015api\u0105ca Kr\u00f3lewna\u201d, \u201eKopciuszek\u201d, \u201ePinokio\u201d, \u201eCzerwony Kapturek\u201d, \u201eCalineczka\u201d<\/strong>,<\/li>\n<li><strong>\u201eSprzedawca klaps\u00f3w\u201d<\/strong>\u00a0(I miejsce, Miniatury Teatralne w Buczkowicach)<\/li>\n<li><strong>\u201eW sprawie og\u0142oszenia\u201d\u00a0<\/strong>(I miejsce, Miniatury Teatralne w Buczkowicach)<\/li>\n<li><strong>\u201eJa\u015b i Ma\u0142gosia\u201d\u00a0<\/strong>(II miejsce, Igraszki Teatralne 2012)<\/li>\n<\/ul>\n<p><strong><u>Teatrzyk B\u0119c Na Scenie (grupa najm\u0142odsza)<\/u><\/strong><\/p>\n<ul>\n<li>\u00a0<strong>\u201eZakochana Kotka FIU-FIU\u201d<\/strong>\u00a0(II miejsce, Miniatury Teatralne w Buczkowicach 2010)<\/li>\n<\/ul>\n<p><strong><u>Teatr Seniora \u201eDlaczego Nie?\u201d, Dom Kultury w Lipniku<\/u><\/strong><\/p>\n<ul>\n<li>Cykliczne Spotkania: Scena Miniatur Teatralnych<\/li>\n<li>Realizacja spektakli:\u00a0<strong>\u201eO\u015bwiadczyny\u201d, \u201eO\u017cenek\u201d, \u201eOskar\u017ceni maj\u0105 g\u0142os\u201d, \u201eZbrodnia i kara\u201d, \u201eRomeo i Julia ma emeryturze\u201d<\/strong>\u00a0(trasa m.in. po Domach Opieki Spo\u0142ecznej)<\/li>\n<\/ul>\n<p>\n<\/div>\r\n                    <\/div>\r\n                <\/div>[\/vc_column][\/vc_row]<\/p>","protected":false},"excerpt":{"rendered":"<p>[vc_row][vc_column][\/vc_column][\/vc_row] [&#8230;]<\/p>\n<p><a class=\"btn btn-secondary understrap-read-more-link\" href=\"https:\/\/us.edu.pl\/absolwent\/plebiscyt\/poprzednie-edycje\/i-edycja-plebiscytu-absolwent-z-pasja\/plebiscyt-absolwent-z-pasja-maria-potoczek-absolwentem-lutego\/\">Read More&#8230;<\/a><\/p>\n","protected":false},"author":94,"featured_media":0,"parent":189,"menu_order":0,"comment_status":"closed","ping_status":"closed","template":"","meta":{"_expiration-date-status":"saved","_expiration-date":0,"_expiration-date-type":"","_expiration-date-categories":[],"_expiration-date-options":[]},"acf":[],"_links":{"self":[{"href":"https:\/\/us.edu.pl\/absolwent\/wp-json\/wp\/v2\/pages\/1522"}],"collection":[{"href":"https:\/\/us.edu.pl\/absolwent\/wp-json\/wp\/v2\/pages"}],"about":[{"href":"https:\/\/us.edu.pl\/absolwent\/wp-json\/wp\/v2\/types\/page"}],"author":[{"embeddable":true,"href":"https:\/\/us.edu.pl\/absolwent\/wp-json\/wp\/v2\/users\/94"}],"replies":[{"embeddable":true,"href":"https:\/\/us.edu.pl\/absolwent\/wp-json\/wp\/v2\/comments?post=1522"}],"version-history":[{"count":2,"href":"https:\/\/us.edu.pl\/absolwent\/wp-json\/wp\/v2\/pages\/1522\/revisions"}],"predecessor-version":[{"id":1533,"href":"https:\/\/us.edu.pl\/absolwent\/wp-json\/wp\/v2\/pages\/1522\/revisions\/1533"}],"up":[{"embeddable":true,"href":"https:\/\/us.edu.pl\/absolwent\/wp-json\/wp\/v2\/pages\/189"}],"wp:attachment":[{"href":"https:\/\/us.edu.pl\/absolwent\/wp-json\/wp\/v2\/media?parent=1522"}],"curies":[{"name":"wp","href":"https:\/\/api.w.org\/{rel}","templated":true}]}}